{"id":8553,"date":"2025-11-05T13:55:41","date_gmt":"2025-11-05T12:55:41","guid":{"rendered":"http:\/\/ensak.usms.ac.ma\/ensak\/?page_id=8553"},"modified":"2025-12-22T10:46:01","modified_gmt":"2025-12-22T09:46:01","slug":"professeurs-ensak-2","status":"publish","type":"page","link":"http:\/\/ensak.usms.ac.ma\/ensak\/professeurs-ensak-2\/","title":{"rendered":"Professeurs-ENSAK"},"content":{"rendered":"<div id=\"pl-8553\"  class=\"panel-layout\" ><div id=\"pg-8553-0\"  class=\"panel-grid panel-has-style\" ><div class=\"container panel-row-style panel-row-style-for-8553-0\" ><div id=\"pgc-8553-0-0\"  class=\"panel-grid-cell\" ><div id=\"panel-8553-0-0-0\" class=\"so-panel widget widget_text panel-first-child panel-last-child\" data-index=\"0\" ><div class=\"panel-widget-style panel-widget-style-for-8553-0-0-0\" >\t\t\t<div class=\"textwidget\"><div class=\"prof-card-container\">\n<div class=\"prof-card\">\n<div class=\"prof-info\">\n<h2>Abderrahim BOUKHLET<\/h2>\n<p>      <strong>Email:<\/strong> a.boukhlet@usms.ma<br \/>\n      <strong>D\u00e9partement:<\/strong> Anglais\n    <\/div>\n<\/p><\/div>\n<div class=\"prof-card\">\n<div class=\"prof-info\">\n<h2>Khadija      CHOUKAIRY<\/h2>\n<p>      <strong>Email:<\/strong> khadija.choukairy@usms.ac.ma<br \/>\n      <strong>D\u00e9partement:<\/strong> G\u00e9nie des Proc\u00e9d\u00e9s\n    <\/div>\n<\/p><\/div>\n<div class=\"prof-card\">\n<div class=\"prof-info\">\n<h2>Noureddine EL BARBRI<\/h2>\n<p>      <strong>Email:<\/strong> n.elbarbri@usms.ma<br \/>\n      <strong>D\u00e9partement:<\/strong> G\u00e9nie \u00c9lectrique\n    <\/div>\n<\/p><\/div>\n<div class=\"prof-card\">\n<div class=\"prof-info\">\n<h2>Khalid EL GHOLAMI<\/h2>\n<p>      <strong>Email:<\/strong> k.elgholami@usms.ma<br \/>\n      <strong>D\u00e9partement:<\/strong> Cybers\u00e9curit\u00e9 R\u00e9seaux et T\u00e9l\u00e9coms\n    <\/div>\n<\/p><\/div>\n<div class=\"prof-card\">\n<div class=\"prof-info\">\n<h2>Youssef EL HADFI<\/h2>\n<p>      <strong>Email:<\/strong> y.elhadfi@usms.ma<br \/>\n      <strong>D\u00e9partement:<\/strong> Math\u00e9matiques et Informatique\n    <\/div>\n<\/p><\/div>\n<div class=\"prof-card\">\n<div class=\"prof-info\">\n<h2>Salah TOUIL<\/h2>\n<p>      <strong>Email:<\/strong> s.touil@usms.ma<br \/>\n      <strong>D\u00e9partement:<\/strong> G\u00e9nie des Proc\u00e9d\u00e9s\n    <\/div>\n<\/p><\/div>\n<div class=\"prof-card\">\n<div class=\"prof-info\">\n<h2>Nadia IDRISSI FATMI<\/h2>\n<p>      <strong>Email:<\/strong> n.idrissifatmi@usms.ma<br \/>\n      <strong>D\u00e9partement:<\/strong> Math\u00e9matiqes et Informatique\n    <\/div>\n<\/p><\/div>\n<div class=\"prof-card\">\n<div class=\"prof-info\">\n<h2>Mohamed MASSOUR EL AOUD<\/h2>\n<p>      <strong>Email:<\/strong> massour@usms.ma<br \/>\n      <strong>D\u00e9partement:<\/strong> G\u00e9nie \u00c9lectrique\n    <\/div>\n<\/p><\/div>\n<div class=\"prof-card\">\n<div class=\"prof-info\">\n<h2>Karim RHOFIR<\/h2>\n<p>      <strong>Email:<\/strong> k.rhofir@usms.ma<br \/>\n      <strong>D\u00e9partement:<\/strong> G\u00e9nie \u00c9lectrique\n    <\/div>\n<\/p><\/div>\n<div class=\"prof-card\">\n<div class=\"prof-info\">\n<h2>Imade Fahd Eddine FATANI<\/h2>\n<p>      <strong>Email:<\/strong> i.fatani@usms.ma<br \/>\n      <strong>D\u00e9partement:<\/strong> Cybers\u00e9curit\u00e9 R\u00e9seaux et T\u00e9l\u00e9coms\n    <\/div>\n<\/p><\/div>\n<div class=\"prof-card\">\n<div class=\"prof-info\">\n<h2>Noureddine ABOUTABIT<\/h2>\n<p>      <strong>Email:<\/strong> n.aboutabit@usms.ma<br \/>\n      <strong>D\u00e9partement:<\/strong> Cybers\u00e9curit\u00e9 R\u00e9seaux et T\u00e9l\u00e9coms\n    <\/div>\n<\/p><\/div>\n<div class=\"prof-card\">\n<div class=\"prof-info\">\n<h2>Omar ELBANNAY<\/h2>\n<p>      <strong>Email:<\/strong> o.elbannay@usms.ma<br \/>\n      <strong>D\u00e9partement:<\/strong> Math\u00e9matiques et Informatique\n    <\/div>\n<\/p><\/div>\n<div class=\"prof-card\">\n<div class=\"prof-info\">\n<h2>KHALLAKI Kaoutar<\/h2>\n<p>      <strong>Email:<\/strong> k.khallaki@usms.ma<br \/>\n      <strong>D\u00e9partement:<\/strong> G\u00e9nie des Proc\u00e9d\u00e9s\n    <\/div>\n<\/p><\/div>\n<div class=\"prof-card\">\n<div class=\"prof-info\">\n<h2>ABID Aziza<\/h2>\n<p>      <strong>Email:<\/strong> a.abid@usms.ma<br \/>\n      <strong>D\u00e9partement:<\/strong> G\u00e9nie des Proc\u00e9d\u00e9s\n    <\/div>\n<\/p><\/div>\n<div class=\"prof-card\">\n<div class=\"prof-info\">\n<h2>Wail ELBAZI<\/h2>\n<p>      <strong>Email:<\/strong> w.elbazi@usms.ma<br \/>\n      <strong>D\u00e9partement:<\/strong> G\u00e9nie des Proc\u00e9d\u00e9s\n    <\/div>\n<\/p><\/div>\n<div class=\"prof-card\">\n<div class=\"prof-info\">\n<h2>Amine AMHARECH<\/h2>\n<p>      <strong>Email:<\/strong> a.amharech@usms.ma<br \/>\n      <strong>D\u00e9partement:<\/strong> G\u00e9nie \u00c9lectrique\n    <\/div>\n<\/p><\/div>\n<div class=\"prof-card\">\n<div class=\"prof-info\">\n<h2>Aziz IFZARNE<\/h2>\n<p>      <strong>Email:<\/strong> a.ifzarne@usms.ma<br \/>\n      <strong>D\u00e9partement:<\/strong> Math\u00e9matiques et Informatique\n    <\/div>\n<\/p><\/div>\n<div class=\"prof-card\">\n<div class=\"prof-info\">\n<h2>Soufyane MOUNIR<\/h2>\n<p>      <strong>Email:<\/strong> m.soufyane@usms.ma<br \/>\n      <strong>D\u00e9partement:<\/strong> Cybers\u00e9curit\u00e9 R\u00e9seaux et T\u00e9l\u00e9coms\n    <\/div>\n<\/p><\/div>\n<div class=\"prof-card\">\n<div class=\"prof-info\">\n<h2>Mostafa SAADI<\/h2>\n<p>      <strong>Email:<\/strong> m.saadi@usms.ma<br \/>\n      <strong>D\u00e9partement:<\/strong> Math\u00e9matiques et Informatique\n    <\/div>\n<\/p><\/div>\n<div class=\"prof-card\">\n<div class=\"prof-info\">\n<h2>Abdesslam LOKRITI<\/h2>\n<p>      <strong>Email:<\/strong> a.lokriti@usms.ma<br \/>\n      <strong>D\u00e9partement:<\/strong> G\u00e9nie \u00c9lectrique\n    <\/div>\n<\/p><\/div>\n<div class=\"prof-card\">\n<div class=\"prof-info\">\n<h2>Noreddine GHERABI<\/h2>\n<p>      <strong>Email:<\/strong> n.gherabi@usms.ma<br \/>\n      <strong>D\u00e9partement:<\/strong> Math\u00e9matiques et Informatique\n    <\/div>\n<\/p><\/div>\n<div class=\"prof-card\">\n<div class=\"prof-info\">\n<h2>Salah KHAMLICH<\/h2>\n<p>      <strong>Email:<\/strong> s.khamlich@usms.ma<br \/>\n      <strong>D\u00e9partement:<\/strong> G\u00e9nie \u00c9lectrique\n    <\/div>\n<\/p><\/div>\n<div class=\"prof-card\">\n<div class=\"prof-info\">\n<h2>Mohammed JERRADI<\/h2>\n<p>      <strong>Email:<\/strong> m.jerradi@usms.ma<br \/>\n      <strong>D\u00e9partement:<\/strong> -\n    <\/div>\n<\/p><\/div>\n<div class=\"prof-card\">\n<div class=\"prof-info\">\n<h2>Abdelghani GHAZDALI<\/h2>\n<p>      <strong>Email:<\/strong> a.ghazdali@usms.ma<br \/>\n      <strong>D\u00e9partement:<\/strong> Math\u00e9matiques et Informatique\n    <\/div>\n<\/p><\/div>\n<div class=\"prof-card\">\n<div class=\"prof-info\">\n<h2>Lhachmi KHAMAR<\/h2>\n<p>      <strong>Email:<\/strong> l.khamar@usms.ma<br \/>\n      <strong>D\u00e9partement:<\/strong> G\u00e9nie des Proc\u00e9d\u00e9s\n    <\/div>\n<\/p><\/div>\n<div class=\"prof-card\">\n<div class=\"prof-info\">\n<h2>Abdelmajid DARGHAM<\/h2>\n<p>      <strong>Email:<\/strong> a.dargham@usms.ma<br \/>\n      <strong>D\u00e9partement:<\/strong> Math\u00e9matiques et Informatique\n    <\/div>\n<\/p><\/div>\n<div class=\"prof-card\">\n<div class=\"prof-info\">\n<h2>Imad HAFIDI<\/h2>\n<p>      <strong>Email:<\/strong> i.hafidi@usms.ma<br \/>\n      <strong>D\u00e9partement:<\/strong> Math\u00e9matiques et Informatique\n    <\/div>\n<\/p><\/div>\n<div class=\"prof-card\">\n<div class=\"prof-info\">\n<h2>Mohamed NASRI<\/h2>\n<p>      <strong>Email:<\/strong> m.nasri@usms.ma<br \/>\n      <strong>D\u00e9partement:<\/strong> Math\u00e9matiques et Informatique\n    <\/div>\n<\/p><\/div>\n<div class=\"prof-card\">\n<div class=\"prof-info\">\n<h2>Kamal MAAIDAR<\/h2>\n<p>      <strong>Email:<\/strong> k.maaidar@usms.ma<br \/>\n      <strong>D\u00e9partement:<\/strong> G\u00e9nie \u00c9lectrique\n    <\/div>\n<\/p><\/div>\n<div class=\"prof-card\">\n<div class=\"prof-info\">\n<h2>Abderrahim AZOUANI<\/h2>\n<p>      <strong>Email:<\/strong> a.azouani@usms.ma<br \/>\n      <strong>D\u00e9partement:<\/strong> Math\u00e9matiques et Informatique\n    <\/div>\n<\/p><\/div>\n<div class=\"prof-card\">\n<div class=\"prof-info\">\n<h2>Mohamed BENDAOUD<\/h2>\n<p>      <strong>Email:<\/strong> m.bendaoud@usms.ma<br \/>\n      <strong>D\u00e9partement:<\/strong> G\u00e9nie \u00c9lectrique\n    <\/div>\n<\/p><\/div>\n<div class=\"prof-card\">\n<div class=\"prof-info\">\n<h2>Khalid CHIKH<\/h2>\n<p>      <strong>Email:<\/strong> k.chikh@usms.ma<br \/>\n      <strong>D\u00e9partement:<\/strong> G\u00e9nie \u00c9lectrique\n    <\/div>\n<\/p><\/div>\n<div class=\"prof-card\">\n<div class=\"prof-info\">\n<h2>Nassima SOUSSI<\/h2>\n<p>      <strong>Email:<\/strong> n.soussi@usms.ma<br \/>\n      <strong>D\u00e9partement:<\/strong> Math\u00e9matiques et Informatique\n    <\/div>\n<\/p><\/div>\n<div class=\"prof-card\">\n<div class=\"prof-info\">\n<h2>Nidal LAMGHARI<\/h2>\n<p>      <strong>Email:<\/strong> n.lamghari@usms.ma<br \/>\n      <strong>D\u00e9partement:<\/strong> Math\u00e9matiques et Informatique\n    <\/div>\n<\/p><\/div>\n<div class=\"prof-card\">\n<div class=\"prof-info\">\n<h2>Ismail ERRACHID<\/h2>\n<p>      <strong>Email:<\/strong> i.errachid@usms.ma<br \/>\n      <strong>D\u00e9partement:<\/strong> G\u00e9nie \u00c9lectrique\n    <\/div>\n<\/p><\/div>\n<div class=\"prof-card\">\n<div class=\"prof-info\">\n<h2>Hamza KHALFI<\/h2>\n<p>      <strong>Email:<\/strong> hamza.khalfi@usms.ac.ma<br \/>\n      <strong>D\u00e9partement:<\/strong> Math\u00e9matiques et Informatique\n    <\/div>\n<\/p><\/div>\n<div class=\"prof-card\">\n<div class=\"prof-info\">\n<h2>Yassine MALEH<\/h2>\n<p>      <strong>Email:<\/strong> y.maleh@usms.ma<br \/>\n      <strong>D\u00e9partement:<\/strong> Cybers\u00e9curit\u00e9 R\u00e9seaux et T\u00e9l\u00e9coms\n    <\/div>\n<\/p><\/div>\n<div class=\"prof-card\">\n<div class=\"prof-info\">\n<h2>Hssain BIH<\/h2>\n<p>      <strong>Email:<\/strong> h.bih@usms.ma<br \/>\n      <strong>D\u00e9partement:<\/strong> G\u00e9nie des Proc\u00e9d\u00e9s\n    <\/div>\n<\/p><\/div>\n<div class=\"prof-card\">\n<div class=\"prof-info\">\n<h2>Mohamed ER-RATBY<\/h2>\n<p>      <strong>Email:<\/strong> m.erratby@usms.ma<br \/>\n      <strong>D\u00e9partement:<\/strong> -\n    <\/div>\n<\/p><\/div>\n<div class=\"prof-card\">\n<div class=\"prof-info\">\n<h2>Imane ABOULKHEIR<\/h2>\n<p>      <strong>Email:<\/strong> i.aboulkheir@usms.ma<br \/>\n      <strong>D\u00e9partement:<\/strong> Math\u00e9matiques et Informatique\n    <\/div>\n<\/p><\/div>\n<div class=\"prof-card\">\n<div class=\"prof-info\">\n<h2>Imane AHDIL<\/h2>\n<p>      <strong>Email:<\/strong> i.ahdil@usms.ma<br \/>\n      <strong>D\u00e9partement:<\/strong> -\n    <\/div>\n<\/p><\/div>\n<div class=\"prof-card\">\n<div class=\"prof-info\">\n<h2>Yasser ROCHD<\/h2>\n<p>      <strong>Email:<\/strong> y.rochd@usms.ma<br \/>\n      <strong>D\u00e9partement:<\/strong> Math\u00e9matiques et Informatique\n    <\/div>\n<\/p><\/div>\n<div class=\"prof-card\">\n<div class=\"prof-info\">\n<h2>Kamal TABIT<\/h2>\n<p>      <strong>Email:<\/strong> k.tabit@usms.ma<br \/>\n      <strong>D\u00e9partement:<\/strong> G\u00e9nie des Proc\u00e9d\u00e9s\n    <\/div>\n<\/p><\/div>\n<div class=\"prof-card\">\n<div class=\"prof-info\">\n<h2>Fatima Zahra ENNAJI<\/h2>\n<p>      <strong>Email:<\/strong> f.ennaji@usms.ma<br \/>\n      <strong>D\u00e9partement:<\/strong> Math\u00e9matiques et Informatique\n    <\/div>\n<\/p><\/div>\n<div class=\"prof-card\">\n<div class=\"prof-info\">\n<h2>Mohamed TAHIRI<\/h2>\n<p>      <strong>Email:<\/strong> m.tahiri@usms.ma<br \/>\n      <strong>D\u00e9partement:<\/strong> G\u00e9nie des Proc\u00e9d\u00e9s\n    <\/div>\n<\/p><\/div>\n<div class=\"prof-card\">\n<div class=\"prof-info\">\n<h2>Rabii EL MAANI<\/h2>\n<p>      <strong>Email:<\/strong> r.elmaani@usms.ma<br \/>\n      <strong>D\u00e9partement:<\/strong> G\u00e9nie des Proc\u00e9d\u00e9s\n    <\/div>\n<\/p><\/div>\n<div class=\"prof-card\">\n<div class=\"prof-info\">\n<h2>Mohamed AGHRICHE<\/h2>\n<p>      <strong>Email:<\/strong> m.aghriche@usms.ma<br \/>\n      <strong>D\u00e9partement:<\/strong> Math\u00e9matiques et Informatique\n    <\/div>\n<\/p><\/div>\n<div class=\"prof-card\">\n<div class=\"prof-info\">\n<h2>Hatim AMZIANE<\/h2>\n<p>      <strong>Email:<\/strong> h.ameziane@usms.ma<br \/>\n      <strong>D\u00e9partement:<\/strong> G\u00e9nie \u00c9lectrique\n    <\/div>\n<\/p><\/div>\n<div class=\"prof-card\">\n<div class=\"prof-info\">\n<h2>Amine LAGHRIB<\/h2>\n<p>      <strong>Email:<\/strong> a.laghrib@usms.ma<br \/>\n      <strong>D\u00e9partement:<\/strong> Math\u00e9matiques et Informatique\n    <\/div>\n<\/p><\/div>\n<div class=\"prof-card\">\n<div class=\"prof-info\">\n<h2>Amal OURDOU<\/h2>\n<p>      <strong>Email:<\/strong> a.ourdou@usms.ma<br \/>\n      <strong>D\u00e9partement:<\/strong> Math\u00e9matiques et Informatique\n    <\/div>\n<\/p><\/div>\n<div class=\"prof-card\">\n<div class=\"prof-info\">\n<h2>Hind IDRISSI<\/h2>\n<p>      <strong>Email:<\/strong> h.idrissi@usms.ma<br \/>\n      <strong>D\u00e9partement:<\/strong> Cybers\u00e9curit\u00e9 R\u00e9seaux et T\u00e9l\u00e9coms\n    <\/div>\n<\/p><\/div>\n<div class=\"prof-card\">\n<div class=\"prof-info\">\n<h2>Bouchra KAROUM<\/h2>\n<p>      <strong>Email:<\/strong> b.karoum@usms.ma<br \/>\n      <strong>D\u00e9partement:<\/strong> Math\u00e9matiques et Informatique\n    <\/div>\n<\/p><\/div>\n<div class=\"prof-card\">\n<div class=\"prof-info\">\n<h2>Sofia BELKHALA<\/h2>\n<p>      <strong>Email:<\/strong> s.belkhala@usms.ma<br \/>\n      <strong>D\u00e9partement:<\/strong> Cybers\u00e9curit\u00e9 R\u00e9seaux et T\u00e9l\u00e9coms\n    <\/div>\n<\/p><\/div>\n<div class=\"prof-card\">\n<div class=\"prof-info\">\n<h2>Chawki ELBALMANY<\/h2>\n<p>      <strong>Email:<\/strong> c.elbalmany@usms.ma<br \/>\n      <strong>D\u00e9partement:<\/strong> Cybers\u00e9curit\u00e9 R\u00e9seaux et T\u00e9l\u00e9coms\n    <\/div>\n<\/p><\/div>\n<div class=\"prof-card\">\n<div class=\"prof-info\">\n<h2>Moad HAKIM<\/h2>\n<p>      <strong>Email:<\/strong> m.hakim@usms.ma<br \/>\n      <strong>D\u00e9partement:<\/strong> Math\u00e9matiques et Informatique\n    <\/div>\n<\/p><\/div>\n<div class=\"prof-card\">\n<div class=\"prof-info\">\n<h2>Soufiane LYAQUINI<\/h2>\n<p>      <strong>Email:<\/strong> s.lyaquini@usms.ma<br \/>\n      <strong>D\u00e9partement:<\/strong> Math\u00e9matiques et Informatique\n<\/div>\n<\/p><\/div>\n<div class=\"prof-card\">\n<div class=\"prof-info\">\n<h2>Imane El MALKI<\/h2>\n<p>      <strong>Email:<\/strong> .elmalki@usms.ma<br \/>\n      <strong>D\u00e9partement:<\/strong> Math\u00e9matiques et Informatique\n    <\/div>\n<\/p><\/div>\n<div class=\"prof-card\">\n<div class=\"prof-info\">\n<h2>Ali Amkor<\/h2>\n<p>      <strong>Email:<\/strong> a.amkor@usms.ma<br \/>\n      <strong>D\u00e9partement:<\/strong> G\u00e9nie \u00c9lectrique\n    <\/div>\n<\/p><\/div>\n<div class=\"prof-card\">\n<div class=\"prof-info\">\n<h2>Sara BAGHDADI<\/h2>\n<p>      <strong>Email:<\/strong> s.baghdadi@usms.ma<br \/>\n      <strong>D\u00e9partement:<\/strong> Math\u00e9matiques et Informatique\n    <\/div>\n<\/p><\/div>\n<div class=\"prof-card\">\n<div class=\"prof-info\">\n<h2>Hajar BAGHDADI<\/h2>\n<p>      <strong>Email:<\/strong> b.baghadadi@usms.ma<br \/>\n      <strong>D\u00e9partement:<\/strong> G\u00e9nie \u00c9lectrique\n    <\/div>\n<\/p><\/div>\n<div class=\"prof-card\">\n<div class=\"prof-info\">\n<h2>Alae ELABED<\/h2>\n<p>      <strong>Email:<\/strong> a.elabed@usms.ma<br \/>\n      <strong>D\u00e9partement:<\/strong> G\u00e9nie des Proc\u00e9d\u00e9s\n    <\/div>\n<\/p><\/div>\n<div class=\"prof-card\">\n<div class=\"prof-info\">\n<h2>Jihane JEBRANE<\/h2>\n<p>      <strong>Email:<\/strong> j.jebrane@usms.ma<br \/>\n      <strong>D\u00e9partement:<\/strong> Cybers\u00e9curit\u00e9 R\u00e9seaux et T\u00e9l\u00e9coms\n    <\/div>\n<\/p><\/div>\n<div class=\"prof-card\">\n<div class=\"prof-info\">\n<h2>Younes ERROUAS<\/h2>\n<p>      <strong>Email:<\/strong> y.errouas@usms.ma<br \/>\n      <strong>D\u00e9partement:<\/strong> Cybers\u00e9curit\u00e9 R\u00e9seaux et T\u00e9l\u00e9coms\n    <\/div>\n<\/p><\/div>\n<div class=\"prof-card\">\n<div class=\"prof-info\">\n<h2>Najat TISSIR<\/h2>\n<p>      <strong>Email:<\/strong> n.tissir@usms.ma<br \/>\n      <strong>D\u00e9partement:<\/strong> Math\u00e9matiques et Informatique\n    <\/div>\n<\/p><\/div>\n<div class=\"prof-card\">\n<div class=\"prof-info\">\n<h2>Mourad JABRANE<\/h2>\n<p>      <strong>Email:<\/strong> mourade.jabrane@usms.ma<br \/>\n      <strong>D\u00e9partement:<\/strong> Math\u00e9matiques et Informatique\n    <\/div>\n<\/p><\/div>\n<\/div>\n<style>\n.prof-card-container {\n  display: grid;\n  grid-template-columns: repeat(auto-fill, minmax(280px, 1fr));\n  gap: 20px;\n  margin: 20px 0;\n}<\/p>\n<p>.prof-card {\n  display: flex;\n  align-items: center;\n  background: #fff;\n  border: 1px solid #ddd;\n  border-radius: 10px;\n  padding: 15px;\n  box-shadow: 0 2px 5px rgba(0, 0, 0, 0.1);\n  transition: transform 0.2s, box-shadow 0.2s;\n}<\/p>\n<p>.prof-card:hover {\n  transform: translateY(-5px);\n  box-shadow: 0 4px 10px rgba(0, 0, 0, 0.15);\n}<\/p>\n<p>.prof-photo {\n  width: 80px;\n  height: 80px;\n  border-radius: 8px;\n  margin-right: 15px;\n  object-fit: cover;\n  background: #f0f0f0;\n}<\/p>\n<p>.prof-info {\n  flex-grow: 1;\n  line-height: 1.4;\n}<\/p>\n<p>.prof-info h2 {\n  color: #003366;\n  font-size: 18px;\n  margin: 0 0 8px;\n}<\/p>\n<p>.prof-info strong {\n  color: #333;\n}<\/p>\n<p>@media (max-width: 600px) {\n  .prof-card {\n    flex-direction: column;\n    text-align: center;\n  }<\/p>\n<p>  .prof-photo {\n    margin-right: 0;\n    margin-bottom: 10px;\n  }\n}\n<\/style>\n<\/div>\n\t\t<\/div><\/div><\/div><\/div><\/div><\/div>","protected":false},"excerpt":{"rendered":"<p>Abderrahim BOUKHLET Email: a.boukhlet@usms.ma D\u00e9partement: Anglais Khadija CHOUKAIRY Email: khadija.choukairy@usms.ac.ma D\u00e9partement: G\u00e9nie des Proc\u00e9d\u00e9s Noureddine EL BARBRI Email: n.elbarbri@usms.ma D\u00e9partement: G\u00e9nie \u00c9lectrique Khalid EL GHOLAMI Email: k.elgholami@usms.ma D\u00e9partement: Cybers\u00e9curit\u00e9 R\u00e9seaux et T\u00e9l\u00e9coms Youssef EL HADFI Email: y.elhadfi@usms.ma D\u00e9partement: Math\u00e9matiques et Informatique Salah TOUIL Email: s.touil@usms.ma D\u00e9partement: G\u00e9nie des Proc\u00e9d\u00e9s Nadia IDRISSI FATMI Email: n.idrissifatmi@usms.ma D\u00e9partement: [&hellip;]<\/p>\n","protected":false},"author":1606,"featured_media":0,"parent":0,"menu_order":0,"comment_status":"closed","ping_status":"closed","template":"page-templates\/tpl-fullwidth.php","meta":{"ngg_post_thumbnail":0,"cybocfi_hide_featured_image":""},"acf":[],"_links":{"self":[{"href":"http:\/\/ensak.usms.ac.ma\/ensak\/wp-json\/wp\/v2\/pages\/8553"}],"collection":[{"href":"http:\/\/ensak.usms.ac.ma\/ensak\/wp-json\/wp\/v2\/pages"}],"about":[{"href":"http:\/\/ensak.usms.ac.ma\/ensak\/wp-json\/wp\/v2\/types\/page"}],"author":[{"embeddable":true,"href":"http:\/\/ensak.usms.ac.ma\/ensak\/wp-json\/wp\/v2\/users\/1606"}],"replies":[{"embeddable":true,"href":"http:\/\/ensak.usms.ac.ma\/ensak\/wp-json\/wp\/v2\/comments?post=8553"}],"version-history":[{"count":42,"href":"http:\/\/ensak.usms.ac.ma\/ensak\/wp-json\/wp\/v2\/pages\/8553\/revisions"}],"predecessor-version":[{"id":8764,"href":"http:\/\/ensak.usms.ac.ma\/ensak\/wp-json\/wp\/v2\/pages\/8553\/revisions\/8764"}],"wp:attachment":[{"href":"http:\/\/ensak.usms.ac.ma\/ensak\/wp-json\/wp\/v2\/media?parent=8553"}],"curies":[{"name":"wp","href":"https:\/\/api.w.org\/{rel}","templated":true}]}}