{"id":6251,"date":"2023-08-04T18:57:15","date_gmt":"2023-08-04T17:57:15","guid":{"rendered":"https:\/\/ensak.usms.ac.ma\/ensak\/?page_id=6251"},"modified":"2023-08-04T19:40:26","modified_gmt":"2023-08-04T18:40:26","slug":"licence-professionnelle-duniversite-innovation-et-developpement-industriel-idi","status":"publish","type":"page","link":"http:\/\/ensak.usms.ac.ma\/ensak\/licence-professionnelle-duniversite-innovation-et-developpement-industriel-idi\/","title":{"rendered":"Licence d\u2019Universit\u00e9 : Innovation et D\u00e9veloppement Industriel (IDI)"},"content":{"rendered":"<div id=\"pl-6251\"  class=\"panel-layout\" ><div id=\"pg-6251-0\"  class=\"panel-grid panel-has-style\" ><div class=\"container panel-row-style panel-row-style-for-6251-0\" ><div id=\"pgc-6251-0-0\"  class=\"panel-grid-cell\" ><div id=\"panel-6251-0-0-0\" class=\"so-panel widget widget_text panel-first-child\" data-index=\"0\" ><h3 class=\"widget-title\">OBJECTIFS DE LA FORMATION<\/h3>\t\t\t<div class=\"textwidget\"><p>La Licence d\u2019Universit\u00e9 Innovation et D\u00e9veloppement Industriel (IDI) vise \u00e0 r\u00e9pondre aux besoins des entreprises en formant une main d\u2019\u0153uvre qualifi\u00e9e de niveau BAC+3 dans le domaine du pilotage de projets et de l\u2019innovation. Les comp\u00e9tences de l'\u00e9tudiant doivent recouvrir toute la d\u00e9marche : de la r\u00e9daction du cahier des charges \u00e0 la r\u00e9alisation. L\u2019\u00e9tudiant doit garder une vision globale des enjeux et des risques li\u00e9s au projet. Il doit utiliser un ensemble de m\u00e9thodes et d\u2019outils afin de planifier, d\u2019organiser et de suivre l\u2019\u00e9volution des diff\u00e9rentes phases du projet en coh\u00e9rence avec les objectifs d\u00e9finis et en respectant les co\u00fbts et les d\u00e9lais. Il doit \u00eatre capable de remettre en question des m\u00e9thodes de travail ou des processus de fabrication.<\/p>\n<br><\/div>\n\t\t<\/div><div id=\"panel-6251-0-0-1\" class=\"so-panel widget widget_text panel-last-child\" data-index=\"1\" ><h3 class=\"widget-title\">D\u00c9BOUCH\u00c9S DE LA FORMATION<\/h3>\t\t\t<div class=\"textwidget\"><ul class=\"bullet\" style=\"margin-left: 10px; text-align: justify;\">\n<li>Responsable de projet, Assistant chef de projet ;<\/li>\n<li>Charg\u00e9 d\u2019affaires, Assistant charg\u00e9 d\u2019affaires ;<\/li>\n<li>Responsable de projets d\u2019\u00e9tudes ou de laboratoires de recherche et d\u00e9veloppement ;<\/li>\n<li>Responsable qualit\u00e9, m\u00e9thodes, charg\u00e9 de projet, \u2026<\/li>\n<\/ul>\n<\/div>\n\t\t<\/div><\/div><div id=\"pgc-6251-0-1\"  class=\"panel-grid-cell\" ><div id=\"panel-6251-0-1-0\" class=\"so-panel widget widget_text panel-first-child panel-last-child\" data-index=\"2\" ><h3 class=\"widget-title\">Innovation et D\u00e9veloppement Industriel (IDI)<\/h3>\t\t\t<div class=\"textwidget\"><a target=\"_blank\" href=\"\/ensak\/wp-content\/uploads\/2023\/08\/LU_IDI_Kadiri.pdf\" rel=\"noopener\"><img src=\"\/ensak\/wp-content\/uploads\/2023\/08\/IDI-scaled.jpg\" \/><\/a>\n<p><\/p>\t\n<center><a target=\"_blank\" class=\"btn btn-orange btn-large\" href=\"\/ensak\/wp-content\/uploads\/2023\/08\/LU_IDI_Kadiri.pdf\" rel=\"noopener\">T\u00e9l\u00e9charger le d\u00e9pliant de la formation<i class=\"lnr lnr-arrow-right\"><\/i><\/a><\/center>\n<br>\n<\/div>\n\t\t<\/div><\/div><\/div><\/div><div id=\"pg-6251-1\"  class=\"panel-grid panel-no-style\" ><div id=\"pgc-6251-1-0\"  class=\"panel-grid-cell\" ><div id=\"panel-6251-1-0-0\" class=\"so-panel widget widget_edupress-university-aboutus-how-it-works panel-first-child panel-last-child\" data-index=\"3\" ><div class=\"so-widget-edupress-university-aboutus-how-it-works so-widget-edupress-university-aboutus-how-it-works-default-d75171398898-6251\"><section class=\"howitworks\">\r\n            <div class=\"container\">\r\n                 <div class=\"row\">  \r\n                                     \t<h2 class=\"text-center head-border-default\">INSCRIPTION<\/h2>\r\n                                        <div class=\"col-xs-12 col-sm-8 col-sm-offset-2 col-md-6 col-md-offset-3\">\r\n                                         <p class=\"text-center\">Les int\u00e9ress\u00e9s sont pri\u00e9s de remplir le formulaire ci-apr\u00e8s, avant le 20 septembre 2023 (Les inscriptions d\u00e9finitives auront lieu entre le 20  septembre et le 10 octobre et les cours commenceront 15 octobre).<\/p>\r\n                                 \t\t<\/div>\r\n                    \r\n                <div class=\"work-steps\">  \r\n                \t\t                        \r\n                 <\/div> <!-- work-steps #end -->    \r\n                    \r\n                  <div class=\"work-steps\"> \r\n                    <div class=\"action text-center \">\r\n                    \t                                                  <a href=\"https:\/\/docs.google.com\/forms\/d\/e\/1FAIpQLSeQ8_50oBo_FzcfnASEF2WYTVMB0dbZkME82ZnhcDXaR88nUw\/viewform?vc=0&#038;c=0&#038;w=1&#038;flr=0&#038;usp=mail_form_link\" class=\"btn btn-orange btn-large\">FORMULAIRE<i class=\"lnr lnr-arrow-right\"><\/i><\/a>\r\n                                             <\/div>\r\n                  <\/div>   <!-- work-steps #end -->\r\n                  \r\n            \t <\/div> <!--row #end  -->\r\n\t        <\/div><!-- container #end -->\r\n <\/section><\/div><\/div><\/div><\/div><div id=\"pg-6251-2\"  class=\"panel-grid panel-has-style\" ><div class=\"container panel-row-style panel-row-style-for-6251-2\" ><div id=\"pgc-6251-2-0\"  class=\"panel-grid-cell panel-grid-cell-empty\" ><\/div><\/div><\/div><div id=\"pg-6251-3\"  class=\"panel-grid panel-has-style\" ><div class=\"container panel-row-style panel-row-style-for-6251-3\" ><div id=\"pgc-6251-3-0\"  class=\"panel-grid-cell\" ><div id=\"panel-6251-3-0-0\" class=\"so-panel widget widget_text panel-first-child panel-last-child\" data-index=\"4\" ><h3 class=\"widget-title\">CO\u00dbT ET DUR\u00c9E<\/h3>\t\t\t<div class=\"textwidget\"><ul class=\"bullet\">\n<li> 20 600 DH<\/li>\n\n<p>La formation se d\u00e9roule sur 2 semestres et assur\u00e9e\nen Week-end avec possibilit\u00e9 d\u2019opter pour le mode\nhybride (pr\u00e9sentiel et \u00e0 distance pour les\nparticipants int\u00e9ress\u00e9s).<\/p><\/div>\n\t\t<\/div><\/div><div id=\"pgc-6251-3-1\"  class=\"panel-grid-cell\" ><div id=\"panel-6251-3-1-0\" class=\"so-panel widget widget_text panel-first-child panel-last-child\" data-index=\"5\" ><h3 class=\"widget-title\">COORDONNATEUR<\/h3>\t\t\t<div class=\"textwidget\"><p style=\"color: #2f519e;\"><b>Professeur KADIRI<\/b><\/p>\n\n<ul class=\"bullet\" style=\"margin-left: 30px;\">\n \t<li>E-mail : s.kadiri@usms.ma<\/li>\n \t<li>T\u00e9l : 06.00.79.09.30<\/li>\n<li>Adresse : Ecole Nationale des Sciences Appliqu\u00e9es,\nBd B\u00e9ni Amir, BP 77, Khouribga - Maroc<\/li>\n<\/ul><\/div>\n\t\t<\/div><\/div><\/div><\/div><\/div>","protected":false},"excerpt":{"rendered":"<p>La Licence d\u2019Universit\u00e9 Innovation et D\u00e9veloppement Industriel (IDI) vise \u00e0 r\u00e9pondre aux besoins des entreprises en formant une main d\u2019\u0153uvre qualifi\u00e9e de niveau BAC+3 dans le domaine du pilotage de projets et de l\u2019innovation. Les comp\u00e9tences de l&rsquo;\u00e9tudiant doivent recouvrir toute la d\u00e9marche : de la r\u00e9daction du cahier des charges \u00e0 la r\u00e9alisation. L\u2019\u00e9tudiant [&hellip;]<\/p>\n","protected":false},"author":2,"featured_media":0,"parent":0,"menu_order":0,"comment_status":"closed","ping_status":"closed","template":"page-templates\/tpl-pagebuilder.php","meta":{"ngg_post_thumbnail":0,"cybocfi_hide_featured_image":""},"acf":[],"_links":{"self":[{"href":"http:\/\/ensak.usms.ac.ma\/ensak\/wp-json\/wp\/v2\/pages\/6251"}],"collection":[{"href":"http:\/\/ensak.usms.ac.ma\/ensak\/wp-json\/wp\/v2\/pages"}],"about":[{"href":"http:\/\/ensak.usms.ac.ma\/ensak\/wp-json\/wp\/v2\/types\/page"}],"author":[{"embeddable":true,"href":"http:\/\/ensak.usms.ac.ma\/ensak\/wp-json\/wp\/v2\/users\/2"}],"replies":[{"embeddable":true,"href":"http:\/\/ensak.usms.ac.ma\/ensak\/wp-json\/wp\/v2\/comments?post=6251"}],"version-history":[{"count":13,"href":"http:\/\/ensak.usms.ac.ma\/ensak\/wp-json\/wp\/v2\/pages\/6251\/revisions"}],"predecessor-version":[{"id":6266,"href":"http:\/\/ensak.usms.ac.ma\/ensak\/wp-json\/wp\/v2\/pages\/6251\/revisions\/6266"}],"wp:attachment":[{"href":"http:\/\/ensak.usms.ac.ma\/ensak\/wp-json\/wp\/v2\/media?parent=6251"}],"curies":[{"name":"wp","href":"https:\/\/api.w.org\/{rel}","templated":true}]}}