{"id":5606,"date":"2022-12-07T13:17:01","date_gmt":"2022-12-07T12:17:01","guid":{"rendered":"https:\/\/ensak.usms.ac.ma\/ensak\/?page_id=5606"},"modified":"2025-01-13T00:38:21","modified_gmt":"2025-01-12T23:38:21","slug":"formations-certifiantes","status":"publish","type":"page","link":"http:\/\/ensak.usms.ac.ma\/ensak\/formations-certifiantes\/","title":{"rendered":"Formations certifiantes"},"content":{"rendered":"<div id=\"pl-5588\" class=\"panel-layout\">\n<div id=\"pg-5588-0\" class=\"panel-grid panel-has-style\" data-style=\"{&quot;class&quot;:&quot;container&quot;,&quot;background_image_attachment&quot;:false,&quot;background_display&quot;:&quot;tile&quot;,&quot;cell_alignment&quot;:&quot;flex-start&quot;}\" data-ratio=\"1\" data-ratio-direction=\"right\">\n<div class=\"container panel-row-style panel-row-style-for-5588-0\">\n<div id=\"pgc-5588-0-0\" class=\"panel-grid-cell\" data-weight=\"1\">\n<div id=\"panel-5588-0-0-0\" class=\"so-panel widget widget_text panel-first-child panel-last-child\" data-index=\"0\" data-style=\"{&quot;padding&quot;:&quot;0px 20px 0px 20px&quot;,&quot;background_image_attachment&quot;:false,&quot;background_display&quot;:&quot;tile&quot;}\">\n<div class=\"panel-widget-style panel-widget-style-for-5588-0-0-0\">\n<div>\n<p><img loading=\"lazy\" class=\"wp-image-5607 alignright\" src=\"https:\/\/ensak.usms.ac.ma\/ensak\/wp-content\/uploads\/2022\/12\/formation_certifiante.jpg\" alt=\"\" width=\"476\" height=\"288\" srcset=\"http:\/\/ensak.usms.ac.ma\/ensak\/wp-content\/uploads\/2022\/12\/formation_certifiante.jpg 805w, http:\/\/ensak.usms.ac.ma\/ensak\/wp-content\/uploads\/2022\/12\/formation_certifiante-360x218.jpg 360w, http:\/\/ensak.usms.ac.ma\/ensak\/wp-content\/uploads\/2022\/12\/formation_certifiante-768x465.jpg 768w\" sizes=\"(max-width: 476px) 100vw, 476px\" \/><\/p>\n<\/div>\n<div class=\"textwidget\">\n<p>Afin d\u2019enrichir leur cursus universitaire et mieux pr\u00e9parer leur insertion dans le monde professionnel, en plus de la formation initiale, des stages et des activit\u00e9s parall\u00e8les, les \u00e9tudiants de l\u2019ENSAK peuvent d\u00e9sormais b\u00e9n\u00e9ficier des formations certifiantes dispens\u00e9es en collaboration avec des soci\u00e9t\u00e9s de technologie de pointe \u00e0 savoir <strong>Huawei, Cisco, AWS et Fortinet<\/strong>. Ces derniers proposent, via leurs acad\u00e9mies, des programmes de formations&nbsp;&nbsp; qui pr\u00e9parent les \u00e9tudiants \u00e0 des certifications reconnues, par le secteur, attestant de leurs comp\u00e9tences dans plusieurs domaines technologiques. Ainsi, les \u00e9tudiants peuvent \u00e0 la fin de leur cursus universitaire s\u2019int\u00e9grer en toute douceur dans le monde du travail gr\u00e2ce \u00e0 ces formations qui r\u00e9duisent consid\u00e9rablement le foss\u00e9 entre le secteur d&rsquo;activit\u00e9 et la th\u00e9orie. Les formations offertes concernent, entre autres, les domaines suivants&nbsp;:<\/p>\n<p><strong>&nbsp; -Cybers\u00e9curit\u00e9<\/strong><\/p>\n<p><strong>&nbsp; -Cloud computing<\/strong><\/p>\n<p><strong>&nbsp; -R\u00e9seau informatique<\/strong><\/p>\n<p><strong>&nbsp; -Programmation<\/strong><\/p>\n<p><strong>&nbsp; -Internet des objets (IoT)<\/strong><\/p>\n<p><strong>&nbsp; -Intelligence artificielle (AI)<\/strong><\/p>\n<p><span style=\"color: #000000;\">Pour plus d\u2019informations, vous pouvez prendre contact avec notre enseignant Maleh Yassine : <span style=\"color: #0000ff;\">y.maleh@usms.ma<\/span>.<\/span><\/p>\n<\/div>\n<\/div>\n<\/div>\n<\/div>\n<\/div>\n<\/div>\n<\/div>\n","protected":false},"excerpt":{"rendered":"<p>Afin d\u2019enrichir leur cursus universitaire et mieux pr\u00e9parer leur insertion dans le monde professionnel, en plus de la formation initiale, des stages et des activit\u00e9s parall\u00e8les, les \u00e9tudiants de l\u2019ENSAK peuvent d\u00e9sormais b\u00e9n\u00e9ficier des formations certifiantes dispens\u00e9es en collaboration avec des soci\u00e9t\u00e9s de technologie de pointe \u00e0 savoir Huawei, Cisco, AWS et Fortinet. Ces derniers [&hellip;]<\/p>\n","protected":false},"author":2,"featured_media":0,"parent":0,"menu_order":0,"comment_status":"closed","ping_status":"closed","template":"page-templates\/tpl-pagebuilder.php","meta":{"ngg_post_thumbnail":0,"cybocfi_hide_featured_image":""},"acf":[],"_links":{"self":[{"href":"http:\/\/ensak.usms.ac.ma\/ensak\/wp-json\/wp\/v2\/pages\/5606"}],"collection":[{"href":"http:\/\/ensak.usms.ac.ma\/ensak\/wp-json\/wp\/v2\/pages"}],"about":[{"href":"http:\/\/ensak.usms.ac.ma\/ensak\/wp-json\/wp\/v2\/types\/page"}],"author":[{"embeddable":true,"href":"http:\/\/ensak.usms.ac.ma\/ensak\/wp-json\/wp\/v2\/users\/2"}],"replies":[{"embeddable":true,"href":"http:\/\/ensak.usms.ac.ma\/ensak\/wp-json\/wp\/v2\/comments?post=5606"}],"version-history":[{"count":9,"href":"http:\/\/ensak.usms.ac.ma\/ensak\/wp-json\/wp\/v2\/pages\/5606\/revisions"}],"predecessor-version":[{"id":7432,"href":"http:\/\/ensak.usms.ac.ma\/ensak\/wp-json\/wp\/v2\/pages\/5606\/revisions\/7432"}],"wp:attachment":[{"href":"http:\/\/ensak.usms.ac.ma\/ensak\/wp-json\/wp\/v2\/media?parent=5606"}],"curies":[{"name":"wp","href":"https:\/\/api.w.org\/{rel}","templated":true}]}}