{"id":5588,"date":"2022-12-06T10:21:45","date_gmt":"2022-12-06T09:21:45","guid":{"rendered":"https:\/\/ensak.usms.ac.ma\/ensak\/?page_id=5588"},"modified":"2025-10-27T16:19:32","modified_gmt":"2025-10-27T15:19:32","slug":"cellule-decoute-et-daccompagnement","status":"publish","type":"page","link":"http:\/\/ensak.usms.ac.ma\/ensak\/cellule-decoute-et-daccompagnement\/","title":{"rendered":"Cellule d\u2019\u00e9coute et d\u2019accompagnement"},"content":{"rendered":"<div id=\"pl-5588\" class=\"panel-layout\">\n<div id=\"pg-5588-0\" class=\"panel-grid panel-has-style\" data-style=\"{&quot;class&quot;:&quot;container&quot;,&quot;background_image_attachment&quot;:false,&quot;background_display&quot;:&quot;tile&quot;,&quot;cell_alignment&quot;:&quot;flex-start&quot;}\" data-ratio=\"1\" data-ratio-direction=\"right\">\n<div class=\"container panel-row-style panel-row-style-for-5588-0\">\n<div id=\"pgc-5588-0-0\" class=\"panel-grid-cell\" data-weight=\"1\">\n<div id=\"panel-5588-0-0-0\" class=\"so-panel widget widget_text panel-first-child panel-last-child\" data-index=\"0\" data-style=\"{&quot;padding&quot;:&quot;0px 20px 0px 20px&quot;,&quot;background_image_attachment&quot;:false,&quot;background_display&quot;:&quot;tile&quot;}\">\n<div class=\"panel-widget-style panel-widget-style-for-5588-0-0-0\">\n<div><img loading=\"lazy\" class=\" wp-image-5582 alignright\" src=\"https:\/\/ensak.usms.ac.ma\/ensak\/wp-content\/uploads\/2022\/12\/Cellule-decoute-1024x683.jpg\" alt=\"\" width=\"382\" height=\"255\" srcset=\"http:\/\/ensak.usms.ac.ma\/ensak\/wp-content\/uploads\/2022\/12\/Cellule-decoute-1024x683.jpg 1024w, http:\/\/ensak.usms.ac.ma\/ensak\/wp-content\/uploads\/2022\/12\/Cellule-decoute-360x240.jpg 360w, http:\/\/ensak.usms.ac.ma\/ensak\/wp-content\/uploads\/2022\/12\/Cellule-decoute-768x512.jpg 768w, http:\/\/ensak.usms.ac.ma\/ensak\/wp-content\/uploads\/2022\/12\/Cellule-decoute-1536x1024.jpg 1536w, http:\/\/ensak.usms.ac.ma\/ensak\/wp-content\/uploads\/2022\/12\/Cellule-decoute-2048x1366.jpg 2048w, http:\/\/ensak.usms.ac.ma\/ensak\/wp-content\/uploads\/2022\/12\/Cellule-decoute-272x182.jpg 272w\" sizes=\"(max-width: 382px) 100vw, 382px\" \/><\/div>\n<div class=\"textwidget\">En tant qu\u2019\u00e9cole citoyenne, consciente de sa responsabilit\u00e9 sociale, l\u2019Ecole Nationale des Sciences Appliqu\u00e9es de Khouribga a mis en place une cellule d\u2019\u00e9coute et d\u2019accompagnement psychologique, au profit de ses \u00e9tudiants. Hormis le cot\u00e9 p\u00e9dagogique, cette cellule se veut un espace d\u2019\u00e9change et de parole permettant aux \u00e9tudiants de parler avec libert\u00e9 et en toute confidentialit\u00e9 des difficult\u00e9s, des frustrations et des inqui\u00e9tudes auxquelles ils font\/ont d\u00fb faire face. Pilot\u00e9e par la direction de l\u2019\u00e9cole, ladite cellule a pour vocation d\u2019accompagner les \u00e9tudiants en difficult\u00e9s, tout au long de leur parcours universitaire, pour les aider \u00e0 s\u2019immerger en toute s\u00e9curit\u00e9 dans leur environnement et \u00e0 d\u00e9velopper davantage leur potentiel.<\/div>\n<div>&nbsp;<\/div>\n<div class=\"textwidget\" style=\"text-align: center;\"><span style=\"color: #ff0000;\"><strong>\u00ab&nbsp;Parler peut tout changer&nbsp;\u00bb<\/strong><\/span><\/div>\n<\/div>\n<\/div>\n<\/div>\n<\/div>\n<\/div>\n<\/div>\n","protected":false},"excerpt":{"rendered":"<p>En tant qu\u2019\u00e9cole citoyenne, consciente de sa responsabilit\u00e9 sociale, l\u2019Ecole Nationale des Sciences Appliqu\u00e9es de Khouribga a mis en place une cellule d\u2019\u00e9coute et d\u2019accompagnement psychologique, au profit de ses \u00e9tudiants. Hormis le cot\u00e9 p\u00e9dagogique, cette cellule se veut un espace d\u2019\u00e9change et de parole permettant aux \u00e9tudiants de parler avec libert\u00e9 et en toute [&hellip;]<\/p>\n","protected":false},"author":2,"featured_media":0,"parent":0,"menu_order":0,"comment_status":"closed","ping_status":"closed","template":"page-templates\/tpl-pagebuilder.php","meta":{"ngg_post_thumbnail":0,"cybocfi_hide_featured_image":""},"acf":[],"_links":{"self":[{"href":"http:\/\/ensak.usms.ac.ma\/ensak\/wp-json\/wp\/v2\/pages\/5588"}],"collection":[{"href":"http:\/\/ensak.usms.ac.ma\/ensak\/wp-json\/wp\/v2\/pages"}],"about":[{"href":"http:\/\/ensak.usms.ac.ma\/ensak\/wp-json\/wp\/v2\/types\/page"}],"author":[{"embeddable":true,"href":"http:\/\/ensak.usms.ac.ma\/ensak\/wp-json\/wp\/v2\/users\/2"}],"replies":[{"embeddable":true,"href":"http:\/\/ensak.usms.ac.ma\/ensak\/wp-json\/wp\/v2\/comments?post=5588"}],"version-history":[{"count":16,"href":"http:\/\/ensak.usms.ac.ma\/ensak\/wp-json\/wp\/v2\/pages\/5588\/revisions"}],"predecessor-version":[{"id":8518,"href":"http:\/\/ensak.usms.ac.ma\/ensak\/wp-json\/wp\/v2\/pages\/5588\/revisions\/8518"}],"wp:attachment":[{"href":"http:\/\/ensak.usms.ac.ma\/ensak\/wp-json\/wp\/v2\/media?parent=5588"}],"curies":[{"name":"wp","href":"https:\/\/api.w.org\/{rel}","templated":true}]}}