{"id":5138,"date":"2022-07-10T15:45:54","date_gmt":"2022-07-10T14:45:54","guid":{"rendered":"https:\/\/ensak.usms.ac.ma\/ensak\/?page_id=5138"},"modified":"2023-08-24T08:37:09","modified_gmt":"2023-08-24T07:37:09","slug":"mu-icrasi","status":"publish","type":"page","link":"http:\/\/ensak.usms.ac.ma\/ensak\/mu-icrasi\/","title":{"rendered":"Master d&rsquo;Universit\u00e9 : Ing\u00e9nierie de la Cybers\u00e9curit\u00e9, R\u00e9seaux et Audit des Syst\u00e8mes d\u2019information (ICRASI)"},"content":{"rendered":"<div id=\"pl-5138\"  class=\"panel-layout\" ><div id=\"pg-5138-0\"  class=\"panel-grid panel-has-style\" ><div class=\"container panel-row-style panel-row-style-for-5138-0\" ><div id=\"pgc-5138-0-0\"  class=\"panel-grid-cell\" ><div id=\"panel-5138-0-0-0\" class=\"so-panel widget widget_text panel-first-child\" data-index=\"0\" ><h3 class=\"widget-title\">Objectifs de la formation<\/h3>\t\t\t<div class=\"textwidget\"><p>Le master universitaire Ing\u00e9nierie de la Cybers\u00e9curit\u00e9, R\u00e9seaux et Audit des Syst\u00e8mes d\u2019information ICRASI propos\u00e9 s\u2019int\u00e9resse \u00e0 former et sp\u00e9cialiser des \u00e9tudiants sur les syst\u00e8mes informatiques, leur gestion et leurs s\u00e9curit\u00e9s. Plus pr\u00e9cis\u00e9ment la cybers\u00e9curit\u00e9 et les r\u00e9seaux intelligents. Elle veille \u00e0 doter les \u00e9tudiants de comp\u00e9tences et de savoir-faire dans les domaines d\u2019ing\u00e9nierie d\u2019entreprises, l\u2019int\u00e9gration et la mise en place de nouvelles strat\u00e9gie et outils pour s\u00e9curiser les syst\u00e8mes informatiques. ICRASI offre des formations point\u00e9es et tr\u00e8s demand\u00e9es dans le march\u00e9 de travail telles : la Cybers\u00e9curit\u00e9, les r\u00e9seaux intelligents, et le Management SI. Le programme de formation est orient\u00e9 vers la ma\u00eetrise des r\u00e9f\u00e9rentiels les plus reconnus en mati\u00e8re de R\u00e9seaux et Cybers\u00e9curit\u00e9 (CCNA, Huawei, CEH, ISO27K, CISM, \u2026) ; et Audit SI (COBIT, ITIL).<\/p>\n<br><\/div>\n\t\t<\/div><div id=\"panel-5138-0-0-1\" class=\"so-panel widget widget_text panel-last-child\" data-index=\"1\" ><h3 class=\"widget-title\">Chronogramme de la formation<\/h3>\t\t\t<div class=\"textwidget\"><ul class=\"bullet\">\n<li>Pr\u00e9-inscriptions en ligne sur ce site : <b>15\/08 au 25\/09\/2023<\/li><\/b>\n<li>Etude des dossiers et Entretiens : <b>26\/09 au 28\/09\/2023<\/li><\/b>\n<li>Inscription Administrative: <b>29\/09 au 02\/10\/2023<\/li><\/b>\n<li>Semestre 1: <b>15\/10\/2023 au 31\/01\/2024<\/li><\/b>\n<li>Semestre 2: <b>03\/02 au 31\/07\/2024<\/li><\/b>\n<\/ul><\/div>\n\t\t<\/div><\/div><div id=\"pgc-5138-0-1\"  class=\"panel-grid-cell\" ><div id=\"panel-5138-0-1-0\" class=\"so-panel widget widget_text panel-first-child panel-last-child\" data-index=\"2\" ><h3 class=\"widget-title\">l&rsquo; ICRASI<\/h3>\t\t\t<div class=\"textwidget\"><a target=\"_blank\" href=\"\/ensak\/wp-content\/uploads\/2022\/07\/ICRASI-Broch_VM.pdf\" rel=\"noopener\"><img src=\"\/ensak\/wp-content\/uploads\/2022\/07\/icraci.png\" alt=\"ieea\" \/><\/a>\n<p><\/p>\t\nVous pouvez t\u00e9l\u00e9charger la brochure de la formation :\n<center><a target=\"_blank\" class=\"btn btn-orange btn-large\" href=\"\/ensak\/wp-content\/uploads\/2022\/07\/ICRASI-Broch_VM.pdf\" rel=\"noopener\">Brochure<i class=\"lnr lnr-arrow-right\"><\/i><\/a><\/center>\n<br>\n<p>\nL\u2019acc\u00e8s en premi\u00e8re ann\u00e9e du master universitaire ICRASI est ouvert :<br>\n<span style=\"margin-left: 30px; font-weight: bold;\">\u2022\tTitulaires d\u2019une Licence en R\u00e9seaux, ou<\/span><br>\n<span style=\"margin-left: 30px; font-weight: bold;\">\u2022\tTitulaires d\u2019une Licence en Informatique, ou<\/span><br>\n<span style=\"margin-left: 30px; font-weight: bold;\">\u2022\tTitulaires d\u2019une Ma\u00eetrise en Informatique, ou<\/span><br>\n<span style=\"margin-left: 30px; font-weight: bold;\">\u2022\tLicence en Eco\/Gestion avec exp\u00e9rience professionnelle en r\u00e9seau ou informatique, ou<\/span><br>\n<span style=\"margin-left: 30px; font-weight: bold;\">\u2022\tTitulaires d\u2019un Dipl\u00f4me \u00e9quivalent.<\/span>\n<\/p>\n<p>\nL\u2019acc\u00e8s en deuxi\u00e8me ann\u00e9e du master universitaire ICRASI est ouvert :<br>\n<span style=\"margin-left: 30px; font-weight: bold;\">\u2022\tBac + 4 (au moins) ou dipl\u00f4me \u00e9quivalent.<\/span><br>\n<span style=\"margin-left: 30px; font-weight: bold;\">\u2022\tBac + 3 (au moins) ou dipl\u00f4me \u00e9quivalent + exp\u00e9rience professionnelle d\u2019au moins deux ann\u00e9es<\/span>\n<\/p><\/div>\n\t\t<\/div><\/div><\/div><\/div><div id=\"pg-5138-1\"  class=\"panel-grid panel-no-style\" ><div id=\"pgc-5138-1-0\"  class=\"panel-grid-cell\" ><div id=\"panel-5138-1-0-0\" class=\"so-panel widget widget_edupress-university-aboutus-how-it-works panel-first-child panel-last-child\" data-index=\"3\" ><div class=\"so-widget-edupress-university-aboutus-how-it-works so-widget-edupress-university-aboutus-how-it-works-default-d75171398898-5138\"><section class=\"howitworks\">\r\n            <div class=\"container\">\r\n                 <div class=\"row\">  \r\n                                     \t<h2 class=\"text-center head-border-default\">Inscription<\/h2>\r\n                                        <div class=\"col-xs-12 col-sm-8 col-sm-offset-2 col-md-6 col-md-offset-3\">\r\n                                         <p class=\"text-center\"><b>Le dossier d'inscription se compose des pi\u00e8ces suivantes : <br \/>\n\u2022\tUn curriculum vitae ;<br \/>\n\u2022\t01 copie de la CIN ou des premi\u00e8res pages du passeport ;<br \/>\n\u2022\t02 copies du baccalaur\u00e9at ;<br \/>\n\u2022\t02 copies du dipl\u00f4me ou attestation Bac+2.<\/b><\/p>\r\n                                 \t\t<\/div>\r\n                    \r\n                <div class=\"work-steps\">  \r\n                \t\t                         <div class=\"col-xs-12 col-sm-4\">\r\n                        \t<div class=\"steps\" style=\"background-color: #e91e63;\">\r\n                                                        <h3>Dure\u00e9 de la Formation<\/h3>\r\n                                                                                     <p>2 Ans<\/p>\r\n                                                        <span class=\"sow-icon-fontawesome sow-fas\" data-sow-icon=\"&#xf017;\"\n\t\t ><\/span>                            <\/div>\r\n                        <\/div> \r\n                                                 <div class=\"col-xs-12 col-sm-4\">\r\n                        \t<div class=\"steps\" style=\"background-color: #03a9f4;\">\r\n                                                        <h3>D\u00e9but de la Formation<\/h3>\r\n                                                                                     <p>15-10-2022<\/p>\r\n                                                        <span class=\"sow-icon-fontawesome sow-fas\" data-sow-icon=\"&#xf073;\"\n\t\t ><\/span>                            <\/div>\r\n                        <\/div> \r\n                                                 <div class=\"col-xs-12 col-sm-4\">\r\n                        \t<div class=\"steps\" style=\"background-color: #673ab7;\">\r\n                                                        <h3>Mode de la formation<\/h3>\r\n                                                                                     <p>En pr\u00e9sentiel et \/ ou \u00e0 distance<\/p>\r\n                                                        <span class=\"sow-icon-fontawesome sow-fas\" data-sow-icon=\"&#xf02d;\"\n\t\t ><\/span>                            <\/div>\r\n                        <\/div> \r\n                                                \r\n                 <\/div> <!-- work-steps #end -->    \r\n                    \r\n                  <div class=\"work-steps\"> \r\n                    <div class=\"action text-center \">\r\n                    \t                     \t<span>Pr\u00e9-Inscription ouvertes<\/span> \r\n                                                                          <a href=\"https:\/\/forms.gle\/jF8oamjybzbqLXst9\" class=\"btn btn-orange btn-large\">Insciption<i class=\"lnr lnr-arrow-right\"><\/i><\/a>\r\n                                             <\/div>\r\n                  <\/div>   <!-- work-steps #end -->\r\n                  \r\n            \t <\/div> <!--row #end  -->\r\n\t        <\/div><!-- container #end -->\r\n <\/section><\/div><\/div><\/div><\/div><div id=\"pg-5138-2\"  class=\"panel-grid panel-has-style\" ><div class=\"container panel-row-style panel-row-style-for-5138-2\" ><div id=\"pgc-5138-2-0\"  class=\"panel-grid-cell\" ><div id=\"panel-5138-2-0-0\" class=\"so-panel widget widget_text panel-first-child panel-last-child\" data-index=\"4\" >\t\t\t<div class=\"textwidget\"><h2 style=\"color: #2f519e;\">D\u00e9bouch\u00e9s<\/h2>\n<ul class=\"bullet\" style=\"margin-left: 30px;\">\n<li>Ing\u00e9nieurs\/Consultants cybers\u00e9curit\u00e9<\/li>\n<li>Testeurs d\u2019Intrusions (Pentester)<\/li>\n<li>Auditeurs IT<\/li>\n<li>Administrateurs R\u00e9seaux et SI (Banques, PMI, PME, grands comptes, op\u00e9rateurs t\u00e9l\u00e9coms, universit\u00e9s, office \u2026)<\/li>\n<li>Ing\u00e9nieurs en Planification, optimisation et d\u00e9ploiement des r\u00e9seaux<\/li>\n<li>Analystes Forensiques<\/li>\n<li>Investigateurs de cybercriminalit\u00e9<\/li>\n<li>Ing\u00e9nieurs R&amp;D<\/li>\n<li>Ing\u00e9nieurs\/Consultants IoT<\/li>\n<li>Constructeurs et installateurs, Prestataires de service<\/li>\n<li>Conseil et Audit (op\u00e9rateurs T\u00e9l\u00e9com, et \u00c9quipementiers, Prestataires de services, Banques, grands comptes)<\/li>\n<li>\u2026\u2026.<\/li>\n<\/ul>\n<h2 style=\"color: #2f519e;\">Lieu de formation<\/h2>\n<ul class=\"bullet\" style=\"margin-left: 30px;\">\n<li>ENSA Khouribga<\/li>\n<\/ul>\n<h2 style=\"color: #2f519e;\">D\u00e9roulement des enseignements<\/h2>\n<p>Les enseignements sont programm\u00e9s lors des <b>week-ends<\/b> selon les horaires suivants:<\/p>\n<ul class=\"bullet\" style=\"margin-left: 30px;\">\n<li>Matin 9:00h \u00e0 12:00h<\/li>\n<li>Apr\u00e8s-midi 13:00h \u00e0 17:00h<\/li>\n<\/ul>\n<h2 style=\"color: #2f519e;\">Frais de scolarit\u00e9<\/h2>\n<p>Co\u00fbt M1 + M2 : 50000 DH Co\u00fbt M2 : 27000 DH<br \/>\nNB : Frais du dossier d\u2019inscription : 500 DH<\/p>\n<h2 style=\"color: #2f519e;\">Responsable de la formation<\/h2>\n<p style=\"color: #2f519e;\"><b>Pr. MALEH Yassine<\/b><\/p>\n<ul class=\"bullet\" style=\"margin-left: 30px;\">\n<li>E-mail : y.maleh@usms.ma<\/li>\n<li>T\u00e9l : +212608867568<\/li>\n<\/ul>\n<\/div>\n\t\t<\/div><\/div><\/div><\/div><div id=\"pg-5138-3\"  class=\"panel-grid panel-has-style\" ><div class=\"container panel-row-style panel-row-style-for-5138-3\" ><div id=\"pgc-5138-3-0\"  class=\"panel-grid-cell\" ><div id=\"panel-5138-3-0-0\" class=\"so-panel widget widget_text panel-first-child\" data-index=\"5\" >\t\t\t<div class=\"textwidget\"><h2 style=\"color: #2f519e;\">PARTENARIAT ET COOPERATION<\/h2>\n<ul class=\"bullet\" style=\"margin-left: 30px;\">L&rsquo;ENSA est une acad\u00e9mie r\u00e9gionale CISCO, Fortinet, IBM et Huawei. Les \u00e9tudiants de la fili\u00e8re ICRASI ont la possibilit\u00e9 d&rsquo;\u00eatre certifi\u00e9 CISCO pour les formations CCNA 1 \u00e0 4, CCNA CyberOps, au cours de leur scolarit\u00e9, en plus des certifications professionnelles Huawei (Cybersecurit\u00e9, IoT, 5G, etc).<\/ul>\n<p>&nbsp;<\/p>\n<\/div>\n\t\t<\/div><div id=\"panel-5138-3-0-1\" class=\"so-panel widget widget_edupress-university-aboutus-partnering-with-us panel-last-child\" data-index=\"6\" ><div class=\"so-widget-edupress-university-aboutus-partnering-with-us so-widget-edupress-university-aboutus-partnering-with-us-default-d75171398898-5138\"><section class=\"col-xs-12 partnering-with-us\">\r\n\t<div class=\"container\">\r\n\t\t<div class=\"row\">\r\n                        \t<div class=\"col-sm-7 col-md-4\">\r\n            \t                                <p><img src=\"\/ensak\/wp-content\/uploads\/2022\/07\/image13.png\" alt=\"ieea\" \/><\/p>\r\n                            <\/div>\r\n                   \t<div class=\"col-sm-7 col-md-4\">\r\n            \t                                <p><img src=\"\/ensak\/wp-content\/uploads\/2022\/07\/image10.png\" alt=\"ieea\" \/><\/p>\r\n                            <\/div>\r\n                   \t<div class=\"col-sm-7 col-md-4\">\r\n            \t                                <p><img src=\"\/ensak\/wp-content\/uploads\/2022\/07\/image9.jpeg\" alt=\"ieea\" \/><\/p>\r\n                            <\/div>\r\n                   \t<div class=\"col-sm-7 col-md-4\">\r\n            \t                                <p><img src=\"\/ensak\/wp-content\/uploads\/2022\/07\/image11.png\" alt=\"ieea\" \/><\/p>\r\n                            <\/div>\r\n           \t\t<\/div> <!--row #end  -->\r\n\t<\/div><!-- container #end -->\r\n<\/section><\/div><\/div><\/div><\/div><\/div><\/div>","protected":false},"excerpt":{"rendered":"<p>Le master universitaire Ing\u00e9nierie de la Cybers\u00e9curit\u00e9, R\u00e9seaux et Audit des Syst\u00e8mes d\u2019information ICRASI propos\u00e9 s\u2019int\u00e9resse \u00e0 former et sp\u00e9cialiser des \u00e9tudiants sur les syst\u00e8mes informatiques, leur gestion et leurs s\u00e9curit\u00e9s. Plus pr\u00e9cis\u00e9ment la cybers\u00e9curit\u00e9 et les r\u00e9seaux intelligents. Elle veille \u00e0 doter les \u00e9tudiants de comp\u00e9tences et de savoir-faire dans les domaines d\u2019ing\u00e9nierie d\u2019entreprises, [&hellip;]<\/p>\n","protected":false},"author":2,"featured_media":0,"parent":0,"menu_order":0,"comment_status":"closed","ping_status":"closed","template":"page-templates\/tpl-pagebuilder.php","meta":{"ngg_post_thumbnail":0,"cybocfi_hide_featured_image":""},"acf":[],"_links":{"self":[{"href":"http:\/\/ensak.usms.ac.ma\/ensak\/wp-json\/wp\/v2\/pages\/5138"}],"collection":[{"href":"http:\/\/ensak.usms.ac.ma\/ensak\/wp-json\/wp\/v2\/pages"}],"about":[{"href":"http:\/\/ensak.usms.ac.ma\/ensak\/wp-json\/wp\/v2\/types\/page"}],"author":[{"embeddable":true,"href":"http:\/\/ensak.usms.ac.ma\/ensak\/wp-json\/wp\/v2\/users\/2"}],"replies":[{"embeddable":true,"href":"http:\/\/ensak.usms.ac.ma\/ensak\/wp-json\/wp\/v2\/comments?post=5138"}],"version-history":[{"count":36,"href":"http:\/\/ensak.usms.ac.ma\/ensak\/wp-json\/wp\/v2\/pages\/5138\/revisions"}],"predecessor-version":[{"id":6298,"href":"http:\/\/ensak.usms.ac.ma\/ensak\/wp-json\/wp\/v2\/pages\/5138\/revisions\/6298"}],"wp:attachment":[{"href":"http:\/\/ensak.usms.ac.ma\/ensak\/wp-json\/wp\/v2\/media?parent=5138"}],"curies":[{"name":"wp","href":"https:\/\/api.w.org\/{rel}","templated":true}]}}