{"id":4945,"date":"2022-06-02T23:10:32","date_gmt":"2022-06-02T22:10:32","guid":{"rendered":"https:\/\/ensak.usms.ac.ma\/ensak\/?page_id=4945"},"modified":"2022-06-02T23:26:55","modified_gmt":"2022-06-02T22:26:55","slug":"videos","status":"publish","type":"page","link":"http:\/\/ensak.usms.ac.ma\/ensak\/videos\/","title":{"rendered":"Vid\u00e9os"},"content":{"rendered":"<div id=\"pl-4945\"  class=\"panel-layout\" ><div id=\"pg-4945-0\"  class=\"panel-grid panel-has-style\" ><div class=\"container panel-row-style panel-row-style-for-4945-0\" ><div id=\"pgc-4945-0-0\"  class=\"panel-grid-cell\" ><div id=\"panel-4945-0-0-0\" class=\"so-panel widget widget_text panel-first-child panel-last-child\" data-index=\"0\" ><div class=\"panel-widget-style panel-widget-style-for-4945-0-0-0\" >\t\t\t<div class=\"textwidget\"><p style=\"text-justify: inter-word;\"><strong>Archives des vid\u00e9os d'\u00e9v\u00e9nements, des manifistations scientifiques...<\/strong><\/p><\/div>\n\t\t<\/div><\/div><\/div><\/div><\/div><div id=\"pg-4945-1\"  class=\"panel-grid panel-has-style\" ><div class=\"container panel-row-style panel-row-style-for-4945-1\" ><div id=\"pgc-4945-1-0\"  class=\"panel-grid-cell panel-grid-cell-empty\" ><\/div><div id=\"pgc-4945-1-1\"  class=\"panel-grid-cell panel-grid-cell-mobile-last\" ><div id=\"panel-4945-1-1-0\" class=\"so-panel widget widget_media_video panel-first-child panel-last-child\" data-index=\"1\" ><h3 class=\"widget-title\">ODYSS\u00c9ES R\u00c9GIONALES DE L\u2019ENTREPRENEURIAT<\/h3><div style=\"width:100%;\" class=\"wp-video\"><!--[if lt IE 9]><script>document.createElement('video');<\/script><![endif]-->\n<video class=\"wp-video-shortcode\" id=\"video-4945-1\" preload=\"metadata\" controls=\"controls\"><source type=\"video\/mp4\" src=\"http:\/\/ensak.usms.ac.ma\/ensak\/wp-content\/uploads\/2022\/05\/Rejoignez-nous-au-Lancement-Officiel-Odyssees-Regionales-de-lEntrepreneuriat.mp4?_=1\" \/><source type=\"video\/mp4\" src=\"http:\/\/ensak.usms.ac.ma\/ensak\/wp-content\/uploads\/2022\/05\/Rejoignez-nous-au-Lancement-Officiel-Odyssees-Regionales-de-lEntrepreneuriat.mp4?_=1\" \/><a href=\"http:\/\/ensak.usms.ac.ma\/ensak\/wp-content\/uploads\/2022\/05\/Rejoignez-nous-au-Lancement-Officiel-Odyssees-Regionales-de-lEntrepreneuriat.mp4\">http:\/\/ensak.usms.ac.ma\/ensak\/wp-content\/uploads\/2022\/05\/Rejoignez-nous-au-Lancement-Officiel-Odyssees-Regionales-de-lEntrepreneuriat.mp4<\/a><\/video><\/div><\/div><\/div><div id=\"pgc-4945-1-2\"  class=\"panel-grid-cell panel-grid-cell-empty\" ><\/div><\/div><\/div><div id=\"pg-4945-2\"  class=\"panel-grid panel-has-style\" ><div class=\"container panel-row-style panel-row-style-for-4945-2\" ><div id=\"pgc-4945-2-0\"  class=\"panel-grid-cell\" ><div id=\"panel-4945-2-0-0\" class=\"so-panel widget widget_edupress-separator panel-first-child\" data-index=\"2\" ><div class=\"so-widget-edupress-separator so-widget-edupress-separator-default-d75171398898-4945\"><div class=\"separator clearfix\" style=\"height: 50px;\">\r\n<\/div>\r\n\t\t\t\t\r\n            <\/div><\/div><div id=\"panel-4945-2-0-1\" class=\"so-panel widget widget_sow-button panel-last-child\" data-index=\"3\" ><div class=\"so-widget-sow-button so-widget-sow-button-atom-b4f6b6b19f96-4945\"><div class=\"ow-button-base ow-button-align-center\">\n\t<a href=\"\/ensak\/category\/videos\/\" class=\"ow-icon-placement-left ow-button-hover\" \t\t>\n\t\t<span>\n\t\t\t\n\t\t\tVoir Plus\t\t<\/span>\n\t<\/a>\n<\/div>\n<\/div><\/div><\/div><\/div><\/div><\/div>","protected":false},"excerpt":{"rendered":"<p>Archives des vid\u00e9os d&rsquo;\u00e9v\u00e9nements, des manifistations scientifiques&#8230;<\/p>\n","protected":false},"author":2,"featured_media":0,"parent":0,"menu_order":0,"comment_status":"closed","ping_status":"closed","template":"page-templates\/tpl-pagebuilder.php","meta":{"ngg_post_thumbnail":0,"cybocfi_hide_featured_image":""},"acf":[],"_links":{"self":[{"href":"http:\/\/ensak.usms.ac.ma\/ensak\/wp-json\/wp\/v2\/pages\/4945"}],"collection":[{"href":"http:\/\/ensak.usms.ac.ma\/ensak\/wp-json\/wp\/v2\/pages"}],"about":[{"href":"http:\/\/ensak.usms.ac.ma\/ensak\/wp-json\/wp\/v2\/types\/page"}],"author":[{"embeddable":true,"href":"http:\/\/ensak.usms.ac.ma\/ensak\/wp-json\/wp\/v2\/users\/2"}],"replies":[{"embeddable":true,"href":"http:\/\/ensak.usms.ac.ma\/ensak\/wp-json\/wp\/v2\/comments?post=4945"}],"version-history":[{"count":10,"href":"http:\/\/ensak.usms.ac.ma\/ensak\/wp-json\/wp\/v2\/pages\/4945\/revisions"}],"predecessor-version":[{"id":4957,"href":"http:\/\/ensak.usms.ac.ma\/ensak\/wp-json\/wp\/v2\/pages\/4945\/revisions\/4957"}],"wp:attachment":[{"href":"http:\/\/ensak.usms.ac.ma\/ensak\/wp-json\/wp\/v2\/media?parent=4945"}],"curies":[{"name":"wp","href":"https:\/\/api.w.org\/{rel}","templated":true}]}}