{"id":4669,"date":"2022-03-28T10:21:12","date_gmt":"2022-03-28T10:21:12","guid":{"rendered":"http:\/\/ensak.usms.ac.ma\/ensak\/?page_id=4669"},"modified":"2022-06-15T10:45:15","modified_gmt":"2022-06-15T09:45:15","slug":"fablab","status":"publish","type":"page","link":"http:\/\/ensak.usms.ac.ma\/ensak\/fablab\/","title":{"rendered":"FabLab  ENSA-Khouribga"},"content":{"rendered":"<div id=\"pl-4669\"  class=\"panel-layout\" ><div id=\"pg-4669-0\"  class=\"panel-grid panel-has-style\" ><div class=\"container panel-row-style panel-row-style-for-4669-0\" ><div id=\"pgc-4669-0-0\"  class=\"panel-grid-cell\" ><div id=\"panel-4669-0-0-0\" class=\"so-panel widget widget_text panel-first-child panel-last-child\" data-index=\"0\" ><div class=\"panel-widget-style panel-widget-style-for-4669-0-0-0\" >\t\t\t<div class=\"textwidget\"><p>FabLab ENSA-Khouribga est un tiers-lieu, cr\u00e9\u00e9 en 2020 au sein de l\u2019Ecole Nationale des Sciences Appliqu\u00e9es de Khouribga, ayant pour objectif de stimuler chez les \u00e9l\u00e8ves ing\u00e9nieurs, l\u2019innovation, la cr\u00e9ativit\u00e9 et l\u2019acquisition de connaissances par les pairs tout en mettant \u00e0 leur disposition des outils technologiques et num\u00e9riques, habituellement, r\u00e9serv\u00e9s aux sp\u00e9cialistes.<\/p>\n\n<p>FabLab ou Fabrication-Laboratory est une plateforme d\u00e9di\u00e9e \u00e0 l\u2019innovation et au prototypage rapide. Il s\u2019agit d\u2019un lieu de travail ouvert \u00e0 tous les \u00e9l\u00e8ves, \u00e9quip\u00e9 de machines et d\u2019outils \u00e0 savoir\u00a0:<\/p>\n<p style=\"margin-left: 30px;\">\n<strong>\u2022<\/strong>\tDes imprimantes 3D\u00a0;<br>\n<strong>\u2022<\/strong>\tUne machine-outil \u00e0 commande num\u00e9rique\u00a0;<br>\n<strong>\u2022<\/strong>\tDes d\u00e9coupeuses laser ou vinyle\u00a0;<br>\n<strong>\u2022<\/strong>\tDes cartes de d\u00e9veloppement \u00e9lectronique\u00a0;\netc.\n<\/p>\n<p>Les activit\u00e9s de cr\u00e9ativit\u00e9 et de prototypage y prennent forme \u00e0 travers l\u2019interaction entre les membres de la communaut\u00e9 active ayant des comp\u00e9tences diversifi\u00e9es telles que l\u2019\u00e9lectronique, la m\u00e9canique, l\u2019informatique, la chimie, \u2026. Ainsi, la confrontation des id\u00e9es et l\u2019exp\u00e9rimentation donnent l\u2019opportunit\u00e9 \u00e0 tous ses membres sp\u00e9cialistes ou non de concevoir des objets innovants avec peu de moyens et ce en un peu de temps.<\/p>\n\n<h3>Objectifs<\/h3>\n\n<p>Ce FabLab se veut un hub connectant l\u2019\u00e9cole aussi bien aux industriels qu\u2019\u00e0 la soci\u00e9t\u00e9 civile tant \u00e0 l\u2019\u00e9chelle nationale qu\u2019internationale. L\u2019\u00e9cole s\u2019est fix\u00e9e comme objectifs\u00a0de :<\/p>\n\n<p style=\"margin-left: 30px;\">\n<strong>\u2022<\/strong>\tEncourager la cr\u00e9ativit\u00e9 et l\u2019innovation par l\u2019\u00e9change et l\u2019encouragement de la culture Made in Morocco.<br>\n<strong>\u2022<\/strong>\tFormer par les pairs et par la main \u00e0 la p\u00e2te, aux techniques et aux technologies innovantes ainsi qu\u2019\u00e0 la gestion de projets.\u00a0<br>\n<strong>\u2022<\/strong>\tCr\u00e9er des prototypes et des pi\u00e8ces aussi bien pour la formation exp\u00e9rimentale que pour l\u2019utilisation de ces prototypes par les \u00e9l\u00e8ves dans le cadre de leurs projets.<br>\n<strong>\u2022<\/strong>\tSensibiliser les lyc\u00e9ens, les \u00e9coliers et la soci\u00e9t\u00e9 civile \u00e0 l\u2019importance de l\u2019innovation, du travail en \u00e9quipe, du partage du savoir-faire et des connaissances pour le changement et le d\u00e9veloppent durable\u00a0;<br>\n<strong>\u2022<\/strong>\tCollaborer avec les particuliers, les professionnels, les associations et les centres de recherche pour\u00a0:\n<\/p>\n<p style=\"margin-left: 60px;\">\n<strong>\u2022<\/strong>\tD\u00e9velopper le r\u00e9seautage et le partage du savoir\u00a0;<br>\n<strong>\u2022<\/strong>\tSupporter des projets entrepreneuriaux\u00a0;<br>\n<strong>\u2022<\/strong>\tDynamiser les porteurs de projets isol\u00e9s\u00a0;<br>\n<strong>\u2022<\/strong>\tOuvrir de nouvelles perspectives aux entreprises existantes.\n<\/p>\n\n<div id=\"gallery-1\" class=\"gallery galleryid-4460 gallery-columns-3 gallery-size-full\"><figure class=\"gallery-item\">\n\t\t\t<div class=\"gallery-icon portrait\">\n\t\t\t\t<img width=\"540\" height=\"1200\" src=\"\/ensak\/wp-content\/uploads\/2022\/01\/image3.jpg\" class=\"attachment-full size-full\" alt=\"\" loading=\"lazy\" srcset=\"\/ensak\/wp-content\/uploads\/2022\/01\/image3.jpg 540w, \/ensak\/wp-content\/uploads\/2022\/01\/image3-122x270.jpg 122w, \/ensak\/wp-content\/uploads\/2022\/01\/image3-461x1024.jpg 461w\" sizes=\"(max-width: 540px) 100vw, 540px\">\n\t\t\t<\/div><\/figure><figure class=\"gallery-item\">\n\t\t\t<div class=\"gallery-icon portrait\">\n\t\t\t\t<img width=\"540\" height=\"1200\" src=\"\/ensak\/wp-content\/uploads\/2022\/01\/image2.jpg\" class=\"attachment-full size-full\" alt=\"\" loading=\"lazy\" srcset=\"\/ensak\/wp-content\/uploads\/2022\/01\/image2.jpg 540w, \/ensak\/wp-content\/uploads\/2022\/01\/image2-122x270.jpg 122w, \/ensak\/wp-content\/uploads\/2022\/01\/image2-461x1024.jpg 461w\" sizes=\"(max-width: 540px) 100vw, 540px\">\n\t\t\t<\/div><\/figure><figure class=\"gallery-item\">\n\t\t\t<div class=\"gallery-icon portrait\">\n\t\t\t\t<img width=\"540\" height=\"1200\" src=\"\/ensak\/wp-content\/uploads\/2022\/01\/image1.jpg\" class=\"attachment-full size-full\" alt=\"\" loading=\"lazy\" srcset=\"\/ensak\/wp-content\/uploads\/2022\/01\/image1.jpg 540w, \/ensak\/wp-content\/uploads\/2022\/01\/image1-122x270.jpg 122w, \/ensak\/wp-content\/uploads\/2022\/01\/image1-461x1024.jpg 461w\" sizes=\"(max-width: 540px) 100vw, 540px\">\n\t\t\t<\/div><\/figure>\n\t\t<\/div><\/div>\n\t\t<\/div><\/div><\/div><\/div><\/div><\/div>","protected":false},"excerpt":{"rendered":"<p>FabLab ENSA-Khouribga est un tiers-lieu, cr\u00e9\u00e9 en 2020 au sein de l\u2019Ecole Nationale des Sciences Appliqu\u00e9es de Khouribga, ayant pour objectif de stimuler chez les \u00e9l\u00e8ves ing\u00e9nieurs, l\u2019innovation, la cr\u00e9ativit\u00e9 et l\u2019acquisition de connaissances par les pairs tout en mettant \u00e0 leur disposition des outils technologiques et num\u00e9riques, habituellement, r\u00e9serv\u00e9s aux sp\u00e9cialistes. FabLab ou Fabrication-Laboratory [&hellip;]<\/p>\n","protected":false},"author":2,"featured_media":0,"parent":0,"menu_order":0,"comment_status":"closed","ping_status":"closed","template":"page-templates\/tpl-pagebuilder.php","meta":{"ngg_post_thumbnail":0,"cybocfi_hide_featured_image":""},"acf":[],"_links":{"self":[{"href":"http:\/\/ensak.usms.ac.ma\/ensak\/wp-json\/wp\/v2\/pages\/4669"}],"collection":[{"href":"http:\/\/ensak.usms.ac.ma\/ensak\/wp-json\/wp\/v2\/pages"}],"about":[{"href":"http:\/\/ensak.usms.ac.ma\/ensak\/wp-json\/wp\/v2\/types\/page"}],"author":[{"embeddable":true,"href":"http:\/\/ensak.usms.ac.ma\/ensak\/wp-json\/wp\/v2\/users\/2"}],"replies":[{"embeddable":true,"href":"http:\/\/ensak.usms.ac.ma\/ensak\/wp-json\/wp\/v2\/comments?post=4669"}],"version-history":[{"count":6,"href":"http:\/\/ensak.usms.ac.ma\/ensak\/wp-json\/wp\/v2\/pages\/4669\/revisions"}],"predecessor-version":[{"id":4988,"href":"http:\/\/ensak.usms.ac.ma\/ensak\/wp-json\/wp\/v2\/pages\/4669\/revisions\/4988"}],"wp:attachment":[{"href":"http:\/\/ensak.usms.ac.ma\/ensak\/wp-json\/wp\/v2\/media?parent=4669"}],"curies":[{"name":"wp","href":"https:\/\/api.w.org\/{rel}","templated":true}]}}