{"id":4537,"date":"2022-01-21T17:12:40","date_gmt":"2022-01-21T16:12:40","guid":{"rendered":"http:\/\/ensak.usms.ac.ma\/ensak\/?page_id=4537"},"modified":"2025-02-03T15:44:08","modified_gmt":"2025-02-03T14:44:08","slug":"double-diplomation","status":"publish","type":"page","link":"http:\/\/ensak.usms.ac.ma\/ensak\/double-diplomation\/","title":{"rendered":"Double diplomation"},"content":{"rendered":"<div id=\"pl-4537\"  class=\"panel-layout\" ><div id=\"pg-4537-0\"  class=\"panel-grid panel-has-style\" ><div class=\"container panel-row-style panel-row-style-for-4537-0\" ><div id=\"pgc-4537-0-0\"  class=\"panel-grid-cell\" ><div id=\"panel-4537-0-0-0\" class=\"so-panel widget widget_text panel-first-child\" data-index=\"0\" ><div class=\"panel-widget-style panel-widget-style-for-4537-0-0-0\" >\t\t\t<div class=\"textwidget\"><h3>L\u2019ENSA, une \u00e9cole tourn\u00e9e vers l\u2019international<\/h3>\n<p>De nombreux accords de coop\u00e9ration liant l\u2019\u00e9tablissement \u00e0 des institutions universitaires \u00e9trang\u00e8res ont \u00e9t\u00e9 concr\u00e9tis\u00e9s par la signature de conventions et accords de coop\u00e9ration : <\/p>\n<p style=\"margin-left: 30px;\">\n-\tINSA Centre Val De Loire <i class=\"fa fa-arrow-right\" aria-hidden=\"true\"><\/i> Double diplomation, \u00e9change et PFE.<br>  \n-\tPOLYTECH Angers <i class=\"fa fa-arrow-right\" aria-hidden=\"true\"><\/i> PFE, suivi de semestres d\u2019enseignement.<br>\n-\tINSA DE Toulouse <i class=\"fa fa-arrow-right\" aria-hidden=\"true\"><\/i> Echange.<br>\n-\tEIL C\u00f4te d\u2019Opale <i class=\"fa fa-arrow-right\" aria-hidden=\"true\"><\/i> Double diplomation, \u00e9change, suivi de semestres d\u2019enseignement.<br>\n-\tUniversit\u00e9 du Qu\u00e9bec \u00e0 Chicoutimi (canada) <i class=\"fa fa-arrow-right\" aria-hidden=\"true\"><\/i> Echange.\n<\/p>\n<p>D\u2019autres conventions de coop\u00e9ration sont en cours d\u2019\u00e9laboration.<\/p>\n<\/div>\n\t\t<\/div><\/div><div id=\"panel-4537-0-0-1\" class=\"so-panel widget widget_text panel-last-child\" data-index=\"1\" ><div class=\"panel-widget-style panel-widget-style-for-4537-0-0-1\" >\t\t\t<div class=\"textwidget\"><h3>Bourse ing\u00e9nieur double diplomation<\/h3>\n<p>Le programme de Bourse ing\u00e9nieur double diplomation s\u2019adresse \u00e0 des \u00e9l\u00e8ves ing\u00e9nieurs de niveau master, de nationalit\u00e9 marocaine, inscrits dans une \u00e9cole d\u2019ing\u00e9nieur participant au CNC. L\u2019\u00e9tablissement d\u2019enseignement sup\u00e9rieur marocain doit \u00eatre li\u00e9 \u00e0 un \u00e9tablissement fran\u00e7ais par un accord de double diplomation qui reconna\u00eet la mobilit\u00e9 en France comme faisant partie int\u00e9grante du cursus de l\u2019\u00e9tudiant. Ainsi, cette mobilit\u00e9 doit lui permettre l\u2019obtention d\u2019un double dipl\u00f4me \u00e0 la fin de ses \u00e9tudes en France et de son cursus au Maroc.<\/p>\n<p>La bourse est attribu\u00e9e pour une dur\u00e9e de <b>17 mois<\/b> (\u00e0 partir de septembre 2022 jusqu\u2019\u00e0 janvier 2024) afin de pr\u00e9parer le dipl\u00f4me fran\u00e7ais d\u2019ing\u00e9nieur. Une Bourse de Couverture Sociale est pr\u00e9vue pour couvrir la p\u00e9riode de stage en France (entre janvier et ao\u00fbt 2024).<\/p>\n<h4>Crit\u00e8res de la commission mixte de s\u00e9lection<\/h4>\nLes crit\u00e8res de la commission mixte de s\u00e9lection porteront sur :\n<p style=\"margin-left: 30px;\">\n\u2022 <b>l\u2019excellence acad\u00e9mique<\/b> de l\u2019\u00e9tudiant (les trois premiers semestres de cycle ing\u00e9nieur seront consid\u00e9r\u00e9s) ;<\/br>\n\u2022 <b>la sp\u00e9cialit\u00e9 de formation :<\/b> celle-ci doit s\u2019inscrire dans l\u2019un des sp\u00e9cialit\u00e9s susceptibles de r\u00e9pondre aux besoins du march\u00e9 de l\u2019emploi marocain ;<\/br>\n\u2022 <b>l\u2019obtention d\u2019un double-dipl\u00f4me :<\/b> la convention de coop\u00e9ration entre les deux \u00e9tablissements sera analys\u00e9e afin de d\u00e9terminer si celle-ci pr\u00e9voit explicitement l\u2019obtention des dipl\u00f4mes marocain et fran\u00e7ais d\u2019ing\u00e9nieur.\n<\/p>\nCette bourse du gouvernement fran\u00e7ais n\u2019est pas cumulable avec une autre bourse. <br><br>\n<p><b>Pour plus d'information, veuillez consulter ce lien :<\/b><br>\n<a href=\"https:\/\/if-maroc.org\/casablanca\/etudier-en-france\/bourses-ingenieur-double-diplomation\/\">https:\/\/if-maroc.org\/casablanca\/etudier-en-france\/bourses-ingenieur-double-diplomation\/<\/a><\/p>\n<\/div>\n\t\t<\/div><\/div><\/div><\/div><\/div><\/div>","protected":false},"excerpt":{"rendered":"<p>L\u2019ENSA, une \u00e9cole tourn\u00e9e vers l\u2019international De nombreux accords de coop\u00e9ration liant l\u2019\u00e9tablissement \u00e0 des institutions universitaires \u00e9trang\u00e8res ont \u00e9t\u00e9 concr\u00e9tis\u00e9s par la signature de conventions et accords de coop\u00e9ration : &#8211; INSA Centre Val De Loire Double diplomation, \u00e9change et PFE. &#8211; POLYTECH Angers PFE, suivi de semestres d\u2019enseignement. &#8211; INSA DE Toulouse Echange. [&hellip;]<\/p>\n","protected":false},"author":2,"featured_media":0,"parent":0,"menu_order":0,"comment_status":"closed","ping_status":"closed","template":"page-templates\/tpl-pagebuilder.php","meta":{"ngg_post_thumbnail":0,"cybocfi_hide_featured_image":""},"acf":[],"_links":{"self":[{"href":"http:\/\/ensak.usms.ac.ma\/ensak\/wp-json\/wp\/v2\/pages\/4537"}],"collection":[{"href":"http:\/\/ensak.usms.ac.ma\/ensak\/wp-json\/wp\/v2\/pages"}],"about":[{"href":"http:\/\/ensak.usms.ac.ma\/ensak\/wp-json\/wp\/v2\/types\/page"}],"author":[{"embeddable":true,"href":"http:\/\/ensak.usms.ac.ma\/ensak\/wp-json\/wp\/v2\/users\/2"}],"replies":[{"embeddable":true,"href":"http:\/\/ensak.usms.ac.ma\/ensak\/wp-json\/wp\/v2\/comments?post=4537"}],"version-history":[{"count":20,"href":"http:\/\/ensak.usms.ac.ma\/ensak\/wp-json\/wp\/v2\/pages\/4537\/revisions"}],"predecessor-version":[{"id":7538,"href":"http:\/\/ensak.usms.ac.ma\/ensak\/wp-json\/wp\/v2\/pages\/4537\/revisions\/7538"}],"wp:attachment":[{"href":"http:\/\/ensak.usms.ac.ma\/ensak\/wp-json\/wp\/v2\/media?parent=4537"}],"curies":[{"name":"wp","href":"https:\/\/api.w.org\/{rel}","templated":true}]}}