{"id":4495,"date":"2022-01-19T16:16:40","date_gmt":"2022-01-19T15:16:40","guid":{"rendered":"http:\/\/ensak.usms.ac.ma\/ensak\/?page_id=4495"},"modified":"2022-01-21T21:32:35","modified_gmt":"2022-01-21T20:32:35","slug":"activites-parascolaires","status":"publish","type":"page","link":"http:\/\/ensak.usms.ac.ma\/ensak\/activites-parascolaires\/","title":{"rendered":"Activit\u00e9s parascolaires"},"content":{"rendered":"<div id=\"pl-4495\"  class=\"panel-layout\" ><div id=\"pg-4495-0\"  class=\"panel-grid panel-has-style\" ><div class=\"container panel-row-style panel-row-style-for-4495-0\" ><div id=\"pgc-4495-0-0\"  class=\"panel-grid-cell\" ><div id=\"panel-4495-0-0-0\" class=\"so-panel widget widget_text panel-first-child panel-last-child\" data-index=\"0\" ><div class=\"panel-widget-style panel-widget-style-for-4495-0-0-0\" >\t\t\t<div class=\"textwidget\"><p>A l\u2019ENSA-Khouribga, les activit\u00e9s parascolaires font partie de la formation au m\u00eame titre que les stages et les PFE. En plus du rayonnement de l\u2019\u00e9cole, les \u00e9l\u00e8ves sont impliqu\u00e9s dans diff\u00e9rentes actions telles que :<\/p>\n<p style=\"margin-left: 30px;\">\n<i class=\"fa fa-arrow-right\" aria-hidden=\"true\"><\/i>L\u2019int\u00e9gration et l\u2019accompagnement des nouveaux \u00e9l\u00e8ves ing\u00e9nieurs\u00a0;<br>\n<i class=\"fa fa-arrow-right\" aria-hidden=\"true\"><\/i>L\u2019organisation de journ\u00e9es d\u2019orientation et d\u2019information sur les fili\u00e8res\u00a0;<br>\n<i class=\"fa fa-arrow-right\" aria-hidden=\"true\"><\/i>L\u2019organisation de conf\u00e9rences, et s\u00e9minaires\u00a0;<br>\n<i class=\"fa fa-arrow-right\" aria-hidden=\"true\"><\/i>L\u2019organisation de Forums ;<br>\n<i class=\"fa fa-arrow-right\" aria-hidden=\"true\"><\/i>L\u2019organisation d\u2019ateliers de formation scientifique, artistique et culturelle\u00a0;<br>\n<i class=\"fa fa-arrow-right\" aria-hidden=\"true\"><\/i>L\u2019organisation de Journ\u00e9es Portes Ouvertes\u00a0;<br>\n<i class=\"fa fa-arrow-right\" aria-hidden=\"true\"><\/i>L\u2019organisation de journ\u00e9es th\u00e9matiques\u00a0;<br>\n<i class=\"fa fa-arrow-right\" aria-hidden=\"true\"><\/i>La c\u00e9l\u00e9bration de journ\u00e9es mondiales\u00a0;<br>\n<i class=\"fa fa-arrow-right\" aria-hidden=\"true\"><\/i>L\u2019organisation et\/ou participation aux tournois sportifs\u00a0;<br>\n<i class=\"fa fa-arrow-right\" aria-hidden=\"true\"><\/i>L\u2019organisation d\u2019excursions\u00a0;<br>\n<i class=\"fa fa-arrow-right\" aria-hidden=\"true\"><\/i>L\u2019organisation de comp\u00e9titions scientifiques, artistiques et culturelles.\n<\/p>\n\n<p>Toutes ces activit\u00e9s sont organis\u00e9es au sein des clubs et l\u2019administration de l\u2019\u00e9cole soutient activement l\u2019adh\u00e9sion et l\u2019investissement des jeunes dans ces structures estudiantines.<\/p>\n\n<p>De telles structures permettent aux futurs ing\u00e9nieurs de cr\u00e9er une ambiance conviviale, de d\u00e9velopper le sentiment d\u2019appartenance \u00e0 l\u2019\u00e9cole et d\u2019adh\u00e9rer davantage \u00e0 ses valeurs. L'engagement dans les activit\u00e9s culturelles, artistiques et sportives est souvent l'occasion pour les jeunes de vivre des exp\u00e9riences profitables et fructueuses aussi bien sur le plan de l\u2019apprentissage de m\u00e9thodes nouvelles, de cr\u00e9ativit\u00e9 et d\u2019inventivit\u00e9, que sur le plan de d\u00e9veloppement de leur personnalit\u00e9\u00a0\u00e0 savoir la capacit\u00e9 de communication et d\u2019\u00e9coute, le travail en \u00e9quipe, l\u2019autonomie et de se faire des amis !<\/p><\/div>\n\t\t<\/div><\/div><\/div><\/div><\/div><\/div>","protected":false},"excerpt":{"rendered":"<p>A l\u2019ENSA-Khouribga, les activit\u00e9s parascolaires font partie de la formation au m\u00eame titre que les stages et les PFE. En plus du rayonnement de l\u2019\u00e9cole, les \u00e9l\u00e8ves sont impliqu\u00e9s dans diff\u00e9rentes actions telles que : L\u2019int\u00e9gration et l\u2019accompagnement des nouveaux \u00e9l\u00e8ves ing\u00e9nieurs\u00a0; L\u2019organisation de journ\u00e9es d\u2019orientation et d\u2019information sur les fili\u00e8res\u00a0; L\u2019organisation de conf\u00e9rences, et [&hellip;]<\/p>\n","protected":false},"author":2,"featured_media":0,"parent":0,"menu_order":0,"comment_status":"closed","ping_status":"closed","template":"page-templates\/tpl-pagebuilder.php","meta":{"ngg_post_thumbnail":0,"cybocfi_hide_featured_image":""},"acf":[],"_links":{"self":[{"href":"http:\/\/ensak.usms.ac.ma\/ensak\/wp-json\/wp\/v2\/pages\/4495"}],"collection":[{"href":"http:\/\/ensak.usms.ac.ma\/ensak\/wp-json\/wp\/v2\/pages"}],"about":[{"href":"http:\/\/ensak.usms.ac.ma\/ensak\/wp-json\/wp\/v2\/types\/page"}],"author":[{"embeddable":true,"href":"http:\/\/ensak.usms.ac.ma\/ensak\/wp-json\/wp\/v2\/users\/2"}],"replies":[{"embeddable":true,"href":"http:\/\/ensak.usms.ac.ma\/ensak\/wp-json\/wp\/v2\/comments?post=4495"}],"version-history":[{"count":7,"href":"http:\/\/ensak.usms.ac.ma\/ensak\/wp-json\/wp\/v2\/pages\/4495\/revisions"}],"predecessor-version":[{"id":4551,"href":"http:\/\/ensak.usms.ac.ma\/ensak\/wp-json\/wp\/v2\/pages\/4495\/revisions\/4551"}],"wp:attachment":[{"href":"http:\/\/ensak.usms.ac.ma\/ensak\/wp-json\/wp\/v2\/media?parent=4495"}],"curies":[{"name":"wp","href":"https:\/\/api.w.org\/{rel}","templated":true}]}}