{"id":3570,"date":"2021-06-09T12:39:06","date_gmt":"2021-06-09T11:39:06","guid":{"rendered":"http:\/\/ensak.usms.ac.ma\/ensak\/?page_id=3570"},"modified":"2025-02-03T15:54:21","modified_gmt":"2025-02-03T14:54:21","slug":"nos-locaux","status":"publish","type":"page","link":"http:\/\/ensak.usms.ac.ma\/ensak\/nos-locaux\/","title":{"rendered":"Nos locaux"},"content":{"rendered":"<div id=\"pl-3570\"  class=\"panel-layout\" ><div id=\"pg-3570-0\"  class=\"panel-grid panel-has-style\" ><div class=\"container panel-row-style panel-row-style-for-3570-0\" ><div id=\"pgc-3570-0-0\"  class=\"panel-grid-cell\" ><div id=\"panel-3570-0-0-0\" class=\"so-panel widget widget_media_gallery panel-first-child\" data-index=\"0\" ><h3 class=\"widget-title\">Amphi des conf\u00e9rences<\/h3><div id='gallery-1' class='gallery galleryid-3570 gallery-columns-3 gallery-size-medium'><figure class='gallery-item'>\n\t\t\t<div class='gallery-icon landscape'>\n\t\t\t\t<a href='http:\/\/ensak.usms.ac.ma\/ensak\/wp-content\/uploads\/2021\/06\/WhatsApp-Image-2021-06-06-at-14.51.57-2.jpeg'><img width=\"360\" height=\"270\" src=\"http:\/\/ensak.usms.ac.ma\/ensak\/wp-content\/uploads\/2021\/06\/WhatsApp-Image-2021-06-06-at-14.51.57-2-360x270.jpeg\" class=\"attachment-medium size-medium\" alt=\"\" loading=\"lazy\" srcset=\"http:\/\/ensak.usms.ac.ma\/ensak\/wp-content\/uploads\/2021\/06\/WhatsApp-Image-2021-06-06-at-14.51.57-2-360x270.jpeg 360w, http:\/\/ensak.usms.ac.ma\/ensak\/wp-content\/uploads\/2021\/06\/WhatsApp-Image-2021-06-06-at-14.51.57-2-768x576.jpeg 768w, http:\/\/ensak.usms.ac.ma\/ensak\/wp-content\/uploads\/2021\/06\/WhatsApp-Image-2021-06-06-at-14.51.57-2.jpeg 1024w, http:\/\/ensak.usms.ac.ma\/ensak\/wp-content\/uploads\/2021\/06\/WhatsApp-Image-2021-06-06-at-14.51.57-2-100x75.jpeg 100w, http:\/\/ensak.usms.ac.ma\/ensak\/wp-content\/uploads\/2021\/06\/WhatsApp-Image-2021-06-06-at-14.51.57-2-96x72.jpeg 96w\" sizes=\"(max-width: 360px) 100vw, 360px\" \/><\/a>\n\t\t\t<\/div><\/figure><figure class='gallery-item'>\n\t\t\t<div class='gallery-icon landscape'>\n\t\t\t\t<a href='http:\/\/ensak.usms.ac.ma\/ensak\/wp-content\/uploads\/2021\/06\/G15.jpg'><img width=\"360\" height=\"270\" src=\"http:\/\/ensak.usms.ac.ma\/ensak\/wp-content\/uploads\/2021\/06\/G15-360x270.jpg\" class=\"attachment-medium size-medium\" alt=\"\" loading=\"lazy\" srcset=\"http:\/\/ensak.usms.ac.ma\/ensak\/wp-content\/uploads\/2021\/06\/G15-360x270.jpg 360w, http:\/\/ensak.usms.ac.ma\/ensak\/wp-content\/uploads\/2021\/06\/G15-768x576.jpg 768w, http:\/\/ensak.usms.ac.ma\/ensak\/wp-content\/uploads\/2021\/06\/G15-100x75.jpg 100w, http:\/\/ensak.usms.ac.ma\/ensak\/wp-content\/uploads\/2021\/06\/G15-96x72.jpg 96w, http:\/\/ensak.usms.ac.ma\/ensak\/wp-content\/uploads\/2021\/06\/G15.jpg 800w\" sizes=\"(max-width: 360px) 100vw, 360px\" \/><\/a>\n\t\t\t<\/div><\/figure><figure class='gallery-item'>\n\t\t\t<div class='gallery-icon landscape'>\n\t\t\t\t<a href='http:\/\/ensak.usms.ac.ma\/ensak\/wp-content\/uploads\/2021\/06\/WhatsApp-Image-2021-06-06-at-14.51.57-1.jpeg'><img width=\"360\" height=\"270\" src=\"http:\/\/ensak.usms.ac.ma\/ensak\/wp-content\/uploads\/2021\/06\/WhatsApp-Image-2021-06-06-at-14.51.57-1-360x270.jpeg\" class=\"attachment-medium size-medium\" alt=\"\" loading=\"lazy\" srcset=\"http:\/\/ensak.usms.ac.ma\/ensak\/wp-content\/uploads\/2021\/06\/WhatsApp-Image-2021-06-06-at-14.51.57-1-360x270.jpeg 360w, http:\/\/ensak.usms.ac.ma\/ensak\/wp-content\/uploads\/2021\/06\/WhatsApp-Image-2021-06-06-at-14.51.57-1-768x576.jpeg 768w, http:\/\/ensak.usms.ac.ma\/ensak\/wp-content\/uploads\/2021\/06\/WhatsApp-Image-2021-06-06-at-14.51.57-1.jpeg 1024w, http:\/\/ensak.usms.ac.ma\/ensak\/wp-content\/uploads\/2021\/06\/WhatsApp-Image-2021-06-06-at-14.51.57-1-100x75.jpeg 100w, http:\/\/ensak.usms.ac.ma\/ensak\/wp-content\/uploads\/2021\/06\/WhatsApp-Image-2021-06-06-at-14.51.57-1-96x72.jpeg 96w\" sizes=\"(max-width: 360px) 100vw, 360px\" \/><\/a>\n\t\t\t<\/div><\/figure>\n\t\t<\/div>\n<\/div><div id=\"panel-3570-0-0-1\" class=\"so-panel widget widget_edupress-separator\" data-index=\"1\" ><div class=\"so-widget-edupress-separator so-widget-edupress-separator-default-d75171398898-3570\"><div class=\"separator clearfix\" style=\"height: 50px;\">\r\n<\/div>\r\n\t\t\t\t\r\n            <\/div><\/div><div id=\"panel-3570-0-0-2\" class=\"so-panel widget widget_media_gallery\" data-index=\"2\" ><h3 class=\"widget-title\">Amphi de cours<\/h3><div id='gallery-2' class='gallery galleryid-3570 gallery-columns-2 gallery-size-medium'><figure class='gallery-item'>\n\t\t\t<div class='gallery-icon landscape'>\n\t\t\t\t<a href='http:\/\/ensak.usms.ac.ma\/ensak\/wp-content\/uploads\/2021\/06\/G14.jpg'><img width=\"360\" height=\"270\" src=\"http:\/\/ensak.usms.ac.ma\/ensak\/wp-content\/uploads\/2021\/06\/G14-360x270.jpg\" class=\"attachment-medium size-medium\" alt=\"\" loading=\"lazy\" srcset=\"http:\/\/ensak.usms.ac.ma\/ensak\/wp-content\/uploads\/2021\/06\/G14-360x270.jpg 360w, http:\/\/ensak.usms.ac.ma\/ensak\/wp-content\/uploads\/2021\/06\/G14-768x576.jpg 768w, http:\/\/ensak.usms.ac.ma\/ensak\/wp-content\/uploads\/2021\/06\/G14-100x75.jpg 100w, http:\/\/ensak.usms.ac.ma\/ensak\/wp-content\/uploads\/2021\/06\/G14-96x72.jpg 96w, http:\/\/ensak.usms.ac.ma\/ensak\/wp-content\/uploads\/2021\/06\/G14.jpg 800w\" sizes=\"(max-width: 360px) 100vw, 360px\" \/><\/a>\n\t\t\t<\/div><\/figure><figure class='gallery-item'>\n\t\t\t<div class='gallery-icon landscape'>\n\t\t\t\t<a href='http:\/\/ensak.usms.ac.ma\/ensak\/wp-content\/uploads\/2021\/06\/G14-1.jpg'><img width=\"360\" height=\"270\" src=\"http:\/\/ensak.usms.ac.ma\/ensak\/wp-content\/uploads\/2021\/06\/G14-1-360x270.jpg\" class=\"attachment-medium size-medium\" alt=\"\" loading=\"lazy\" srcset=\"http:\/\/ensak.usms.ac.ma\/ensak\/wp-content\/uploads\/2021\/06\/G14-1-360x270.jpg 360w, http:\/\/ensak.usms.ac.ma\/ensak\/wp-content\/uploads\/2021\/06\/G14-1-768x576.jpg 768w, http:\/\/ensak.usms.ac.ma\/ensak\/wp-content\/uploads\/2021\/06\/G14-1-100x75.jpg 100w, http:\/\/ensak.usms.ac.ma\/ensak\/wp-content\/uploads\/2021\/06\/G14-1-96x72.jpg 96w, http:\/\/ensak.usms.ac.ma\/ensak\/wp-content\/uploads\/2021\/06\/G14-1.jpg 800w\" sizes=\"(max-width: 360px) 100vw, 360px\" \/><\/a>\n\t\t\t<\/div><\/figure>\n\t\t<\/div>\n<\/div><div id=\"panel-3570-0-0-3\" class=\"so-panel widget widget_edupress-separator\" data-index=\"3\" ><div class=\"so-widget-edupress-separator so-widget-edupress-separator-default-d75171398898-3570\"><div class=\"separator clearfix\" style=\"height: 50px;\">\r\n<\/div>\r\n\t\t\t\t\r\n            <\/div><\/div><div id=\"panel-3570-0-0-4\" class=\"so-panel widget widget_media_gallery\" data-index=\"4\" ><h3 class=\"widget-title\">Salle des r\u00e9unions<\/h3><div id='gallery-3' class='gallery galleryid-3570 gallery-columns-2 gallery-size-medium'><figure class='gallery-item'>\n\t\t\t<div class='gallery-icon landscape'>\n\t\t\t\t<a href='http:\/\/ensak.usms.ac.ma\/ensak\/wp-content\/uploads\/2025\/02\/IMG_6474-scaled.jpg'><img width=\"360\" height=\"270\" src=\"http:\/\/ensak.usms.ac.ma\/ensak\/wp-content\/uploads\/2025\/02\/IMG_6474-360x270.jpg\" class=\"attachment-medium size-medium\" alt=\"\" loading=\"lazy\" srcset=\"http:\/\/ensak.usms.ac.ma\/ensak\/wp-content\/uploads\/2025\/02\/IMG_6474-360x270.jpg 360w, http:\/\/ensak.usms.ac.ma\/ensak\/wp-content\/uploads\/2025\/02\/IMG_6474-1024x768.jpg 1024w, http:\/\/ensak.usms.ac.ma\/ensak\/wp-content\/uploads\/2025\/02\/IMG_6474-768x576.jpg 768w, http:\/\/ensak.usms.ac.ma\/ensak\/wp-content\/uploads\/2025\/02\/IMG_6474-1536x1152.jpg 1536w, http:\/\/ensak.usms.ac.ma\/ensak\/wp-content\/uploads\/2025\/02\/IMG_6474-2048x1536.jpg 2048w, http:\/\/ensak.usms.ac.ma\/ensak\/wp-content\/uploads\/2025\/02\/IMG_6474-100x75.jpg 100w, http:\/\/ensak.usms.ac.ma\/ensak\/wp-content\/uploads\/2025\/02\/IMG_6474-96x72.jpg 96w\" sizes=\"(max-width: 360px) 100vw, 360px\" \/><\/a>\n\t\t\t<\/div><\/figure><figure class='gallery-item'>\n\t\t\t<div class='gallery-icon landscape'>\n\t\t\t\t<a href='http:\/\/ensak.usms.ac.ma\/ensak\/wp-content\/uploads\/2025\/02\/IMG_6475-scaled.jpg'><img width=\"360\" height=\"270\" src=\"http:\/\/ensak.usms.ac.ma\/ensak\/wp-content\/uploads\/2025\/02\/IMG_6475-360x270.jpg\" class=\"attachment-medium size-medium\" alt=\"\" loading=\"lazy\" srcset=\"http:\/\/ensak.usms.ac.ma\/ensak\/wp-content\/uploads\/2025\/02\/IMG_6475-360x270.jpg 360w, http:\/\/ensak.usms.ac.ma\/ensak\/wp-content\/uploads\/2025\/02\/IMG_6475-1024x768.jpg 1024w, http:\/\/ensak.usms.ac.ma\/ensak\/wp-content\/uploads\/2025\/02\/IMG_6475-768x576.jpg 768w, http:\/\/ensak.usms.ac.ma\/ensak\/wp-content\/uploads\/2025\/02\/IMG_6475-1536x1152.jpg 1536w, http:\/\/ensak.usms.ac.ma\/ensak\/wp-content\/uploads\/2025\/02\/IMG_6475-2048x1536.jpg 2048w, http:\/\/ensak.usms.ac.ma\/ensak\/wp-content\/uploads\/2025\/02\/IMG_6475-100x75.jpg 100w, http:\/\/ensak.usms.ac.ma\/ensak\/wp-content\/uploads\/2025\/02\/IMG_6475-96x72.jpg 96w\" sizes=\"(max-width: 360px) 100vw, 360px\" \/><\/a>\n\t\t\t<\/div><\/figure>\n\t\t<\/div>\n<\/div><div id=\"panel-3570-0-0-5\" class=\"so-panel widget widget_edupress-separator\" data-index=\"5\" ><div class=\"so-widget-edupress-separator so-widget-edupress-separator-default-d75171398898-3570\"><div class=\"separator clearfix\" style=\"height: 50px;\">\r\n<\/div>\r\n\t\t\t\t\r\n            <\/div><\/div><div id=\"panel-3570-0-0-6\" class=\"so-panel widget widget_media_gallery\" data-index=\"6\" ><h3 class=\"widget-title\">Nos laboratoires p\u00e9dagogiques<\/h3><div id='gallery-4' class='gallery galleryid-3570 gallery-columns-2 gallery-size-medium'><figure class='gallery-item'>\n\t\t\t<div class='gallery-icon landscape'>\n\t\t\t\t<a href='http:\/\/ensak.usms.ac.ma\/ensak\/wp-content\/uploads\/2022\/04\/WhatsApp-Image-2022-03-21-at-5.02.39-PM.jpeg'><img width=\"360\" height=\"270\" src=\"http:\/\/ensak.usms.ac.ma\/ensak\/wp-content\/uploads\/2022\/04\/WhatsApp-Image-2022-03-21-at-5.02.39-PM-360x270.jpeg\" class=\"attachment-medium size-medium\" alt=\"\" loading=\"lazy\" srcset=\"http:\/\/ensak.usms.ac.ma\/ensak\/wp-content\/uploads\/2022\/04\/WhatsApp-Image-2022-03-21-at-5.02.39-PM-360x270.jpeg 360w, http:\/\/ensak.usms.ac.ma\/ensak\/wp-content\/uploads\/2022\/04\/WhatsApp-Image-2022-03-21-at-5.02.39-PM-1024x768.jpeg 1024w, http:\/\/ensak.usms.ac.ma\/ensak\/wp-content\/uploads\/2022\/04\/WhatsApp-Image-2022-03-21-at-5.02.39-PM-768x576.jpeg 768w, http:\/\/ensak.usms.ac.ma\/ensak\/wp-content\/uploads\/2022\/04\/WhatsApp-Image-2022-03-21-at-5.02.39-PM-1536x1152.jpeg 1536w, http:\/\/ensak.usms.ac.ma\/ensak\/wp-content\/uploads\/2022\/04\/WhatsApp-Image-2022-03-21-at-5.02.39-PM-100x75.jpeg 100w, http:\/\/ensak.usms.ac.ma\/ensak\/wp-content\/uploads\/2022\/04\/WhatsApp-Image-2022-03-21-at-5.02.39-PM-96x72.jpeg 96w, http:\/\/ensak.usms.ac.ma\/ensak\/wp-content\/uploads\/2022\/04\/WhatsApp-Image-2022-03-21-at-5.02.39-PM.jpeg 1600w\" sizes=\"(max-width: 360px) 100vw, 360px\" \/><\/a>\n\t\t\t<\/div><\/figure><figure class='gallery-item'>\n\t\t\t<div class='gallery-icon landscape'>\n\t\t\t\t<a href='http:\/\/ensak.usms.ac.ma\/ensak\/wp-content\/uploads\/2022\/04\/WhatsApp-Image-2022-03-21-at-5.02.40-PM.jpeg'><img width=\"360\" height=\"270\" src=\"http:\/\/ensak.usms.ac.ma\/ensak\/wp-content\/uploads\/2022\/04\/WhatsApp-Image-2022-03-21-at-5.02.40-PM-360x270.jpeg\" class=\"attachment-medium size-medium\" alt=\"\" loading=\"lazy\" srcset=\"http:\/\/ensak.usms.ac.ma\/ensak\/wp-content\/uploads\/2022\/04\/WhatsApp-Image-2022-03-21-at-5.02.40-PM-360x270.jpeg 360w, http:\/\/ensak.usms.ac.ma\/ensak\/wp-content\/uploads\/2022\/04\/WhatsApp-Image-2022-03-21-at-5.02.40-PM-1024x768.jpeg 1024w, http:\/\/ensak.usms.ac.ma\/ensak\/wp-content\/uploads\/2022\/04\/WhatsApp-Image-2022-03-21-at-5.02.40-PM-768x576.jpeg 768w, http:\/\/ensak.usms.ac.ma\/ensak\/wp-content\/uploads\/2022\/04\/WhatsApp-Image-2022-03-21-at-5.02.40-PM-1536x1152.jpeg 1536w, http:\/\/ensak.usms.ac.ma\/ensak\/wp-content\/uploads\/2022\/04\/WhatsApp-Image-2022-03-21-at-5.02.40-PM-100x75.jpeg 100w, http:\/\/ensak.usms.ac.ma\/ensak\/wp-content\/uploads\/2022\/04\/WhatsApp-Image-2022-03-21-at-5.02.40-PM-96x72.jpeg 96w, http:\/\/ensak.usms.ac.ma\/ensak\/wp-content\/uploads\/2022\/04\/WhatsApp-Image-2022-03-21-at-5.02.40-PM.jpeg 1600w\" sizes=\"(max-width: 360px) 100vw, 360px\" \/><\/a>\n\t\t\t<\/div><\/figure>\n\t\t<\/div>\n<\/div><div id=\"panel-3570-0-0-7\" class=\"so-panel widget widget_edupress-separator\" data-index=\"7\" ><div class=\"so-widget-edupress-separator so-widget-edupress-separator-default-d75171398898-3570\"><div class=\"separator clearfix\" style=\"height: 50px;\">\r\n<\/div>\r\n\t\t\t\t\r\n            <\/div><\/div><div id=\"panel-3570-0-0-8\" class=\"so-panel widget widget_media_gallery\" data-index=\"8\" ><div id='gallery-5' class='gallery galleryid-3570 gallery-columns-2 gallery-size-medium'><figure class='gallery-item'>\n\t\t\t<div class='gallery-icon landscape'>\n\t\t\t\t<a href='http:\/\/ensak.usms.ac.ma\/ensak\/wp-content\/uploads\/2022\/04\/WhatsApp-Image-2022-03-21-at-5.02.47-PM-1.jpeg'><img width=\"360\" height=\"270\" src=\"http:\/\/ensak.usms.ac.ma\/ensak\/wp-content\/uploads\/2022\/04\/WhatsApp-Image-2022-03-21-at-5.02.47-PM-1-360x270.jpeg\" class=\"attachment-medium size-medium\" alt=\"\" loading=\"lazy\" srcset=\"http:\/\/ensak.usms.ac.ma\/ensak\/wp-content\/uploads\/2022\/04\/WhatsApp-Image-2022-03-21-at-5.02.47-PM-1-360x270.jpeg 360w, http:\/\/ensak.usms.ac.ma\/ensak\/wp-content\/uploads\/2022\/04\/WhatsApp-Image-2022-03-21-at-5.02.47-PM-1-1024x768.jpeg 1024w, http:\/\/ensak.usms.ac.ma\/ensak\/wp-content\/uploads\/2022\/04\/WhatsApp-Image-2022-03-21-at-5.02.47-PM-1-768x576.jpeg 768w, http:\/\/ensak.usms.ac.ma\/ensak\/wp-content\/uploads\/2022\/04\/WhatsApp-Image-2022-03-21-at-5.02.47-PM-1-1536x1152.jpeg 1536w, http:\/\/ensak.usms.ac.ma\/ensak\/wp-content\/uploads\/2022\/04\/WhatsApp-Image-2022-03-21-at-5.02.47-PM-1-100x75.jpeg 100w, http:\/\/ensak.usms.ac.ma\/ensak\/wp-content\/uploads\/2022\/04\/WhatsApp-Image-2022-03-21-at-5.02.47-PM-1-96x72.jpeg 96w, http:\/\/ensak.usms.ac.ma\/ensak\/wp-content\/uploads\/2022\/04\/WhatsApp-Image-2022-03-21-at-5.02.47-PM-1.jpeg 1600w\" sizes=\"(max-width: 360px) 100vw, 360px\" \/><\/a>\n\t\t\t<\/div><\/figure><figure class='gallery-item'>\n\t\t\t<div class='gallery-icon landscape'>\n\t\t\t\t<a href='http:\/\/ensak.usms.ac.ma\/ensak\/wp-content\/uploads\/2022\/04\/WhatsApp-Image-2022-03-21-at-5.02.47-PM.jpeg'><img width=\"360\" height=\"270\" src=\"http:\/\/ensak.usms.ac.ma\/ensak\/wp-content\/uploads\/2022\/04\/WhatsApp-Image-2022-03-21-at-5.02.47-PM-360x270.jpeg\" class=\"attachment-medium size-medium\" alt=\"\" loading=\"lazy\" srcset=\"http:\/\/ensak.usms.ac.ma\/ensak\/wp-content\/uploads\/2022\/04\/WhatsApp-Image-2022-03-21-at-5.02.47-PM-360x270.jpeg 360w, http:\/\/ensak.usms.ac.ma\/ensak\/wp-content\/uploads\/2022\/04\/WhatsApp-Image-2022-03-21-at-5.02.47-PM-1024x768.jpeg 1024w, http:\/\/ensak.usms.ac.ma\/ensak\/wp-content\/uploads\/2022\/04\/WhatsApp-Image-2022-03-21-at-5.02.47-PM-768x576.jpeg 768w, http:\/\/ensak.usms.ac.ma\/ensak\/wp-content\/uploads\/2022\/04\/WhatsApp-Image-2022-03-21-at-5.02.47-PM-1536x1152.jpeg 1536w, http:\/\/ensak.usms.ac.ma\/ensak\/wp-content\/uploads\/2022\/04\/WhatsApp-Image-2022-03-21-at-5.02.47-PM-100x75.jpeg 100w, http:\/\/ensak.usms.ac.ma\/ensak\/wp-content\/uploads\/2022\/04\/WhatsApp-Image-2022-03-21-at-5.02.47-PM-96x72.jpeg 96w, http:\/\/ensak.usms.ac.ma\/ensak\/wp-content\/uploads\/2022\/04\/WhatsApp-Image-2022-03-21-at-5.02.47-PM.jpeg 1600w\" sizes=\"(max-width: 360px) 100vw, 360px\" \/><\/a>\n\t\t\t<\/div><\/figure>\n\t\t<\/div>\n<\/div><div id=\"panel-3570-0-0-9\" class=\"so-panel widget widget_edupress-separator\" data-index=\"9\" ><div class=\"so-widget-edupress-separator so-widget-edupress-separator-default-d75171398898-3570\"><div class=\"separator clearfix\" style=\"height: 50px;\">\r\n<\/div>\r\n\t\t\t\t\r\n            <\/div><\/div><div id=\"panel-3570-0-0-10\" class=\"so-panel widget widget_media_gallery panel-last-child\" data-index=\"10\" ><h3 class=\"widget-title\">Masjed<\/h3><div id='gallery-6' class='gallery galleryid-3570 gallery-columns-3 gallery-size-medium'><figure class='gallery-item'>\n\t\t\t<div class='gallery-icon landscape'>\n\t\t\t\t<a href='http:\/\/ensak.usms.ac.ma\/ensak\/wp-content\/uploads\/2022\/03\/1m.jpg'><img width=\"360\" height=\"270\" src=\"http:\/\/ensak.usms.ac.ma\/ensak\/wp-content\/uploads\/2022\/03\/1m-360x270.jpg\" class=\"attachment-medium size-medium\" alt=\"\" loading=\"lazy\" srcset=\"http:\/\/ensak.usms.ac.ma\/ensak\/wp-content\/uploads\/2022\/03\/1m-360x270.jpg 360w, http:\/\/ensak.usms.ac.ma\/ensak\/wp-content\/uploads\/2022\/03\/1m-768x576.jpg 768w, http:\/\/ensak.usms.ac.ma\/ensak\/wp-content\/uploads\/2022\/03\/1m.jpg 1024w, http:\/\/ensak.usms.ac.ma\/ensak\/wp-content\/uploads\/2022\/03\/1m-100x75.jpg 100w, http:\/\/ensak.usms.ac.ma\/ensak\/wp-content\/uploads\/2022\/03\/1m-96x72.jpg 96w\" sizes=\"(max-width: 360px) 100vw, 360px\" \/><\/a>\n\t\t\t<\/div><\/figure><figure class='gallery-item'>\n\t\t\t<div class='gallery-icon landscape'>\n\t\t\t\t<a href='http:\/\/ensak.usms.ac.ma\/ensak\/wp-content\/uploads\/2022\/03\/2m.jpg'><img width=\"360\" height=\"270\" src=\"http:\/\/ensak.usms.ac.ma\/ensak\/wp-content\/uploads\/2022\/03\/2m-360x270.jpg\" class=\"attachment-medium size-medium\" alt=\"\" loading=\"lazy\" srcset=\"http:\/\/ensak.usms.ac.ma\/ensak\/wp-content\/uploads\/2022\/03\/2m-360x270.jpg 360w, http:\/\/ensak.usms.ac.ma\/ensak\/wp-content\/uploads\/2022\/03\/2m-768x576.jpg 768w, http:\/\/ensak.usms.ac.ma\/ensak\/wp-content\/uploads\/2022\/03\/2m.jpg 1024w, http:\/\/ensak.usms.ac.ma\/ensak\/wp-content\/uploads\/2022\/03\/2m-100x75.jpg 100w, http:\/\/ensak.usms.ac.ma\/ensak\/wp-content\/uploads\/2022\/03\/2m-96x72.jpg 96w\" sizes=\"(max-width: 360px) 100vw, 360px\" \/><\/a>\n\t\t\t<\/div><\/figure><figure class='gallery-item'>\n\t\t\t<div class='gallery-icon landscape'>\n\t\t\t\t<a href='http:\/\/ensak.usms.ac.ma\/ensak\/wp-content\/uploads\/2022\/03\/3m.jpg'><img width=\"360\" height=\"270\" src=\"http:\/\/ensak.usms.ac.ma\/ensak\/wp-content\/uploads\/2022\/03\/3m-360x270.jpg\" class=\"attachment-medium size-medium\" alt=\"\" loading=\"lazy\" srcset=\"http:\/\/ensak.usms.ac.ma\/ensak\/wp-content\/uploads\/2022\/03\/3m-360x270.jpg 360w, http:\/\/ensak.usms.ac.ma\/ensak\/wp-content\/uploads\/2022\/03\/3m-768x576.jpg 768w, http:\/\/ensak.usms.ac.ma\/ensak\/wp-content\/uploads\/2022\/03\/3m.jpg 1024w, http:\/\/ensak.usms.ac.ma\/ensak\/wp-content\/uploads\/2022\/03\/3m-100x75.jpg 100w, http:\/\/ensak.usms.ac.ma\/ensak\/wp-content\/uploads\/2022\/03\/3m-96x72.jpg 96w\" sizes=\"(max-width: 360px) 100vw, 360px\" \/><\/a>\n\t\t\t<\/div><\/figure>\n\t\t<\/div>\n<\/div><\/div><\/div><\/div><\/div>","protected":false},"excerpt":{"rendered":"<p>Amphi des conf\u00e9rences Amphi de cours Salle des r\u00e9unions Nos laboratoires p\u00e9dagogiques Masjed<\/p>\n","protected":false},"author":2,"featured_media":0,"parent":0,"menu_order":0,"comment_status":"closed","ping_status":"closed","template":"page-templates\/tpl-pagebuilder.php","meta":{"ngg_post_thumbnail":0,"cybocfi_hide_featured_image":""},"acf":[],"_links":{"self":[{"href":"http:\/\/ensak.usms.ac.ma\/ensak\/wp-json\/wp\/v2\/pages\/3570"}],"collection":[{"href":"http:\/\/ensak.usms.ac.ma\/ensak\/wp-json\/wp\/v2\/pages"}],"about":[{"href":"http:\/\/ensak.usms.ac.ma\/ensak\/wp-json\/wp\/v2\/types\/page"}],"author":[{"embeddable":true,"href":"http:\/\/ensak.usms.ac.ma\/ensak\/wp-json\/wp\/v2\/users\/2"}],"replies":[{"embeddable":true,"href":"http:\/\/ensak.usms.ac.ma\/ensak\/wp-json\/wp\/v2\/comments?post=3570"}],"version-history":[{"count":51,"href":"http:\/\/ensak.usms.ac.ma\/ensak\/wp-json\/wp\/v2\/pages\/3570\/revisions"}],"predecessor-version":[{"id":7544,"href":"http:\/\/ensak.usms.ac.ma\/ensak\/wp-json\/wp\/v2\/pages\/3570\/revisions\/7544"}],"wp:attachment":[{"href":"http:\/\/ensak.usms.ac.ma\/ensak\/wp-json\/wp\/v2\/media?parent=3570"}],"curies":[{"name":"wp","href":"https:\/\/api.w.org\/{rel}","templated":true}]}}