{"id":3528,"date":"2021-06-07T17:11:25","date_gmt":"2021-06-07T16:11:25","guid":{"rendered":"http:\/\/ensak.usms.ac.ma\/ensak\/?page_id=3528"},"modified":"2021-06-23T16:21:00","modified_gmt":"2021-06-23T15:21:00","slug":"textes-et-lois","status":"publish","type":"page","link":"http:\/\/ensak.usms.ac.ma\/ensak\/textes-et-lois\/","title":{"rendered":"Textes et lois"},"content":{"rendered":"<div id=\"pl-3528\"  class=\"panel-layout\" ><div id=\"pg-3528-0\"  class=\"panel-grid panel-has-style\" ><div class=\"container panel-row-style panel-row-style-for-3528-0\" ><div id=\"pgc-3528-0-0\"  class=\"panel-grid-cell\" ><div id=\"panel-3528-0-0-0\" class=\"so-panel widget widget_text panel-first-child panel-last-child\" data-index=\"0\" ><div class=\"panel-widget-style panel-widget-style-for-3528-0-0-0\" >\t\t\t<div class=\"textwidget\"><style>\n@import url('https:\/\/fonts.googleapis.com\/css2?family=Titillium+Web&display=swap');\n\np {\nfont-family: 'Titillium Web', sans-serif;\n}\na:link {\ncolor: #00ccff;\n}\n<\/style>\n\n<strong>TEXTES FONDAMENTAUX<\/strong>\n<p style=\"margin-left: 30px;\"><br>\n<strong>\u2022<\/strong>\tCharte nationale d'\u00e9ducation et de formation (<a href=\"\/ensak\/wp-content\/uploads\/2021\/06\/5a9983786244c.pdf\" target=\"_blank\" rel=\"noopener\">Charte<\/a>)<br>\n<strong>\u2022<\/strong>\tLoi n\u00b0 01-00 portant organisation de l'enseignement sup\u00e9rieur (<a href=\"\/ensak\/wp-content\/uploads\/2021\/06\/5a9983a296a20.pdf\" target=\"_blank\" rel=\"noopener\">Loi n\u00b0 01-00<\/a>)<br>\n<\/p>\n\n<strong>ENSEIGNEMENT SUPERIEUR UNIVERSITAIRE<\/strong>\n\n<p style=\"margin-left: 30px;\"><br>\n<strong>\u2022<\/strong>\tDahir portant loi n\u00b01.75.398 portant cr\u00e9ation d\u2019universit\u00e9s. (<a href=\"\/ensak\/wp-content\/uploads\/2021\/06\/Creation-Unv-Ar.pdf\" target=\"_blank\" rel=\"noopener\">Dahir<\/a>)<br>\n<strong>\u2022<\/strong>\tD\u00e9cret n\u00b0 2-90-554 relatif aux \u00e9tablissements universitaires et aux cit\u00e9s universitaires (<a href=\"\/ensak\/wp-content\/uploads\/2021\/06\/Creation_etab_Unv_Ar.pdf\" target=\"_blank\" rel=\"noopener\">D\u00e9cret<\/a>)<br>\n<strong>\u2022<\/strong>\tD\u00e9cret n\u00b0 2.01.1999 fixant la composition du comit\u00e9 charg\u00e9 d'examiner les candidatures et projets de d\u00e9veloppement de l'universit\u00e9 en vue de choisir trois candidats \u00e0 la pr\u00e9sidence d'universit\u00e9(<a href=\"\/ensak\/wp-content\/uploads\/2021\/06\/candidature-universite-Ar.pdf\" target=\"_blank\" rel=\"noopener\">D\u00e9cret<\/a>)<br>\n<strong>\u2022<\/strong>\tD\u00e9cret n\u00b0 2.01.2352 chargeant le ministre de l'enseignement sup\u00e9rieur, de la formation des cadres et de la recherche scientifique de fixer les modalit\u00e9s d'appel aux candidatures \u00e0 la pr\u00e9sidence d'universit\u00e9 (<a href=\"\/ensak\/wp-content\/uploads\/2021\/06\/dec_2_01_2352.pdf\" target=\"_blank\" rel=\"noopener\">D\u00e9cret<\/a>)<br>\n<strong>\u2022<\/strong>\tArr\u00eat\u00e9 du ministre de l'enseignement sup\u00e9rieur, de la formation des cadres et de la recherche scientifique n\u00b0 1774-01 fixant les modalit\u00e9s d'appel aux candidatures \u00e0 la pr\u00e9sidence d'universit\u00e9 (<a href=\"\/ensak\/wp-content\/uploads\/2021\/06\/arr_1774_01_ar.pdf\" target=\"_blank\" rel=\"noopener\">Arr\u00eat\u00e9<\/a>)<br>\n<\/p>\n\n<strong>INSTANCES UNIVERSITAIRES<\/strong>\n\n<p style=\"margin-left: 30px;\"><br>\n<strong>\u2022<\/strong>\tD\u00e9cret n\u00b0 2.01.2326 fixant les modalit\u00e9s de d\u00e9signation et d'\u00e9lection de membres des conseils des universit\u00e9s (<a href=\"\/ensak\/wp-content\/uploads\/2021\/06\/dec_2_01_2326.pdf\" target=\"_blank\" rel=\"noopener\">D\u00e9cret<\/a>)<br>\n<strong>\u2022<\/strong>\tArr\u00eat\u00e9 du ministre de l'enseignement sup\u00e9rieur, de la formation des cadres et de la recherche scientifique n\u00b0 1269-02 fixant les modalit\u00e9s d'organisation des \u00e9lections des membres \u00e9lus des conseils des universit\u00e9s (<a href=\"\/ensak\/wp-content\/uploads\/2021\/06\/ar_1269_02.pdf\" target=\"_blank\" rel=\"noopener\">Arr\u00eat\u00e9<\/a>)<br>\n<strong>\u2022<\/strong>\tD\u00e9cret n\u00b0 2.01.2327 fixant les modalit\u00e9s de d\u00e9signation des membres du conseil de gestion des universit\u00e9s (<a href=\"\/ensak\/wp-content\/uploads\/2021\/06\/dec_2_01_2327.pdf\" target=\"_blank\" rel=\"noopener\">D\u00e9cret<\/a>)<br>\n<strong>\u2022<\/strong>\tD\u00e9cret n\u00b0 2.01.2328 fixant la composition des conseils des \u00e9tablissements universitaires, le mode de d\u00e9signation ou d'\u00e9lection de leurs membres ainsi que les modalit\u00e9s de leur fonctionnement (<a href=\"\/ensak\/wp-content\/uploads\/2021\/06\/dec_2_01_2328.pdf\" target=\"_blank\" rel=\"noopener\">D\u00e9cret<\/a>)<br>\n<strong>\u2022<\/strong>\tArr\u00eat\u00e9 du ministre de l'enseignement sup\u00e9rieur, de la formation des cadres et de la recherche scientifique n\u00b0 1270-02 fixant les modalit\u00e9s d'\u00e9lections des membres \u00e9lus des conseils des \u00e9tablissements universitaires (<a href=\"\/ensak\/wp-content\/uploads\/2021\/06\/ar_1270_02.pdf\" target=\"_blank\" rel=\"noopener\">Arr\u00eat\u00e9<\/a>)<br>\n<strong>\u2022<\/strong>\tD\u00e9cret n\u00b0 2.01.2329 fixant la composition et le fonctionnement de la commission scientifique des \u00e9tablissements universitaires ainsi que les modalit\u00e9s de d\u00e9signation et d'\u00e9lection de ses membres (<a href=\"\/ensak\/wp-content\/uploads\/2021\/06\/dec_2_01_2329.pdf\" target=\"_blank\" rel=\"noopener\">D\u00e9cret<\/a>)<br>\n<strong>\u2022<\/strong>\tArr\u00eat\u00e9 du ministre de l'enseignement sup\u00e9rieur, de la formation des cadres et de la recherche scientifique n\u00b0 1271-02 fixant les modalit\u00e9s d'\u00e9lections des repr\u00e9sentants des professeurs de l'enseignement sup\u00e9rieur au sein de la commission scientifique (<a href=\"\/ensak\/wp-content\/uploads\/2021\/06\/ar_1271_02.pdf\" target=\"_blank\" rel=\"noopener\">Arr\u00eat\u00e9<\/a>)<br>\n<\/p>\n\n<strong>CONSEIL DE DISCIPLINE<\/strong>\n\n<p style=\"margin-left: 30px;\"><br>\n<strong>\u2022<\/strong>\tConseil de Discipline (<a href=\"\/ensak\/wp-content\/uploads\/2021\/06\/conseil_discipline_Ar.pdf\" target=\"_blank\" rel=\"noopener\">Conseil<\/a>)\n<\/p>\n\n<strong>RECHERCHE SCIENTIFIQUE<\/strong>\n\n<p style=\"margin-left: 30px;\"><br>\n<strong>\u2022<\/strong>\tD\u00e9cret n\u00b0 2-06-109 relatif \u00e0 la cr\u00e9ation du grand prix pour l'invention et la recherche en science et technologie et de la m\u00e9daille de la science et la technologie (<a href=\"\/ensak\/wp-content\/uploads\/2021\/06\/ar_1756_03.pdf\" target=\"_blank\" rel=\"noopener\">D\u00e9cret<\/a>)<br>\n<strong>\u2022<\/strong>\tArr\u00eat\u00e9 du ministre d\u00e9l\u00e9gu\u00e9 aupr\u00e8s du ministre de l\u2019enseignement sup\u00e9rieur, de la formation des cadres et de la recherche scientifique, charg\u00e9 de la recherche scientifique n\u00b0 1756.03 fixant les modalit\u00e9s d\u2019\u00e9lection des repr\u00e9sentants \u00e9lus du conseil d\u2019administration du centre national pour la recherche scientifique et technique. (<a href=\"\/ensak\/wp-content\/uploads\/2021\/06\/charte_ar.pdf\" target=\"_blank\" rel=\"noopener\">Arabe<\/a>)<br>\n<\/p>\n\n<strong>STATUS PARTICULIER DES ENSEIGNANT-CHERCHEURS DE L'ENSEIGNANT SUPERIEUR<\/strong>\n\n<p style=\"margin-left: 30px;\"><br>\n<strong>\u2022<\/strong>\tD\u00e9cret n\u00b0 2-96-793 portant statut particulier du corps des enseignants-chercheurs de l\u2019enseignement sup\u00e9rieur (<a href=\"\/ensak\/wp-content\/uploads\/2021\/06\/ec.pdf\" target=\"_blank\" rel=\"noopener\">D\u00e9cret<\/a>)<br>\n<strong>\u2022<\/strong>\tArr\u00eat\u00e9 du ministre de l'enseignement sup\u00e9rieur, de la formation des cadres et de la recherche scientifique n\u00b0 1125-97 du 28 safar 1418 ( 4 juillet 1997 ) fixant les modalit\u00e9s d'organisation du concours de recrutement des professeurs assistants(<a href=\"\/ensak\/wp-content\/uploads\/2021\/06\/ar_1125_97.pdf\" target=\"_blank\" rel=\"noopener\">Arr\u00eat\u00e9<\/a>)<br>\n<strong>\u2022<\/strong>\tD\u00e9cret n\u00b0 2-96-794 du 11 chaoual 1417 (19 f\u00e9vrier 1997) fixant les conditions et les modalit\u00e9s d'organisation de l'habilitation universitaire.(<a href=\"\/ensak\/wp-content\/uploads\/2021\/06\/habilitation.pdf\" target=\"_blank\" rel=\"noopener\">D\u00e9cret<\/a>)<br>\n<strong>\u2022<\/strong>\tArr\u00eat\u00e9 du ministre de l'enseignement sup\u00e9rieur, de la formation des cadres et de la recherche scientifique n\u00b0 1124-97 du 28 safar 1418 ( 4 juillet 1997 ) fixant les modalit\u00e9s d'organisation du concours de recrutement des professeurs de l'enseignement sup\u00e9rieur.(<a href=\"\/ensak\/wp-content\/uploads\/2021\/06\/ar_1124_97.pdf\" target=\"_blank\" rel=\"noopener\">Arr\u00eat\u00e9<\/a>)<br>\n<strong>\u2022<\/strong>\tArr\u00eat\u00e9 du ministre de l\u2019enseignement sup\u00e9rieur, de la formation des cadres et de la recherche scientifique n\u00b0 954.03 du 27 rabii I 1424 (29 mai 2003 ) fixant les crit\u00e8res d\u2019avancement de grade des enseignants-chercheurs de l\u2019enseignement sup\u00e9rieur pr\u00e9vus \u00e0 l\u2019article 14 du d\u00e9cret n\u00b0 2-96-793 du 11 chaoual 1417 (19 f\u00e9vrier 1997) portant statut particulier du corps des enseignants-chercheurs de l\u2019enseignement sup\u00e9rieur. (BOF n\u00b05166 du 4\/12\/03).(<a href=\"\/ensak\/wp-content\/uploads\/2021\/06\/ar_954_03.pdf\" target=\"_blank\" rel=\"noopener\">Arr\u00eat\u00e9<\/a>)<br>\n<strong>\u2022<\/strong>\tArr\u00eat\u00e9 du ministre de l'enseignement sup\u00e9rieur, de la formation des cadres et de la recherche scientifique n\u00b0 637-97 du 29 kaada 1417 (8 avril 1997) fixant le rayon du ressort territorial au sein duquel les enseignants-chercheurs peuvent effectuer le reliquat de leur service d'enseignement.(<a href=\"\/ensak\/wp-content\/uploads\/2021\/06\/ar_637_97.pdf\" target=\"_blank\" rel=\"noopener\">Arr\u00eat\u00e9<\/a>)<br>\n<strong>\u2022<\/strong>\tD\u00e9cret n\u00b02.08.11 du 5 rajeb 1429 ( 9 juillet 2008) relatif aux indemnit\u00e9s allou\u00e9es aux enseignants vacataires de l'enseignement sup\u00e9rieur...(<a href=\"\/ensak\/wp-content\/uploads\/2021\/06\/vaca-heurs-Ar.pdf\" target=\"_blank\" rel=\"noopener\">D\u00e9cret<\/a>)<br>\n<strong>\u2022<\/strong>\tArr\u00eat\u00e9 conjoint du ministre de l\u2019enseignement sup\u00e9rieur, de la formation des cadres et de la recherche scientifique, du ministre de l\u2019\u00e9conomie, des finances, de la privatisation tourisme et du ministre de la fonction publique et de la r\u00e9forme administrative n\u00b0 1073.02 du 4 joumada I 1423 (15 juillet 2002) fixant les modalit\u00e9s d\u2019application de l\u2019article 6 du d\u00e9cret n\u00b0 2-96-793 du 11 chaoual 1417 (19 f\u00e9vrier 1997) portant statut particulier du corps des enseignants-chercheurs de l\u2019enseignement sup\u00e9rieur (BOA n\u00b04045 du 7\/10\/02). (<a href=\"\/ensak\/wp-content\/uploads\/2021\/06\/ar_1073_02.pdf\" target=\"_blank\" rel=\"noopener\">Arr\u00eat\u00e9<\/a>)\n<\/p>\n\n<strong>REGIMES DES ETUDES<\/strong>\n\n<p style=\"margin-left: 30px;\"><br>\n<strong>\u2022<\/strong>\tD\u00e9cret n\u00b0 2-04-89 fixant la vocation des \u00e9tablissements universitaires, les cycles des \u00e9tudes sup\u00e9rieures ainsi que les dipl\u00f4mes nationaux correspondants (<a href=\"\/ensak\/wp-content\/uploads\/2021\/06\/decret_vocation_A.pdf\" target=\"_blank\" rel=\"noopener\">D\u00e9cret<\/a>)<br>\n<\/p>\n\n<strong>NORMES PEDAGOGIQUE NATIONALES<\/strong>\n\n<p style=\"margin-left: 30px;\"><br>\n<strong>\u2022<\/strong>\tArr\u00eat\u00e9 du ministre de l\u2019\u00e9ducation nationale, de l'enseignement sup\u00e9rieur, de la formation des cadres et de la recherche scientifique n\u00b01810-05 du 10 chaabane 1426 (15 septembre 2005) approuvant le cahier des normes p\u00e9dagogiques nationales du cycle de Master (<a href=\"\/ensak\/wp-content\/uploads\/2021\/06\/cahier_normes_master_ar.pdf\" target=\"_blank\" rel=\"noopener\">Arr\u00eat\u00e9<\/a>)<br>\n<strong>\u2022<\/strong>\tArr\u00eat\u00e9 du ministre de l'\u00e9ducation nationale de l'enseignement sup\u00e9rieur, de la formation des cadres et de la recherche scientifique n\u00b01371.07 du 22 ramadan 1429 (23 septembre 2008) approuvant le cahier des normes p\u00e9dagogiques nationales du cycle du doctorat (<a href=\"\/ensak\/wp-content\/uploads\/2021\/06\/CNPN-Doct-Ar.pdf\" target=\"_blank\" rel=\"noopener\">Arr\u00eat\u00e9<\/a>)<br>\n<strong>\u2022<\/strong>\tArr\u00eat\u00e9 du ministre de l'\u00e9ducation nationale, de l'enseignement sup\u00e9rieur, de la formation des cadres et de la recherche scientifique n\u00b0 140.09 du 25 moharrem 1430 (22 janvier 2009) fixant la liste des dipl\u00f4mes nationaux permettant l\u2019acc\u00e8s aux formations du cycle du doctorat (<a href=\"\/ensak\/wp-content\/uploads\/2021\/06\/arrete_liste_doctorat_A.pdf\" target=\"_blank\" rel=\"noopener\">Arr\u00eat\u00e9<\/a>)<br>\n<strong>\u2022<\/strong>\tArr\u00eat\u00e9 du ministre de l\u2019\u00e9ducation nationale, de l\u2019enseignement sup\u00e9rieur, de la formation des cadres et de la recherche scientifique n\u00b02136-08 du 19 rabii I 1430 (15 avril 2009) approuvant le cahier des normes p\u00e9dagogiques nationales du cycle ing\u00e9nieur d\u00e9livr\u00e9 par les \u00e9tablissements universitaires (<a href=\"\/ensak\/wp-content\/uploads\/2021\/06\/AR_2136_08_AR.pdf\" target=\"_blank\" rel=\"noopener\">Arr\u00eat\u00e9<\/a>)<br>\n<strong>\u2022<\/strong>\tArr\u00eat\u00e9 du ministre de l\u2019\u00e9ducation nationale, de l\u2019enseignement sup\u00e9rieur, de la formation des cadres et de la recherche scientifique n\u00b02142-08 du 19 rabii I 1430 (15 avril 2009) approuvant le cahier des normes p\u00e9dagogiques nationales des deux ann\u00e9es pr\u00e9paratoires des \u00e9coles d\u2019ing\u00e9nieurs (<a href=\"\/ensak\/wp-content\/uploads\/2021\/06\/AR_2142_08_AR.pdf\" target=\"_blank\" rel=\"noopener\">Arr\u00eat\u00e9<\/a>)<br>\n<\/p>\n\n<strong>ECOLES<\/strong>\n\n<p style=\"margin-left: 30px;\"><br>\n<strong>\u2022<\/strong>\tEcoles Nationales des Sciences Appliqu\u00e9es (<a href=\"\/ensak\/wp-content\/uploads\/2021\/06\/Ensa.pdf\" target=\"_blank\" rel=\"noopener\">ENSA<\/a>)<br>\n<\/p>\n\n\n<strong>FACULTES<\/strong>\n\n<p style=\"margin-left: 30px;\"><br>\n<strong>\u2022<\/strong>\tD\u00e9cret n\u00b0 2-96-796 du 11 chaoual 1417 (19 f\u00e9vrier 1997) fixant le r\u00e9gime des \u00e9tudes et des examens en vue de l'obtention du doctorat, du dipl\u00f4me d'\u00e9tudes sup\u00e9rieures approfondies et du dipl\u00f4me d'\u00e9tudes sup\u00e9rieures sp\u00e9cialis\u00e9s ainsi que les conditions et modalit\u00e9s d'accr\u00e9ditation des \u00e9tablissements universitaires \u00e0 assurer la pr\u00e9paration et la d\u00e9livrance de ces dipl\u00f4mes (<a href=\"\/ensak\/wp-content\/uploads\/2021\/06\/doctorat_ar.pdf\" target=\"_blank\" rel=\"noopener\">D\u00e9cret<\/a>)<br>\n<strong>\u2022<\/strong>\tArr\u00eat\u00e9 du ministre de l'enseignement sup\u00e9rieur, de la formation des cadres et de la recherche scientifique n\u00b01823-95 du 6 chaoual 1415 (7 mars 1995) fixant la liste des \u00e9tablissements de formation d'ing\u00e9nieurs et des \u00e9tablissements assimil\u00e9s recrutant \u00e0 partir du concours national (<a href=\"\/ensak\/wp-content\/uploads\/2021\/06\/Arr_1823-95.pdf\" target=\"_blank\" rel=\"noopener\">Arr\u00eat\u00e9<\/a>)<br>\n<\/p>\n\n\n<strong>EQUIVALENCES DE DIPLOMES<\/strong>\n\n<p style=\"margin-left: 30px;\"><br>\n<strong>\u2022<\/strong>\tArr\u00eate relatif aux conditions et \u00e0 la proc\u00e9dure de l'octroi des \u00e9quivalences de dipl\u00f4mes de l'enseignement sup\u00e9rieur (<a href=\"\/ensak\/wp-content\/uploads\/2021\/06\/arr_equiv_fr.pdf\" target=\"_blank\" rel=\"noopener\">Arr\u00eat\u00e9<\/a>)<br>\n<\/p><\/div>\n\t\t<\/div><\/div><\/div><\/div><\/div><\/div>","protected":false},"excerpt":{"rendered":"<p>TEXTES FONDAMENTAUX \u2022 Charte nationale d&rsquo;\u00e9ducation et de formation (Charte) \u2022 Loi n\u00b0 01-00 portant organisation de l&rsquo;enseignement sup\u00e9rieur (Loi n\u00b0 01-00) ENSEIGNEMENT SUPERIEUR UNIVERSITAIRE \u2022 Dahir portant loi n\u00b01.75.398 portant cr\u00e9ation d\u2019universit\u00e9s. (Dahir) \u2022 D\u00e9cret n\u00b0 2-90-554 relatif aux \u00e9tablissements universitaires et aux cit\u00e9s universitaires (D\u00e9cret) \u2022 D\u00e9cret n\u00b0 2.01.1999 fixant la composition du [&hellip;]<\/p>\n","protected":false},"author":2,"featured_media":0,"parent":0,"menu_order":0,"comment_status":"closed","ping_status":"closed","template":"page-templates\/tpl-pagebuilder.php","meta":{"ngg_post_thumbnail":0,"cybocfi_hide_featured_image":""},"acf":[],"_links":{"self":[{"href":"http:\/\/ensak.usms.ac.ma\/ensak\/wp-json\/wp\/v2\/pages\/3528"}],"collection":[{"href":"http:\/\/ensak.usms.ac.ma\/ensak\/wp-json\/wp\/v2\/pages"}],"about":[{"href":"http:\/\/ensak.usms.ac.ma\/ensak\/wp-json\/wp\/v2\/types\/page"}],"author":[{"embeddable":true,"href":"http:\/\/ensak.usms.ac.ma\/ensak\/wp-json\/wp\/v2\/users\/2"}],"replies":[{"embeddable":true,"href":"http:\/\/ensak.usms.ac.ma\/ensak\/wp-json\/wp\/v2\/comments?post=3528"}],"version-history":[{"count":31,"href":"http:\/\/ensak.usms.ac.ma\/ensak\/wp-json\/wp\/v2\/pages\/3528\/revisions"}],"predecessor-version":[{"id":3839,"href":"http:\/\/ensak.usms.ac.ma\/ensak\/wp-json\/wp\/v2\/pages\/3528\/revisions\/3839"}],"wp:attachment":[{"href":"http:\/\/ensak.usms.ac.ma\/ensak\/wp-json\/wp\/v2\/media?parent=3528"}],"curies":[{"name":"wp","href":"https:\/\/api.w.org\/{rel}","templated":true}]}}