{"id":3513,"date":"2021-06-07T16:00:43","date_gmt":"2021-06-07T15:00:43","guid":{"rendered":"http:\/\/ensak.usms.ac.ma\/ensak\/?page_id=3513"},"modified":"2024-11-28T22:39:23","modified_gmt":"2024-11-28T21:39:23","slug":"documents-usms","status":"publish","type":"page","link":"http:\/\/ensak.usms.ac.ma\/ensak\/documents-usms\/","title":{"rendered":"Documents USMS"},"content":{"rendered":"<div id=\"pl-3513\"  class=\"panel-layout\" ><div id=\"pg-3513-0\"  class=\"panel-grid panel-has-style\" ><div class=\"container panel-row-style panel-row-style-for-3513-0\" ><div id=\"pgc-3513-0-0\"  class=\"panel-grid-cell\" ><div id=\"panel-3513-0-0-0\" class=\"so-panel widget widget_text panel-first-child panel-last-child\" data-index=\"0\" ><div class=\"panel-widget-style panel-widget-style-for-3513-0-0-0\" >\t\t\t<div class=\"textwidget\"><style>\ntable {\n  border-collapse: collapse;\n  border-spacing: 0;\n  width: 100%;\n  border: 1px solid #ddd;\n}\n\nth, td {\n  text-align: left;\n  padding: 16px;\n}\n\ntr:nth-child(even) {\n  background-color: #f2f2f2;\n}\n<\/style>\n<style type=\"text\/css\">\n.tg  {width:60%;}\n<\/style>\n\n<table border=\"1\" cellspacing=\"1\" cellpadding=\"1\" style=\"width:80%\">\n<tbody>\n<tr>\n<td style=\"color: #1163ad;\"><strong>Documents<\/strong><\/td>\n<td style=\"color: #1163ad;\"><strong>T\u00e9l\u00e9charger<\/strong><\/td>\n<\/tr>\n<tr>\n<td style=\"vertical-align: text-top;\"><strong>Cahier des Normes de la Restructuration de la Recherche Scientifique (CNRRS)<\/strong><\/td>\n<td><center><a href=\"\/ensak\/wp-content\/uploads\/2021\/06\/Cahier-de-Normes-de-la-Restructuration-de-la-Recherche-Scientifique-USMS.docx\"><img src=\"\/ensak\/wp-content\/uploads\/2021\/06\/word.png\" width=\"24px\"><\/a><\/center><\/td>\n<\/tr>\n<tr>\n<td><strong>Projet d\u2019accr\u00e9ditation d'entit\u00e9 de Recherche<\/strong><\/td>\n<td><center><a href=\"\/ensak\/wp-content\/uploads\/2021\/06\/Projet-d\u2019accr\u00e9ditation-dentit\u00e9-de-Recherche.doc\"><img src=\"\/ensak\/wp-content\/uploads\/2021\/06\/word.png\" width=\"24px\"><\/a><\/center><\/td>\n<\/tr>\n<tr>\n<td><strong>Rapport Nadwa<\/strong><\/td>\n<td><center><a href=\"\/ensak\/wp-content\/uploads\/2021\/06\/RAPPORT-NADWA.docx\"><img src=\"\/ensak\/wp-content\/uploads\/2021\/06\/word.png\" width=\"24px\"><\/a><\/center><\/td>\n<\/tr>\n<tr>\n<td><strong>Formulaire Nadwa<\/strong><\/td>\n<td><center><a href=\"\/ensak\/wp-content\/uploads\/2021\/06\/Formulaire-NADWA.docx\"><img src=\"\/ensak\/wp-content\/uploads\/2021\/06\/word.png\" width=\"24px\"><\/a><\/center><\/td>\n<\/tr>\n<tr>\n<td><strong>Formulaire Harakya<\/strong><\/td>\n<td><center><a href=\"\/ensak\/wp-content\/uploads\/2021\/06\/Formulaire-HARAKIYA.docx\"><img src=\"\/ensak\/wp-content\/uploads\/2021\/06\/word.png\" width=\"24px\"><\/a><\/center><\/td>\n<\/tr>\n<tr>\n<td><strong>Formulaire de pr\u00e9sentation de la production scientifique<\/strong><\/td>\n<td><center><a href=\"\/ensak\/wp-content\/uploads\/2021\/06\/Formulaire-Production-Scientifique.docx\"><img src=\"\/ensak\/wp-content\/uploads\/2021\/06\/word.png\" width=\"24px\"><\/a><\/center><\/td>\n<\/tr>\n<tr>\n<td><strong>Formulaire Ichaae<\/strong><\/td>\n<td><center><a href=\"\/ensak\/wp-content\/uploads\/2021\/06\/Formulaire-ICHAAE.docx\"><img src=\"\/ensak\/wp-content\/uploads\/2021\/06\/word.png\" width=\"24px\"><\/a><\/center><\/td>\n<\/tr>\n<tr>\n<td><strong>Grille des rationnelles USMS-BM : passage grade \u00e0 grade<\/strong><\/td>\n<td><center><a href=\"\/ensak\/wp-content\/uploads\/2023\/03\/Grille_des-rationnels_USMS_2021-2023.docx\"><img src=\"\/ensak\/wp-content\/uploads\/2021\/06\/word.png\" width=\"24px\"><\/a><\/center><\/td>\n<\/tr>\n<tr>\n<td><strong>Grille d'\u00e9valuation ENSA-K : passage grade \u00e0 grade <\/strong><\/td>\n<td><center><a href=\"\/ensak\/wp-content\/uploads\/2024\/11\/GrilleEvaluationENSAK_2024_vf.pdf\"><img src=\"\/ensak\/wp-content\/uploads\/2021\/06\/word.png\" width=\"24px\"><\/a><\/center><\/td>\n<\/tr>\n<\/tbody>\n<\/table><\/div>\n\t\t<\/div><\/div><\/div><\/div><\/div><\/div>","protected":false},"excerpt":{"rendered":"<p>Documents T\u00e9l\u00e9charger Cahier des Normes de la Restructuration de la Recherche Scientifique (CNRRS) Projet d\u2019accr\u00e9ditation d&rsquo;entit\u00e9 de Recherche Rapport Nadwa Formulaire Nadwa Formulaire Harakya Formulaire de pr\u00e9sentation de la production scientifique Formulaire Ichaae Grille des rationnelles USMS-BM : passage grade \u00e0 grade Grille d&rsquo;\u00e9valuation ENSA-K : passage grade \u00e0 grade<\/p>\n","protected":false},"author":2,"featured_media":0,"parent":0,"menu_order":0,"comment_status":"closed","ping_status":"closed","template":"page-templates\/tpl-pagebuilder.php","meta":{"ngg_post_thumbnail":0,"cybocfi_hide_featured_image":""},"acf":[],"_links":{"self":[{"href":"http:\/\/ensak.usms.ac.ma\/ensak\/wp-json\/wp\/v2\/pages\/3513"}],"collection":[{"href":"http:\/\/ensak.usms.ac.ma\/ensak\/wp-json\/wp\/v2\/pages"}],"about":[{"href":"http:\/\/ensak.usms.ac.ma\/ensak\/wp-json\/wp\/v2\/types\/page"}],"author":[{"embeddable":true,"href":"http:\/\/ensak.usms.ac.ma\/ensak\/wp-json\/wp\/v2\/users\/2"}],"replies":[{"embeddable":true,"href":"http:\/\/ensak.usms.ac.ma\/ensak\/wp-json\/wp\/v2\/comments?post=3513"}],"version-history":[{"count":21,"href":"http:\/\/ensak.usms.ac.ma\/ensak\/wp-json\/wp\/v2\/pages\/3513\/revisions"}],"predecessor-version":[{"id":7269,"href":"http:\/\/ensak.usms.ac.ma\/ensak\/wp-json\/wp\/v2\/pages\/3513\/revisions\/7269"}],"wp:attachment":[{"href":"http:\/\/ensak.usms.ac.ma\/ensak\/wp-json\/wp\/v2\/media?parent=3513"}],"curies":[{"name":"wp","href":"https:\/\/api.w.org\/{rel}","templated":true}]}}