{"id":3271,"date":"2021-04-16T10:10:16","date_gmt":"2021-04-16T10:10:16","guid":{"rendered":"http:\/\/ensak.usms.ac.ma\/ensak\/?page_id=3271"},"modified":"2024-01-05T13:58:34","modified_gmt":"2024-01-05T12:58:34","slug":"ent","status":"publish","type":"page","link":"http:\/\/ensak.usms.ac.ma\/ensak\/ent\/","title":{"rendered":"Espace Num\u00e9rique de Travail"},"content":{"rendered":"<div id=\"pl-3271\"  class=\"panel-layout\" ><div id=\"pg-3271-0\"  class=\"panel-grid panel-has-style\" ><div class=\"container panel-row-style panel-row-style-for-3271-0\" ><div id=\"pgc-3271-0-0\"  class=\"panel-grid-cell\" ><div id=\"panel-3271-0-0-0\" class=\"so-panel widget widget_text panel-first-child panel-last-child\" data-index=\"0\" ><div class=\"panel-widget-style panel-widget-style-for-3271-0-0-0\" >\t\t\t<div class=\"textwidget\"><img src=\"\/ensak\/wp-content\/uploads\/2021\/06\/visuel_ENT_edited.png\" width=\"300px\" align=\"right\" style=\"margin-left:30px;margin-top:8px;\" \/>L\u2019ENSA de Khouribga met \u00e0 la disposition des \u00e9tudiants un Espace Num\u00e9rique de Travail et de services (ENT). Celui-ci permet d'avoir un acc\u00e8s en ligne, via un point d'entr\u00e9e unique et s\u00e9curis\u00e9, \u00e0 une panoplie de services num\u00e9riques personnalis\u00e9s.<br><br>\nLes services dont peuvent b\u00e9n\u00e9ficier les \u00e9tudiants sont entre autres :<br>\n<p style=\"margin-left: 30px;\"><br>\n\u2022\tConsultation des notes et des r\u00e9sultats.<br>\n\u2022\tDemande et r\u00e9cup\u00e9ration des documents administratifs (Relev\u00e9s des notes, attestation de scolarit\u00e9\u2026) <br>\n\u2022\tConsultation d\u2019inscription administrative et p\u00e9dagogique.<br>\n\u2022\t Acc\u00e8s \u00e0 la plateforme d\u2019enseignement \u00e0 distance Moodle.<br>\n\u2022\tConsultation de la disponibilit\u00e9 des livres au sein de la biblioth\u00e8que de l\u2019ENSAK.<br>\n\u2022\tAcc\u00e8s \u00e0 la plateforme d\u2019inscription \u00e0 l\u2019AMO pour les \u00e9tudiants.<br>\n\u2022\tRecherche d\u2019emploi ou des stages via la plateforme CVth\u00e8que de l\u2019USMS.<br>\n\u2022\tTraitement des documents de stage (recommandation, convention de stage, fiche d\u2019\u00e9valuation) E-Stage.<br>\n<\/div>\n\t\t<\/div><\/div><\/div><\/div><\/div><\/div>","protected":false},"excerpt":{"rendered":"<p>L\u2019ENSA de Khouribga met \u00e0 la disposition des \u00e9tudiants un Espace Num\u00e9rique de Travail et de services (ENT). Celui-ci permet d&rsquo;avoir un acc\u00e8s en ligne, via un point d&rsquo;entr\u00e9e unique et s\u00e9curis\u00e9, \u00e0 une panoplie de services num\u00e9riques personnalis\u00e9s. Les services dont peuvent b\u00e9n\u00e9ficier les \u00e9tudiants sont entre autres : \u2022 Consultation des notes et [&hellip;]<\/p>\n","protected":false},"author":2,"featured_media":0,"parent":0,"menu_order":0,"comment_status":"closed","ping_status":"closed","template":"page-templates\/tpl-pagebuilder.php","meta":{"ngg_post_thumbnail":0,"cybocfi_hide_featured_image":""},"acf":[],"_links":{"self":[{"href":"http:\/\/ensak.usms.ac.ma\/ensak\/wp-json\/wp\/v2\/pages\/3271"}],"collection":[{"href":"http:\/\/ensak.usms.ac.ma\/ensak\/wp-json\/wp\/v2\/pages"}],"about":[{"href":"http:\/\/ensak.usms.ac.ma\/ensak\/wp-json\/wp\/v2\/types\/page"}],"author":[{"embeddable":true,"href":"http:\/\/ensak.usms.ac.ma\/ensak\/wp-json\/wp\/v2\/users\/2"}],"replies":[{"embeddable":true,"href":"http:\/\/ensak.usms.ac.ma\/ensak\/wp-json\/wp\/v2\/comments?post=3271"}],"version-history":[{"count":21,"href":"http:\/\/ensak.usms.ac.ma\/ensak\/wp-json\/wp\/v2\/pages\/3271\/revisions"}],"predecessor-version":[{"id":6658,"href":"http:\/\/ensak.usms.ac.ma\/ensak\/wp-json\/wp\/v2\/pages\/3271\/revisions\/6658"}],"wp:attachment":[{"href":"http:\/\/ensak.usms.ac.ma\/ensak\/wp-json\/wp\/v2\/media?parent=3271"}],"curies":[{"name":"wp","href":"https:\/\/api.w.org\/{rel}","templated":true}]}}