{"id":2947,"date":"2021-03-04T15:41:59","date_gmt":"2021-03-04T14:41:59","guid":{"rendered":"http:\/\/ensak.usms.ac.ma\/ensak\/?page_id=2947"},"modified":"2021-03-05T10:21:11","modified_gmt":"2021-03-05T09:21:11","slug":"testmonial_mehdiharras","status":"publish","type":"page","link":"http:\/\/ensak.usms.ac.ma\/ensak\/testmonial_mehdiharras\/","title":{"rendered":"Mehdi HARRAS"},"content":{"rendered":"<div id=\"pl-2947\"  class=\"panel-layout\" ><div id=\"pg-2947-0\"  class=\"panel-grid panel-has-style\" ><div class=\"container panel-row-style panel-row-style-for-2947-0\" ><div id=\"pgc-2947-0-0\"  class=\"panel-grid-cell\" ><div id=\"panel-2947-0-0-0\" class=\"so-panel widget widget_text panel-first-child panel-last-child\" data-index=\"0\" ><div class=\"panel-widget-style panel-widget-style-for-2947-0-0-0\" >\t\t\t<div class=\"textwidget\"><style>\n.testimonial-text {\n    position: relative;\n    padding: 20px 21px;\n    margin-bottom: 7px;\n    background: #efefef;\n    border-radius: 4px;\n    font-style: italic;\n}\n.testimonial-author {\n    padding-left: 50px;\n    padding-right: 50px;\n}\n.testimonial-author-name {\n    display: inline-block;\n    vertical-align: middle;\n    font-weight: 400;\n}\n.testimonial-text:after {\n    content: '';\n    display: block;\n    position: absolute;\n    top: 100%;\n    left: 32px;\n    border: transparent 10px solid;\n    border-top: #efefef 10px solid;\n}\n<\/style>\n<p class=\"testimonial-text\">\nMon passage \u00e0 l'ENSA Khouribga \u00e9tait atypique entre les activit\u00e9s parascolaires, les \u00e9tudes ou encore le stress des examens. L\u2019ennui ne faisait en aucun cas parti de mon quotidien.\nD\u2019ailleurs, ces souvenirs font partie prenante de ce que je suis aujourd'hui. Chaque moment \u00e9tait un plaisir (un petit clin d'\u0153il aux \u00e9tudiants actuels, profitez au max), ENSA Khouribga \u00e9tait aussi de fortes relations humaines que je souhaite garder et entretenir, de la m\u00e9lancolie, des moments joyeux, mais aussi du s\u00e9rieux.\nD\u2019ailleurs, le travail et le s\u00e9rieux fourni m'ont ouvert une nouvelle voie vers l'\u00e9tranger (INSA Toulouse) l\u00e0 o\u00f9 je suis install\u00e9 aujourd'hui.\nFinalement le message le plus direct que je pourrai vous adresser : travaillez sans rel\u00e2che \u00e7a finira(toujours) par payer, mais surtout faites ce que vous aimez !\n<\/p>\n\n<div class=\"testimonial-author\">\n                      <img src=\"\/ensak\/wp-content\/uploads\/2021\/03\/Mehdi-Harras-25x25.jpg\" alt=\"\" class=\"img-circle\">\n                <h5 class=\"text-muted-light testimonial-author-name\">\n        <strong>Mehdi HARRAS<\/strong> - Power Supply Brick Manager  <\/h5>\n<\/div><\/div>\n\t\t<\/div><\/div><\/div><\/div><\/div><\/div>","protected":false},"excerpt":{"rendered":"<p>Mon passage \u00e0 l&rsquo;ENSA Khouribga \u00e9tait atypique entre les activit\u00e9s parascolaires, les \u00e9tudes ou encore le stress des examens. L\u2019ennui ne faisait en aucun cas parti de mon quotidien. D\u2019ailleurs, ces souvenirs font partie prenante de ce que je suis aujourd&rsquo;hui. Chaque moment \u00e9tait un plaisir (un petit clin d&rsquo;\u0153il aux \u00e9tudiants actuels, profitez au [&hellip;]<\/p>\n","protected":false},"author":2,"featured_media":0,"parent":0,"menu_order":0,"comment_status":"closed","ping_status":"closed","template":"page-templates\/tpl-pagebuilder.php","meta":{"ngg_post_thumbnail":0,"cybocfi_hide_featured_image":""},"acf":[],"_links":{"self":[{"href":"http:\/\/ensak.usms.ac.ma\/ensak\/wp-json\/wp\/v2\/pages\/2947"}],"collection":[{"href":"http:\/\/ensak.usms.ac.ma\/ensak\/wp-json\/wp\/v2\/pages"}],"about":[{"href":"http:\/\/ensak.usms.ac.ma\/ensak\/wp-json\/wp\/v2\/types\/page"}],"author":[{"embeddable":true,"href":"http:\/\/ensak.usms.ac.ma\/ensak\/wp-json\/wp\/v2\/users\/2"}],"replies":[{"embeddable":true,"href":"http:\/\/ensak.usms.ac.ma\/ensak\/wp-json\/wp\/v2\/comments?post=2947"}],"version-history":[{"count":5,"href":"http:\/\/ensak.usms.ac.ma\/ensak\/wp-json\/wp\/v2\/pages\/2947\/revisions"}],"predecessor-version":[{"id":2984,"href":"http:\/\/ensak.usms.ac.ma\/ensak\/wp-json\/wp\/v2\/pages\/2947\/revisions\/2984"}],"wp:attachment":[{"href":"http:\/\/ensak.usms.ac.ma\/ensak\/wp-json\/wp\/v2\/media?parent=2947"}],"curies":[{"name":"wp","href":"https:\/\/api.w.org\/{rel}","templated":true}]}}