{"id":2941,"date":"2021-03-04T14:37:31","date_gmt":"2021-03-04T13:37:31","guid":{"rendered":"http:\/\/ensak.usms.ac.ma\/ensak\/?page_id=2941"},"modified":"2021-03-04T14:39:36","modified_gmt":"2021-03-04T13:39:36","slug":"testimonial_elmehdiagouzal","status":"publish","type":"page","link":"http:\/\/ensak.usms.ac.ma\/ensak\/testimonial_elmehdiagouzal\/","title":{"rendered":"EL MEHDI AGOUZAL"},"content":{"rendered":"<div id=\"pl-2941\"  class=\"panel-layout\" ><div id=\"pg-2941-0\"  class=\"panel-grid panel-has-style\" ><div class=\"container panel-row-style panel-row-style-for-2941-0\" ><div id=\"pgc-2941-0-0\"  class=\"panel-grid-cell\" ><div id=\"panel-2941-0-0-0\" class=\"so-panel widget widget_text panel-first-child panel-last-child\" data-index=\"0\" ><div class=\"panel-widget-style panel-widget-style-for-2941-0-0-0\" >\t\t\t<div class=\"textwidget\"><style>\n.testimonial-text {\n    position: relative;\n    padding: 20px 21px;\n    margin-bottom: 7px;\n    background: #efefef;\n    border-radius: 4px;\n    font-style: italic;\n}\n.testimonial-author {\n    padding-left: 50px;\n    padding-right: 50px;\n}\n.testimonial-author-name {\n    display: inline-block;\n    vertical-align: middle;\n    font-weight: 400;\n}\n.testimonial-text:after {\n    content: '';\n    display: block;\n    position: absolute;\n    top: 100%;\n    left: 32px;\n    border: transparent 10px solid;\n    border-top: #efefef 10px solid;\n}\n<\/style>\n<p class=\"testimonial-text\">\nDipl\u00f4m\u00e9 2016 en G\u00e9nie informatique, J&#39;ai d\u00e9cid\u00e9 de changer de voie suite \u00e1 mon passage vers l\u2019entreprenariat, j&#39;ai mont\u00e9 ma startup Mastery qui propose des solutions de g\u00e9olocalisation et de la t\u00e9l\u00e9m\u00e9trie, que je g\u00e8re depuis mon projet fin d\u2019\u00e9tude.\u00a0\nJe ne regrette aucunement ma formation puisqu\u2019elle m\u2019a appris \u00e0 travailler de mani\u00e8re stricte, \u00e0 faire des choix de fa\u00e7on rationnelle en m\u2019appuyant sur des faits et des donn\u00e9es plut\u00f4t que sur une inspiration intuitive. Ainsi que mes engagements associatifs \u00e0 l\u2019ENSA de Khouribga qui ont forg\u00e9 mes envies d\u2019entreprendre.\n<\/p>\n\n<div class=\"testimonial-author\">\n                      <img src=\"\/ensak\/wp-content\/uploads\/2021\/03\/ELMEHDIAGOUZAL_25x25.jpg\" alt=\"\" class=\"img-circle\">\n                <h5 class=\"text-muted-light testimonial-author-name\">\n        <strong>EL MEHDI AGOUZAL<\/strong> - GERANT\/TECHNICO COMMERCIAL    <\/h5>\n<\/div><\/div>\n\t\t<\/div><\/div><\/div><\/div><\/div><\/div>","protected":false},"excerpt":{"rendered":"<p>Dipl\u00f4m\u00e9 2016 en G\u00e9nie informatique, J&#39;ai d\u00e9cid\u00e9 de changer de voie suite \u00e1 mon passage vers l\u2019entreprenariat, j&#39;ai mont\u00e9 ma startup Mastery qui propose des solutions de g\u00e9olocalisation et de la t\u00e9l\u00e9m\u00e9trie, que je g\u00e8re depuis mon projet fin d\u2019\u00e9tude.\u00a0 Je ne regrette aucunement ma formation puisqu\u2019elle m\u2019a appris \u00e0 travailler de mani\u00e8re stricte, \u00e0 [&hellip;]<\/p>\n","protected":false},"author":2,"featured_media":0,"parent":0,"menu_order":0,"comment_status":"closed","ping_status":"closed","template":"page-templates\/tpl-pagebuilder.php","meta":{"ngg_post_thumbnail":0,"cybocfi_hide_featured_image":""},"acf":[],"_links":{"self":[{"href":"http:\/\/ensak.usms.ac.ma\/ensak\/wp-json\/wp\/v2\/pages\/2941"}],"collection":[{"href":"http:\/\/ensak.usms.ac.ma\/ensak\/wp-json\/wp\/v2\/pages"}],"about":[{"href":"http:\/\/ensak.usms.ac.ma\/ensak\/wp-json\/wp\/v2\/types\/page"}],"author":[{"embeddable":true,"href":"http:\/\/ensak.usms.ac.ma\/ensak\/wp-json\/wp\/v2\/users\/2"}],"replies":[{"embeddable":true,"href":"http:\/\/ensak.usms.ac.ma\/ensak\/wp-json\/wp\/v2\/comments?post=2941"}],"version-history":[{"count":2,"href":"http:\/\/ensak.usms.ac.ma\/ensak\/wp-json\/wp\/v2\/pages\/2941\/revisions"}],"predecessor-version":[{"id":2944,"href":"http:\/\/ensak.usms.ac.ma\/ensak\/wp-json\/wp\/v2\/pages\/2941\/revisions\/2944"}],"wp:attachment":[{"href":"http:\/\/ensak.usms.ac.ma\/ensak\/wp-json\/wp\/v2\/media?parent=2941"}],"curies":[{"name":"wp","href":"https:\/\/api.w.org\/{rel}","templated":true}]}}