{"id":2315,"date":"2021-01-03T18:40:43","date_gmt":"2021-01-03T17:40:43","guid":{"rendered":"http:\/\/ensak.usms.ac.ma\/ensak\/?page_id=2315"},"modified":"2022-06-13T21:48:40","modified_gmt":"2022-06-13T20:48:40","slug":"politique-de-recherche","status":"publish","type":"page","link":"http:\/\/ensak.usms.ac.ma\/ensak\/politique-de-recherche\/","title":{"rendered":"Politique de recherche"},"content":{"rendered":"<div id=\"pl-2315\"  class=\"panel-layout\" ><div id=\"pg-2315-0\"  class=\"panel-grid panel-has-style\" ><div class=\"container panel-row-style panel-row-style-for-2315-0\" ><div id=\"pgc-2315-0-0\"  class=\"panel-grid-cell\" ><div id=\"panel-2315-0-0-0\" class=\"so-panel widget widget_text panel-first-child panel-last-child\" data-index=\"0\" ><div class=\"panel-widget-style panel-widget-style-for-2315-0-0-0\" >\t\t\t<div class=\"textwidget\"><p>S\u2019appuyant sur de nouvelles formes de collaboration avec les \u00e9tablissements de l\u2019universit\u00e9, les universit\u00e9s marocaines, les organismes nationaux de recherche ainsi que sur de nouveaux modes de gouvernance et de pilotage de la recherche et de la formation, l\u2019ENSA-Khouribga cherche \u00e0 accroitre encore plus sa visibilit\u00e9 et son attractivit\u00e9. Dans ce sens et afin d\u2019am\u00e9liorer son rang, \u00e0 travers ses \u00e9tablissements, aussi bien au niveau national qu\u2019international, l\u2019universit\u00e9 a mis en place, pour le volet recherche, depuis janvier 2020 des primes de publications et de d\u00e9p\u00f4t de brevets. <\/p>\n<p>Pluridisciplinaire et forte de son interdisciplinarit\u00e9, l\u2019\u00e9cole d\u00e9veloppe des recherches d\u2019un bon niveau dans tous les domaines des sciences exactes et exp\u00e9rimentales (math\u00e9matiques, informatique, r\u00e9seaux, g\u00e9nie \u00e9lectrique, t\u00e9l\u00e9communication, physique, chimie, g\u00e9nie des proc\u00e9d\u00e9s, \u2026).<\/p>\n<p>La politique de recherche de l\u2019\u00e9cole se construit de mani\u00e8re concert\u00e9e avec le conseil de l\u2019\u00e9cole, les d\u00e9partements, et structures de recherche, en lien \u00e9troit avec les orientations de la pr\u00e9sidence de l\u2019Universit\u00e9 Sultan Moulay Slimane (USMS), le Centre National de la Recherche Scientifique et Technique (CNRST) et les organismes de recherche nationaux. Aussi, l\u2019ENSA-Khouribga affiche une politique internationale pour :<\/p>\n<p style=\"margin-left: 30px;\">\n<i class=\"fa fa-arrow-right\" aria-hidden=\"true\"><\/i> Attirer les meilleurs des \u00e9tudiants par l\u2019encadrement de th\u00e8se en cotutelle ; <br>\n<i class=\"fa fa-arrow-right\" aria-hidden=\"true\"><\/i> Am\u00e9liorer la qualit\u00e9 et la valorisation de la recherche scientifique ainsi que le renforcement de la coop\u00e9ration nationale et internationale. <br>\n<i class=\"fa fa-arrow-right\" aria-hidden=\"true\"><\/i> Encourager la mobilit\u00e9 de ses enseignants-chercheurs et ses doctorants ; <br>\n<i class=\"fa fa-arrow-right\" aria-hidden=\"true\"><\/i> Organiser des manifestations scientifiques internationales. \n<\/p>\n<p>Cette strat\u00e9gie, tr\u00e8s appuy\u00e9e par la pr\u00e9sidence de l\u2019USMS, permet en particulier la mise en place de nouveaux axes de recherche sur des th\u00e8mes \u00e9mergents.<\/p>\n\n<\/div>\n\t\t<\/div><\/div><\/div><\/div><\/div><\/div>","protected":false},"excerpt":{"rendered":"<p>S\u2019appuyant sur de nouvelles formes de collaboration avec les \u00e9tablissements de l\u2019universit\u00e9, les universit\u00e9s marocaines, les organismes nationaux de recherche ainsi que sur de nouveaux modes de gouvernance et de pilotage de la recherche et de la formation, l\u2019ENSA-Khouribga cherche \u00e0 accroitre encore plus sa visibilit\u00e9 et son attractivit\u00e9. Dans ce sens et afin d\u2019am\u00e9liorer [&hellip;]<\/p>\n","protected":false},"author":2,"featured_media":0,"parent":0,"menu_order":0,"comment_status":"closed","ping_status":"closed","template":"page-templates\/tpl-pagebuilder.php","meta":{"ngg_post_thumbnail":0,"cybocfi_hide_featured_image":""},"acf":[],"_links":{"self":[{"href":"http:\/\/ensak.usms.ac.ma\/ensak\/wp-json\/wp\/v2\/pages\/2315"}],"collection":[{"href":"http:\/\/ensak.usms.ac.ma\/ensak\/wp-json\/wp\/v2\/pages"}],"about":[{"href":"http:\/\/ensak.usms.ac.ma\/ensak\/wp-json\/wp\/v2\/types\/page"}],"author":[{"embeddable":true,"href":"http:\/\/ensak.usms.ac.ma\/ensak\/wp-json\/wp\/v2\/users\/2"}],"replies":[{"embeddable":true,"href":"http:\/\/ensak.usms.ac.ma\/ensak\/wp-json\/wp\/v2\/comments?post=2315"}],"version-history":[{"count":10,"href":"http:\/\/ensak.usms.ac.ma\/ensak\/wp-json\/wp\/v2\/pages\/2315\/revisions"}],"predecessor-version":[{"id":4985,"href":"http:\/\/ensak.usms.ac.ma\/ensak\/wp-json\/wp\/v2\/pages\/2315\/revisions\/4985"}],"wp:attachment":[{"href":"http:\/\/ensak.usms.ac.ma\/ensak\/wp-json\/wp\/v2\/media?parent=2315"}],"curies":[{"name":"wp","href":"https:\/\/api.w.org\/{rel}","templated":true}]}}