{"id":2185,"date":"2020-12-31T18:22:39","date_gmt":"2020-12-31T17:22:39","guid":{"rendered":"http:\/\/ensak.usms.ac.ma\/ensak\/?page_id=2185"},"modified":"2025-08-28T20:17:48","modified_gmt":"2025-08-28T19:17:48","slug":"formation-continue","status":"publish","type":"page","link":"http:\/\/ensak.usms.ac.ma\/ensak\/formation-continue\/","title":{"rendered":"Formation continue"},"content":{"rendered":"<div id=\"pl-2185\"  class=\"panel-layout\" ><div id=\"pg-2185-0\"  class=\"panel-grid panel-has-style\" ><div class=\"container panel-row-style panel-row-style-for-2185-0\" ><div id=\"pgc-2185-0-0\"  class=\"panel-grid-cell\" ><div id=\"panel-2185-0-0-0\" class=\"so-panel widget widget_text panel-first-child panel-last-child\" data-index=\"0\" ><div class=\"panel-widget-style panel-widget-style-for-2185-0-0-0\" >\t\t\t<div class=\"textwidget\"><p>La formation continue est un mode d'apprentissage propos\u00e9 aux professionnels salari\u00e9s, aux jeunes adultes et demandeurs d'emploi en vue d'am\u00e9liorer leurs comp\u00e9tences ou d'acqu\u00e9rir de nouvelles connaissances professionnelles. <\/p>\n<p>L\u2019ENSA-Khouribga propose un ensemble de formations licences et masters, payants, permettant l\u2019obtention d\u2019un dipl\u00f4me d\u2019universit\u00e9. Les enseignements sont organis\u00e9s les samedis et les dimanches. <\/p>\n\n\n<i class=\"fa fa-arrow-right\" aria-hidden=\"true\"><\/i> <strong>Licence Professionnelle d'Universit\u00e9<\/strong>\n<p style=\"margin-left: 30px;margin-top: 5px;\">\n<strong>\u2022<\/strong>\t<a target=\"_blank\" href=\"https:\/\/ensak-formation-continue.ma\/\" rel=\"noopener\">Informatique Appliqu\u00e9e \u00e0 la Gestion des Entreprises et au Management des Ressources Humaines<\/a><br \/>\n<strong>\u2022<\/strong>\t<a target=\"_blank\" href=\"https:\/\/ensak-formations.com\/licence-ingenierie-financiere-business-intelligence\/\" rel=\"noopener\">Ing\u00e9nierie Financi\u00e8re, Business Intelligence<\/a><br \/>\n<strong>\u2022<\/strong>\t<a target=\"_blank\" href=\"https:\/\/ensak-formations.com\/licence-ingenierie-logiciel-web-et-mobile\/\" rel=\"noopener\">Ing\u00e9nierie Logiciel Web et mobile<\/a><br \/>\n<strong>\u2022<\/strong>\t<a target=\"_blank\" href=\"https:\/\/ensak-formations.com\/licence-ingenierie-administration-des-systemes-reseaux-et-cloud\/\" rel=\"noopener\">Ing\u00e9nierie Administration des Syst\u00e8mes informatiques, R\u00e9seaux et Cloud<\/a><br \/>\n<strong>\u2022<\/strong>\t<a target=\"_blank\" href=\"https:\/\/ensak-formations.com\/licence-ingenierie-en-ia-machine-learning-big-data\/\" rel=\"noopener\"> Ing\u00e9nierie en IA, Machine Learning & Big Data<\/a><br \/>\n<strong>\u2022<\/strong>\t<a target=\"_blank\" href=\"\/ensak\/wp-content\/uploads\/2025\/04\/FC-GEMSI_ENSA-KHOURIBGA.pdf\" rel=\"noopener\"> \tg\u00e9nie \u00e9lectrom\u00e9canique et syst\u00e8mes industriels<\/a><br \/>\n<strong>\u2022<\/strong>\t<a target=\"_blank\" href=\"https:\/\/ensak-formations.com\/licence-ingenierie-gestion-industrielle-logistique-et-transport\/\" rel=\"noopener\">Inge\u0301nierie Gestion Industrielle, Logistique et Transport<\/a><br \/>\n<strong>\u2022<\/strong>\t<a target=\"_blank\" href=\"https:\/\/ensak-formations.com\/licence-ingenierie-des-systemes-dinformation-de-sante\/\" rel=\"noopener\">Ing\u00e9nierie des Syst\u00e8mes d'Information de Sant\u00e9<\/a><br \/>\n<strong>\u2022<\/strong>\t<a target=\"_blank\" href=\"https:\/\/ensak-formations.com\/licence-technologue-informaticien-en-radiologie-et-imagerie-medicale\/\" rel=\"noopener\">Technologue Informaticien en Radiologie et Imagerie M\u00e9dicale<\/a><br \/>\n<strong>\u2022<\/strong>\t<a target=\"_blank\" href=\"https:\/\/ensak-formations.com\/licence-qualite-hygiene-securite-environnement-et-efficacite-energetique\/\" rel=\"noopener\">Qualit\u00e9, Hygi\u00e8ne, S\u00e9curit\u00e9, Environnement et Efficacit\u00e9 \u00c9nerg\u00e9tique<\/a><br \/>\n<strong>\u2022<\/strong>\t<a target=\"_blank\" href=\"https:\/\/ensak-formations.com\/licence-genie-civil\/\" rel=\"noopener\">Sciences de l\u2019Ing\u00e9nieur - G\u00e9nie Civil<\/a><br \/>\n<strong>\u2022<\/strong>\t<a target=\"_blank\" href=\"https:\/\/ensak-formations.com\/licence-ingenierie-des-procedes-industriels-et-des-materiaux-innovants\/\" rel=\"noopener\">Ing\u00e9nierie des Proc\u00e9d\u00e9s Industriels et des Mat\u00e9riaux Innovants<\/a><br \/>\n<\/p>\n<i class=\"fa fa-arrow-right\" aria-hidden=\"true\"><\/i><strong> Master d'Universit\u00e9<\/strong>\n<p style=\"margin-left: 30px;margin-top: 5px;\">\n<strong>\u2022<\/strong>\t<a target=\"_blank\" href=\"https:\/\/ensak-formations.com\/master-ingenierie-en-intelligence-artificielle-digitalisation-et-data-science\/\" rel=\"noopener\"> Ing\u00e9nierie en Intelligence Artificielle, Digitalisation et Data science<\/a><br \/>\n<strong>\u2022<\/strong>\t<a target=\"_blank\" href=\"https:\/\/ensak-formations.com\/master-ingenierie-comptable-systeme-dinformation-et-finance-dentreprise\/\" rel=\"noopener\"> Ing\u00e9nierie comptable, syst\u00e8me d\u2019information et finance d\u2019entreprise<\/a><br \/>\n<strong>\u2022<\/strong>\t<a target=\"_blank\" href=\"https:\/\/ensak-formations.com\/master-genie-logiciel-developpement-full-stack\/\" rel=\"noopener\"> G\u00e9nie Logiciel : D\u00e9veloppement Full Stack<\/a><br \/>\n<strong>\u2022<\/strong>\t<a target=\"_blank\" href=\"https:\/\/ensak-formation-continue.ma\/\" rel=\"noopener\">Informatique Appliqu\u00e9e \u00e0 la Gestion des Entreprises et au Management des Ressources Humaines<\/a><br>\n<strong>\u2022<\/strong>\t<a target=\"_blank\" href=\"\/ensak\/wp-content\/uploads\/2025\/06\/Depliant-Master-FC-GEMSI-ENSA-KHOURIBGA-2025-1.pdf\" rel=\"noopener\"> g\u00e9nie \u00e9lectrom\u00e9canique et syst\u00e8mes industriels<\/a><br \/>\n<strong>\u2022<\/strong>\t<a target=\"_blank\" href=\"https:\/\/ensak-formations.com\/master-ingenierie-en-reseaux-cybersecurite\/\" rel=\"noopener\">Ing\u00e9nierie en R\u00e9seaux & cybers\u00e9curit\u00e9 pour les syst\u00e8mes d'information<\/a><br \/>\n<strong>\u2022<\/strong>\t<a target=\"_blank\" href=\"https:\/\/ensak-formations.com\/master-ingenierie-decisionnelle-et-management-des-systemes-industriels-et-logistique\/\" rel=\"noopener\">Ing\u00e9nierie d\u00e9cisionnelle et management des syst\u00e8mes industriels et logistique<\/a><br \/>\n\n<\/p>\n<!--<p class=\"rtejustify\"><a href=\"\/ensak\/formation-continue\/\"><i class=\"fa fa-file-pdf-o\" aria-hidden=\"true\"><\/i> T\u00e9l\u00e9charger les offres de formations de l\u2019ENSA-Khouribga<\/a><\/p> --><\/div>\n\t\t<\/div><\/div><\/div><\/div><\/div><\/div>","protected":false},"excerpt":{"rendered":"<p>La formation continue est un mode d&rsquo;apprentissage propos\u00e9 aux professionnels salari\u00e9s, aux jeunes adultes et demandeurs d&#8217;emploi en vue d&rsquo;am\u00e9liorer leurs comp\u00e9tences ou d&rsquo;acqu\u00e9rir de nouvelles connaissances professionnelles. L\u2019ENSA-Khouribga propose un ensemble de formations licences et masters, payants, permettant l\u2019obtention d\u2019un dipl\u00f4me d\u2019universit\u00e9. Les enseignements sont organis\u00e9s les samedis et les dimanches. Licence Professionnelle d&rsquo;Universit\u00e9 [&hellip;]<\/p>\n","protected":false},"author":2,"featured_media":0,"parent":0,"menu_order":0,"comment_status":"closed","ping_status":"closed","template":"page-templates\/tpl-pagebuilder.php","meta":{"ngg_post_thumbnail":0,"cybocfi_hide_featured_image":""},"acf":[],"_links":{"self":[{"href":"http:\/\/ensak.usms.ac.ma\/ensak\/wp-json\/wp\/v2\/pages\/2185"}],"collection":[{"href":"http:\/\/ensak.usms.ac.ma\/ensak\/wp-json\/wp\/v2\/pages"}],"about":[{"href":"http:\/\/ensak.usms.ac.ma\/ensak\/wp-json\/wp\/v2\/types\/page"}],"author":[{"embeddable":true,"href":"http:\/\/ensak.usms.ac.ma\/ensak\/wp-json\/wp\/v2\/users\/2"}],"replies":[{"embeddable":true,"href":"http:\/\/ensak.usms.ac.ma\/ensak\/wp-json\/wp\/v2\/comments?post=2185"}],"version-history":[{"count":56,"href":"http:\/\/ensak.usms.ac.ma\/ensak\/wp-json\/wp\/v2\/pages\/2185\/revisions"}],"predecessor-version":[{"id":8257,"href":"http:\/\/ensak.usms.ac.ma\/ensak\/wp-json\/wp\/v2\/pages\/2185\/revisions\/8257"}],"wp:attachment":[{"href":"http:\/\/ensak.usms.ac.ma\/ensak\/wp-json\/wp\/v2\/media?parent=2185"}],"curies":[{"name":"wp","href":"https:\/\/api.w.org\/{rel}","templated":true}]}}