{"id":2167,"date":"2020-12-31T17:22:59","date_gmt":"2020-12-31T16:22:59","guid":{"rendered":"http:\/\/ensak.usms.ac.ma\/ensak\/?page_id=2167"},"modified":"2025-12-01T09:04:11","modified_gmt":"2025-12-01T08:04:11","slug":"la-direction","status":"publish","type":"page","link":"http:\/\/ensak.usms.ac.ma\/ensak\/la-direction\/","title":{"rendered":"Direction"},"content":{"rendered":"<div id=\"pl-2167\"  class=\"panel-layout\" ><div id=\"pg-2167-0\"  class=\"panel-grid panel-has-style\" ><div class=\"container panel-row-style panel-row-style-for-2167-0\" ><div id=\"pgc-2167-0-0\"  class=\"panel-grid-cell\" ><div id=\"panel-2167-0-0-0\" class=\"so-panel widget widget_text panel-first-child panel-last-child\" data-index=\"0\" ><div class=\"panel-widget-style panel-widget-style-for-2167-0-0-0\" >\t\t\t<div class=\"textwidget\"><style>\ntable {\n  border-collapse: collapse;\n  border-spacing: 0;\n  width: 100%;\n  border: 1px solid #ddd;\n}\n\nth, td {\n  text-align: left;\n  padding: 16px;\n}\n\ntr:nth-child(even) {\n  background-color: #f2f2f2;\n}\n<\/style>\n<style type=\"text\/css\">\n.tg  {width:60%;}\n<\/style>\n<table border=\"1\" cellspacing=\"1\" cellpadding=\"1\" style=\"width:80%\">\n<tbody>\n<tr>\n<td><strong>Directeur<\/strong><\/td>\n<td>Pr. KADIRI Moulay Saddik<\/td>\n<td>s.kadiri@usms.ma<\/td>\n<\/tr>\n<tr>\n<td><strong>Directeur Adjoint<\/strong><\/td>\n<td>Pr. EL HADFI Youssef <\/td>\n<td>y.elhadfi@usms.ma<\/td>\n<\/tr>\n<tr>\n<td><strong>Secr\u00e9taire g\u00e9n\u00e9rale<\/strong><\/td>\n<td>Mme JALIL Amina<\/td>\n<td>a.jalil@usms.ma<\/td>\n<\/tr>\n<\/tbody>\n<\/table>\n\n<h3 style=\"color: #fd4361;\">Staff administratif<\/h3>\n<br \/>\n<table border=\"1\" cellspacing=\"1\" cellpadding=\"1\" style=\"width:80%\">\n<tbody>\n<tr>\n<td style=\"color: #1163ad;\"><strong>Service<\/strong><\/td>\n<td style=\"color: #1163ad;\"><strong>Nom et Pr\u00e9nom<\/strong><\/td>\n<td style=\"color: #1163ad;\"><strong>Email<\/strong><\/td>\n<\/tr>\n<tr>\n<td style=\"vertical-align: text-top;\"><strong>Secr\u00e9tariat<\/strong><\/td>\n<td>DAMRANE Nora <br \/>NAOUI Fatiha<\/td>\n<td>n.damrane@usms.ma <br \/> f.naoui@usms.ma<\/td>\n<\/tr>\n<tr>\n<td><strong>Communication et stages<\/strong><\/td>\n<td>MOUAFIQ Hammouda<\/td>\n<td>h.mouafiq@usms.ma<\/td>\n<\/tr>\n<tr>\n<td><strong>Ressources humaines<\/strong><\/td>\n<td>EL OIDI Abderrahman<\/td>\n<td>a.eloidi@usms.ma<\/td>\n<\/tr>\n<tr>\n<td style=\"vertical-align: text-top;\"><strong>Economique<\/strong><\/td>\n<td>NAANANI Samira<br \/>MACHROUHI Aziza<br \/>SADIKI Ahmed<\/td>\n<td>s.naanani@usms.ma <br \/> a.mechrouhi@usms.ma<br \/> a.sadiki@usms.ma<\/td>\n<\/tr>\n<tr>\n<td><strong>Biblioth\u00e8que<\/strong><\/td>\n<td>HOUMAIDI Khalid<\/td>\n<td>k.houmaidi@usms.ma<\/td>\n<\/tr>\n<tr>\n<td style=\"vertical-align: text-top;\"><strong>Informatique<\/strong><\/td>\n<td>RACHIKH Salma<\/td>\n<td>s.rachikh@usms.ma<\/td>\n<\/tr>\n<tr>\n<td>\n<strong>Scolarit\u00e9<\/strong> <br \/> \nAnn\u00e9es pr\u00e9paratoires int\u00e9gr\u00e9es<br \/>\n1<span style=\"vertical-align:5px; font-size: 12px;\">\u00e8re<\/span> ann\u00e9e du cycle ing\u00e9nieur et master<br \/>\n2<span style=\"vertical-align:5px; font-size: 12px;\">\u00e8me<\/span> ann\u00e9e du cycle ing\u00e9nieur<br \/>\n3<span style=\"vertical-align:5px; font-size: 12px;\">\u00e8me<\/span> ann\u00e9e du cycle ing\u00e9nieur\n<\/td>\n<td>\n<br \/>\nET-TAM Abdelkarim<br \/>\nFALOUS Khadija<br \/>\nNOUINA bouaaza<br \/>\nBOUALEZ Bouchra\n<\/td>\n<td>\n<br \/>\na.ettam@usms.ma<br \/>\nk.falous@usms.ma<br \/>\nb.nouina@usms.ma<br \/>\nb.boualez@usms.ma\n<\/td>\n<\/tr>\n<tr>\n<td><strong>Statistique et vacations<\/strong><\/td>\n<td>EL BOUAZIZI Awatif<\/td>\n<td>a.bouazizi@usms.ma<\/td>\n<\/tr>\n<tr>\n<td><strong>Secr\u00e9tariat des d\u00e9partements-Vacataires-Doctorants<\/strong><\/td>\n<td>CHBOUKI nadia<\/td>\n<td>n.chbouki@usms.ma<\/td>\n<\/tr>\n<tr>\n<td><strong>Chauffeur<\/strong><\/td>\n<td>MAAMOR Bouaaza<\/td>\n<td>b.maamor@usms.ma<\/td>\n<\/tr>\n<tr>\n<td><strong>Technicien de laboratoire GPEE<\/strong><\/td>\n<td>Mouad BARGANI<\/td>\n<td>m.bargani@usms.ma<\/td>\n<\/tr>\n<\/tbody>\n<\/table><\/div>\n\t\t<\/div><\/div><\/div><\/div><\/div><\/div>","protected":false},"excerpt":{"rendered":"<p>Directeur Pr. KADIRI Moulay Saddik s.kadiri@usms.ma Directeur Adjoint Pr. EL HADFI Youssef y.elhadfi@usms.ma Secr\u00e9taire g\u00e9n\u00e9rale Mme JALIL Amina a.jalil@usms.ma Staff administratif Service Nom et Pr\u00e9nom Email Secr\u00e9tariat DAMRANE Nora NAOUI Fatiha n.damrane@usms.ma f.naoui@usms.ma Communication et stages MOUAFIQ Hammouda h.mouafiq@usms.ma Ressources humaines EL OIDI Abderrahman a.eloidi@usms.ma Economique NAANANI SamiraMACHROUHI AzizaSADIKI Ahmed s.naanani@usms.ma a.mechrouhi@usms.ma a.sadiki@usms.ma Biblioth\u00e8que HOUMAIDI [&hellip;]<\/p>\n","protected":false},"author":2,"featured_media":0,"parent":0,"menu_order":0,"comment_status":"closed","ping_status":"closed","template":"page-templates\/tpl-pagebuilder.php","meta":{"ngg_post_thumbnail":0,"cybocfi_hide_featured_image":""},"acf":[],"_links":{"self":[{"href":"http:\/\/ensak.usms.ac.ma\/ensak\/wp-json\/wp\/v2\/pages\/2167"}],"collection":[{"href":"http:\/\/ensak.usms.ac.ma\/ensak\/wp-json\/wp\/v2\/pages"}],"about":[{"href":"http:\/\/ensak.usms.ac.ma\/ensak\/wp-json\/wp\/v2\/types\/page"}],"author":[{"embeddable":true,"href":"http:\/\/ensak.usms.ac.ma\/ensak\/wp-json\/wp\/v2\/users\/2"}],"replies":[{"embeddable":true,"href":"http:\/\/ensak.usms.ac.ma\/ensak\/wp-json\/wp\/v2\/comments?post=2167"}],"version-history":[{"count":61,"href":"http:\/\/ensak.usms.ac.ma\/ensak\/wp-json\/wp\/v2\/pages\/2167\/revisions"}],"predecessor-version":[{"id":8679,"href":"http:\/\/ensak.usms.ac.ma\/ensak\/wp-json\/wp\/v2\/pages\/2167\/revisions\/8679"}],"wp:attachment":[{"href":"http:\/\/ensak.usms.ac.ma\/ensak\/wp-json\/wp\/v2\/media?parent=2167"}],"curies":[{"name":"wp","href":"https:\/\/api.w.org\/{rel}","templated":true}]}}