{"id":2105,"date":"2020-12-31T14:54:34","date_gmt":"2020-12-31T13:54:34","guid":{"rendered":"http:\/\/ensak.usms.ac.ma\/ensak\/?page_id=2105"},"modified":"2022-01-21T21:25:30","modified_gmt":"2022-01-21T20:25:30","slug":"reglement-interieur","status":"publish","type":"page","link":"http:\/\/ensak.usms.ac.ma\/ensak\/reglement-interieur\/","title":{"rendered":"R\u00e8glement int\u00e9rieur"},"content":{"rendered":"<div id=\"pl-2105\"  class=\"panel-layout\" ><div id=\"pg-2105-0\"  class=\"panel-grid panel-has-style\" ><div class=\"container panel-row-style panel-row-style-for-2105-0\" ><div id=\"pgc-2105-0-0\"  class=\"panel-grid-cell\" ><div id=\"panel-2105-0-0-0\" class=\"so-panel widget widget_text panel-first-child panel-last-child\" data-index=\"0\" ><div class=\"panel-widget-style panel-widget-style-for-2105-0-0-0\" >\t\t\t<div class=\"textwidget\"><p>L\u2019ENSA de Khouribga est dot\u00e9 d\u2019un r\u00e8glement int\u00e9rieur, amend\u00e9 et approuv\u00e9 par son conseil lors de sa r\u00e9union du 17-02-2020, et valid\u00e9 par le conseil d\u2019universit\u00e9 lors de sa r\u00e9union du 22-01-2021.\n<br \/>Ce r\u00e8glement a pour objet de rappeler les grandes lignes de la gestion de l\u2019\u00e9tablissement conform\u00e9ment \u00e0 la loi 01-00 portant organisation de l\u2019enseignement sup\u00e9rieur.<br \/> Il d\u00e9finit les droits et les libert\u00e9s dans les locaux de l\u2019\u00e9cole et d\u2019en assurer le bon fonctionnement. \nCe r\u00e8glement s\u2019impose \u00e0 toutes et tous.\n<\/p>\n<\/div>\n\t\t<\/div><\/div><\/div><\/div><\/div><\/div>","protected":false},"excerpt":{"rendered":"<p>L\u2019ENSA de Khouribga est dot\u00e9 d\u2019un r\u00e8glement int\u00e9rieur, amend\u00e9 et approuv\u00e9 par son conseil lors de sa r\u00e9union du 17-02-2020, et valid\u00e9 par le conseil d\u2019universit\u00e9 lors de sa r\u00e9union du 22-01-2021. Ce r\u00e8glement a pour objet de rappeler les grandes lignes de la gestion de l\u2019\u00e9tablissement conform\u00e9ment \u00e0 la loi 01-00 portant organisation de [&hellip;]<\/p>\n","protected":false},"author":2,"featured_media":0,"parent":0,"menu_order":0,"comment_status":"closed","ping_status":"closed","template":"page-templates\/tpl-pagebuilder.php","meta":{"ngg_post_thumbnail":0,"cybocfi_hide_featured_image":""},"acf":[],"_links":{"self":[{"href":"http:\/\/ensak.usms.ac.ma\/ensak\/wp-json\/wp\/v2\/pages\/2105"}],"collection":[{"href":"http:\/\/ensak.usms.ac.ma\/ensak\/wp-json\/wp\/v2\/pages"}],"about":[{"href":"http:\/\/ensak.usms.ac.ma\/ensak\/wp-json\/wp\/v2\/types\/page"}],"author":[{"embeddable":true,"href":"http:\/\/ensak.usms.ac.ma\/ensak\/wp-json\/wp\/v2\/users\/2"}],"replies":[{"embeddable":true,"href":"http:\/\/ensak.usms.ac.ma\/ensak\/wp-json\/wp\/v2\/comments?post=2105"}],"version-history":[{"count":12,"href":"http:\/\/ensak.usms.ac.ma\/ensak\/wp-json\/wp\/v2\/pages\/2105\/revisions"}],"predecessor-version":[{"id":4550,"href":"http:\/\/ensak.usms.ac.ma\/ensak\/wp-json\/wp\/v2\/pages\/2105\/revisions\/4550"}],"wp:attachment":[{"href":"http:\/\/ensak.usms.ac.ma\/ensak\/wp-json\/wp\/v2\/media?parent=2105"}],"curies":[{"name":"wp","href":"https:\/\/api.w.org\/{rel}","templated":true}]}}