{"id":1924,"date":"2020-12-10T15:45:20","date_gmt":"2020-12-10T14:45:20","guid":{"rendered":"http:\/\/ensak.usms.ac.ma\/ensak\/?page_id=1924"},"modified":"2026-02-16T09:23:44","modified_gmt":"2026-02-16T09:23:44","slug":"emplois-du-temps","status":"publish","type":"page","link":"http:\/\/ensak.usms.ac.ma\/ensak\/emplois-du-temps\/","title":{"rendered":"Emplois du temps"},"content":{"rendered":"<div id=\"pl-1924\"  class=\"panel-layout\" ><div id=\"pg-1924-0\"  class=\"panel-grid panel-has-style\" ><div class=\"container panel-row-style panel-row-style-for-1924-0\" ><div id=\"pgc-1924-0-0\"  class=\"panel-grid-cell\" ><div id=\"panel-1924-0-0-0\" class=\"so-panel widget widget_text panel-first-child panel-last-child\" data-index=\"0\" ><div class=\"panel-widget-style panel-widget-style-for-1924-0-0-0\" >\t\t\t<div class=\"textwidget\"><span style=\"color: blue;\"><strong>- Calendrier du semestre d\u2019automne (S1) : <a href=\"\/ensak\/wp-content\/uploads\/2025\/11\/Calendrier-S1-25-26-1.pdf\" >T\u00e9l\u00e9charger<\/a><\/span><\/strong><br>\n<span style=\"color: blue;\"><strong>- Calendrier du semestre de printemps (S2) : <a href=\"\/ensak\/wp-content\/uploads\/2026\/02\/Calendrier-S2-25-26-1.pdf\" >T\u00e9l\u00e9charger<\/a><\/span><\/strong><br>\n\n\n<br><span style=\"color: red;\"><strong>Les \u00e9tudiants sont tenus de consulter r\u00e9guli\u00e8rement les emplois du temps pour \u00eatre inform\u00e9s de toute \u00e9ventuelle modification.<br><\/span><\/strong><br>\n\n<style>\n#customers {\n  font-family: Arial, Helvetica, sans-serif;\n  border-collapse: collapse;\n  width: 100%;\n}\n\n#customers td, #customers th {\n  border: 2px solid #000;\n  padding: 8px;\n}\n\n#customers tr:nth-child(even){background-color: #ecf6ff;}\n\n#customers tr:hover {background-color: #ddd;}\n\n#customers th {\n  padding-top: 12px;\n  padding-bottom: 12px;\n  text-align: left;\n  background-color: #0378ad;\n  color: white;\n}\n<\/style>\n\n<table id=\"customers\">\n<tbody>\n<tr>\n<td style=\"background-color: #fff; border-top-color: #fff; border-left-color: #fff;\"><\/td>\n<th style=\"text-align: center;\"><strong>Ann\u00e9es Pr\u00e9paratoires Int\u00e9gr\u00e9es<\/strong><\/th>\n<\/tr>\n<tr>\n<th><strong>Premi\u00e8re ann\u00e9e<\/strong><\/th>\n<td classe=\"API1\" align=\"center\" valign=\"middle\"><a href=\"https:\/\/drive.google.com\/file\/d\/15NN68g3__oAn9BLkNTsLSFI0t9Sf7Kac\/view\">Consulter<\/a>\u00a0<i class=\"fa fa-file-pdf-o\" aria-hidden=\"true\"><\/i> <\/td>\n<\/tr>\n<tr>\n<th><strong>Deuxi\u00e8me ann\u00e9e<\/strong><\/th>\n<td classe=\"API2\" align=\"center\" valign=\"middle\"><a href=\"https:\/\/drive.google.com\/file\/d\/1XWKf5Jd9NwgGYYlWVLi8TMUNYlWF_JaX\/view\">Consulter<\/a>\u00a0<i class=\"fa fa-file-pdf-o\" aria-hidden=\"true\"><\/i> <\/td>\n<\/tr>\n<\/tbody>\n<\/table>\n\n\n&nbsp;\n<table id=\"customers\">\n<tbody>\n<tr>\n<td style=\"background-color: #fff; border-top-color: #fff; border-left-color: #fff; border-bottom-color: #fff;\"><\/td>\n<th style=\"text-align: center;\" colspan=\"8\" rowspan=\"1\"><strong>Cycle Ing\u00e9nieur<\/strong><\/th>\n<\/tr>\n<tr>\n<td style=\"background-color: #fff; border-top-color: #fff; border-left-color: #fff;\"><\/td>\n<td class=\"rtecenter\" style=\"text-align: center;\"><strong>GPEE<\/strong><\/td>\n<td class=\"rtecenter\" style=\"text-align: center;\"><strong>IID<\/strong><\/td>\n<td class=\"rtecenter\" style=\"text-align: center;\"><strong>GE<\/strong><\/td>\n<td style=\"text-align: center;\"><strong>GI<\/strong><\/td>\n<td class=\"rtecenter\" style=\"text-align: center;\"><strong>IRIC<\/strong><\/td>\n<td class=\"rtecenter\" style=\"text-align: center;\"><strong>MGSI<\/strong><\/td>\n<\/tr>\n<tr>\n<th><strong>Premi\u00e8re ann\u00e9e<\/strong><\/th>\n<td classe=\"GPEE1\" align=\"center\" valign=\"middle\"><a href=\"https:\/\/drive.google.com\/file\/d\/1qzTF-0r0vF0ApFodm8mobxmfVgIMCwYE\/view\">Consulter<\/a>\u00a0<i class=\"fa fa-file-pdf-o\" aria-hidden=\"true\"><\/i><\/td>\n<td classe=\"IID1\" align=\"center\" valign=\"middle\"><a href=\"https:\/\/drive.google.com\/file\/d\/1SSCQwHI5i8qJw2wowR7Q5wmzhkaANRpu\/view\">Consulter<\/a>\u00a0<i class=\"fa fa-file-pdf-o\" aria-hidden=\"true\"><\/i><\/td>\n<td classe=\"GE1\" align=\"center\" valign=\"middle\"><a href=\"https:\/\/drive.google.com\/file\/d\/1DG_kmAFIv_EozUN-dhgIN-HszOKA-J1u\/view\">Consulter<\/a>\u00a0<i class=\"fa fa-file-pdf-o\" aria-hidden=\"true\"><\/i><\/td>\n<td classe=\"GI1\" align=\"center\" valign=\"middle\"><a href=\"https:\/\/drive.google.com\/file\/d\/1_MjIomaoKpd2q3NOl_-kbOxRFbKz3L17\/view\">Consulter<\/a>\u00a0<i class=\"fa fa-file-pdf-o\" aria-hidden=\"true\"><\/i><\/td>\n<td classe=\"IRIC1\" align=\"center\" valign=\"middle\"><a href=\"https:\/\/drive.google.com\/file\/d\/1ZXAokFVkV1h-dCtsCyF_wooa7bymihdW\/view\">Consulter<\/a>\u00a0<i class=\"fa fa-file-pdf-o\" aria-hidden=\"true\"><\/i><\/td>\n<td classe=\"MGSI1\" align=\"center\" valign=\"middle\"><a href=\"https:\/\/drive.google.com\/file\/d\/1uIK076cGkNu25AqvdXQZcfjBDO1Fy-dg\/view\">Consulter<\/a>\u00a0<i class=\"fa fa-file-pdf-o\" aria-hidden=\"true\"><\/i><\/td>\n<\/tr>\n<tr>\n  <th><strong>Deuxi\u00e8me ann\u00e9e<\/strong><\/th>\n  \n  <td class=\"GPEE2\" align=\"center\" valign=\"middle\">\n    <a href=\"https:\/\/drive.google.com\/file\/d\/1DZ_Rq0yaO22sSPOczTlX94_9c2cna9LV\/view\">Consulter<\/a>\n    <i class=\"fa fa-file-pdf-o\" aria-hidden=\"true\"><\/i>\n  <\/td>\n  \n  <td class=\"IID2\" align=\"center\" valign=\"middle\">\n    <a href=\"https:\/\/drive.google.com\/file\/d\/1YHMSNdOyN0orlozlermd35gTNpkoNQtk\/view\">Consulter<\/a>\n    <i class=\"fa fa-file-pdf-o\" aria-hidden=\"true\"><\/i>\n  <\/td>\n\n  <td class=\"GE2\" align=\"center\" valign=\"middle\" style=\"border-right: 1px solid #000;\">\n    <div style=\"border-bottom: 1px solid #000; padding-bottom: 5px; margin-bottom: 5px;\">\n      <a href=\"https:\/\/drive.google.com\/file\/d\/1V3xBYz90gNuJ8Yu2RebTnC5iSMObq-yZ\/view\">GE2-ERME<\/a>\n      <i class=\"fa fa-file-pdf-o\" aria-hidden=\"true\"><\/i>\n    <\/div>\n    <div>\n      <a href=\"https:\/\/drive.google.com\/file\/d\/1iAymc4X6AqnycZvM4wyLp13xMec8f-QS\/view\">GE2-SE<\/a>\n      <i class=\"fa fa-file-pdf-o\" aria-hidden=\"true\"><\/i>\n    <\/div>\n  <\/td>\n\n  <td class=\"GI2\" align=\"center\" valign=\"middle\">\n    <div style=\"border-bottom: 1px solid #000; padding-bottom: 5px; margin-bottom: 5px;\">\n      <a href=\"https:\/\/drive.google.com\/file\/d\/1ACkXxmIal9waP9a5rAIpYPzL9nNkF4nO\/view\">GI2-SCIL<\/a>\n      <i class=\"fa fa-file-pdf-o\" aria-hidden=\"true\"><\/i>\n    <\/div>\n    <div>\n      <a href=\"https:\/\/drive.google.com\/file\/d\/1HLP7Y9o342vjAFOAtB22y9sV-FCpQCP8\/view\">GI2-TALIS<\/a>\n      <i class=\"fa fa-file-pdf-o\" aria-hidden=\"true\"><\/i>\n    <\/div>\n  <\/td>\n\n  <td class=\"IRIC2\" align=\"center\" valign=\"middle\">\n    <a href=\"https:\/\/drive.google.com\/file\/d\/197U8OAgQGeFZN1dJkTNYm5Nyu4CKLHuE\/view\">Consulter<\/a>\n    <i class=\"fa fa-file-pdf-o\" aria-hidden=\"true\"><\/i>\n  <\/td>\n  \n  <td class=\"MGSI2\" align=\"center\" valign=\"middle\">\n    <a href=\"https:\/\/drive.google.com\/file\/d\/1Y_zoj6GN62GSLE3s24WMhF2v-v5mLQjz\/view\">Consulter<\/a>\n    <i class=\"fa fa-file-pdf-o\" aria-hidden=\"true\"><\/i>\n  <\/td>\n<\/tr>\n<th><strong>Troisi\u00e8me ann\u00e9e<\/strong><\/th>\n<td classe=\"GPEE3\" align=\"center\" valign=\"middle\"><a href=\"\">Consulter<\/a>\u00a0<i class=\"fa fa-file-pdf-o\" aria-hidden=\"true\"><\/i><\/td>\n<td classe=\"IID3\" align=\"center\" valign=\"middle\"><a href=\"\">Consulter<\/a>\u00a0<i class=\"fa fa-file-pdf-o\" aria-hidden=\"true\"><\/i><\/td>\n<td classe=\"GE3\" align=\"center\" valign=\"middle\"><a href=\"\">Consulter<\/a>\u00a0<i class=\"fa fa-file-pdf-o\" aria-hidden=\"true\"><\/i><\/td>\n<td classe=\"GI3\" align=\"center\" valign=\"middle\"><a href=\"\">Consulter<\/a>\u00a0<i class=\"fa fa-file-pdf-o\" aria-hidden=\"true\"><\/i><\/td>\n<td classe=\"IRIC3\" align=\"center\" valign=\"middle\"> <a href=\"\">Consulter<\/a>\u00a0<i class=\"fa fa-file-pdf-o\" aria-hidden=\"true\"><\/i><\/td>\n<td classe=\"MGSI3\" align=\"center\" valign=\"middle\"> <a href=\"\">Consulter<\/a>\u00a0<i class=\"fa fa-file-pdf-o\" aria-hidden=\"true\"><\/i><\/td>\n\n<\/tr>\n<\/tbody>\n<\/table>\n\n&nbsp;\n\n<table id=\"customers\">\n  <tbody>\n  \n    <tr>\n      <td style=\"background-color: #fff; border-top-color: #fff; border-left-color: #fff;\"><\/td>\n      <td class=\"rtecenter\" style=\"text-align: center;\"><strong>Master Informatique et Math\u00e9matiques pour la Science des Donn\u00e9es<\/strong><\/td>\n    <\/tr>\n    <tr>\n      <th><strong>Premi\u00e8re ann\u00e9e<\/strong><\/th>\n      <td class=\"M1\" align=\"center\" valign=\"middle\"><a href=\"https:\/\/drive.google.com\/file\/d\/1MtaAyntvH6dq9Q0gTHhHjRkCSdfszyoY\/view\">Consulter <i class=\"fa fa-file-pdf-o\" aria-hidden=\"true\"><\/i><\/a><\/td>\n    <\/tr>\n    <tr>\n      <th><strong>Deuxi\u00e8me ann\u00e9e<\/strong><\/th>\n      <td class=\"M2\" align=\"center\" valign=\"middle\"><a href=\"\">Consulter <i class=\"fa fa-file-pdf-o\" aria-hidden=\"true\"><\/i><\/a><\/td>\n    <\/tr>\n  <\/tbody>\n<\/table>\n\n<\/table><\/div>\n\t\t<\/div><\/div><\/div><\/div><\/div><\/div>","protected":false},"excerpt":{"rendered":"<p>&#8211; Calendrier du semestre d\u2019automne (S1) : T\u00e9l\u00e9charger &#8211; Calendrier du semestre de printemps (S2) : T\u00e9l\u00e9charger Les \u00e9tudiants sont tenus de consulter r\u00e9guli\u00e8rement les emplois du temps pour \u00eatre inform\u00e9s de toute \u00e9ventuelle modification. Ann\u00e9es Pr\u00e9paratoires Int\u00e9gr\u00e9es Premi\u00e8re ann\u00e9e Consulter\u00a0 Deuxi\u00e8me ann\u00e9e Consulter\u00a0 &nbsp; Cycle Ing\u00e9nieur GPEE IID GE GI IRIC MGSI Premi\u00e8re ann\u00e9e [&hellip;]<\/p>\n","protected":false},"author":2,"featured_media":0,"parent":0,"menu_order":0,"comment_status":"closed","ping_status":"closed","template":"page-templates\/tpl-pagebuilder.php","meta":{"ngg_post_thumbnail":0,"cybocfi_hide_featured_image":""},"acf":[],"_links":{"self":[{"href":"http:\/\/ensak.usms.ac.ma\/ensak\/wp-json\/wp\/v2\/pages\/1924"}],"collection":[{"href":"http:\/\/ensak.usms.ac.ma\/ensak\/wp-json\/wp\/v2\/pages"}],"about":[{"href":"http:\/\/ensak.usms.ac.ma\/ensak\/wp-json\/wp\/v2\/types\/page"}],"author":[{"embeddable":true,"href":"http:\/\/ensak.usms.ac.ma\/ensak\/wp-json\/wp\/v2\/users\/2"}],"replies":[{"embeddable":true,"href":"http:\/\/ensak.usms.ac.ma\/ensak\/wp-json\/wp\/v2\/comments?post=1924"}],"version-history":[{"count":229,"href":"http:\/\/ensak.usms.ac.ma\/ensak\/wp-json\/wp\/v2\/pages\/1924\/revisions"}],"predecessor-version":[{"id":8977,"href":"http:\/\/ensak.usms.ac.ma\/ensak\/wp-json\/wp\/v2\/pages\/1924\/revisions\/8977"}],"wp:attachment":[{"href":"http:\/\/ensak.usms.ac.ma\/ensak\/wp-json\/wp\/v2\/media?parent=1924"}],"curies":[{"name":"wp","href":"https:\/\/api.w.org\/{rel}","templated":true}]}}