{"id":1629,"date":"2020-09-05T17:27:54","date_gmt":"2020-09-05T17:27:54","guid":{"rendered":"http:\/\/ensak.usms.ac.ma\/ensak\/?page_id=1629"},"modified":"2020-09-05T17:27:54","modified_gmt":"2020-09-05T17:27:54","slug":"assurance-maladie-obligatoire","status":"publish","type":"page","link":"http:\/\/ensak.usms.ac.ma\/ensak\/assurance-maladie-obligatoire\/","title":{"rendered":"Assurance Maladie Obligatoire"},"content":{"rendered":"<p>Afin de b\u00e9n\u00e9ficier de la couverture m\u00e9dicale, vous \u00eates tenus de renseigner soigneusement la fiche de demande d\u2019inscription \u00e0 l\u2019<strong>AMO pour \u00e9tudiants<\/strong>\u00a0sur le lien\u00a0suivant\u00a0:\u00a0<strong><a href=\"http:\/\/www.usms.ac.ma\/apps\/amo\" target=\"_blank\" rel=\"nofollow noopener noreferrer\" data-saferedirecturl=\"https:\/\/www.google.com\/url?q=http:\/\/www.usms.ac.ma\/apps\/amo&amp;source=gmail&amp;ust=1574757173829000&amp;usg=AFQjCNFb40kqiDBjJEDTXkfbsS0G6JqGEA\">http:\/\/www.usms.ac.ma\/apps\/amo<\/a><\/strong><\/p>\n<p>Lors de renseignement de la fiche d\u2019inscription \u00e0 l\u2019AMO, une adresse mail acad\u00e9mique vous sera automatiquement attribu\u00e9e. Vous serez inform\u00e9 par courriel, envoy\u00e9 \u00e0 cette adresse mail, de l\u2019\u00e9tat de votre demande d\u2019immatriculation \u00e0 l\u2019AMO.<\/p>\n<p><img loading=\"lazy\" class=\"alignnone size-full wp-image-1630\" src=\"http:\/\/ensak.usms.ac.ma\/ensak\/wp-content\/uploads\/2020\/09\/AMO.jpg\" alt=\"\" width=\"2480\" height=\"3508\" srcset=\"http:\/\/ensak.usms.ac.ma\/ensak\/wp-content\/uploads\/2020\/09\/AMO.jpg 2480w, http:\/\/ensak.usms.ac.ma\/ensak\/wp-content\/uploads\/2020\/09\/AMO-191x270.jpg 191w, http:\/\/ensak.usms.ac.ma\/ensak\/wp-content\/uploads\/2020\/09\/AMO-768x1086.jpg 768w, http:\/\/ensak.usms.ac.ma\/ensak\/wp-content\/uploads\/2020\/09\/AMO-724x1024.jpg 724w\" sizes=\"(max-width: 2480px) 100vw, 2480px\" \/><\/p>\n","protected":false},"excerpt":{"rendered":"<p>Afin de b\u00e9n\u00e9ficier de la couverture m\u00e9dicale, vous \u00eates tenus de renseigner soigneusement la fiche de demande d\u2019inscription \u00e0 l\u2019AMO pour \u00e9tudiants\u00a0sur le lien\u00a0suivant\u00a0:\u00a0http:\/\/www.usms.ac.ma\/apps\/amo Lors de renseignement de la fiche d\u2019inscription \u00e0 l\u2019AMO, une adresse mail acad\u00e9mique vous sera automatiquement attribu\u00e9e. Vous serez inform\u00e9 par courriel, envoy\u00e9 \u00e0 cette adresse mail, de l\u2019\u00e9tat de votre [&hellip;]<\/p>\n","protected":false},"author":2,"featured_media":0,"parent":0,"menu_order":0,"comment_status":"closed","ping_status":"closed","template":"","meta":{"ngg_post_thumbnail":0,"cybocfi_hide_featured_image":""},"acf":[],"_links":{"self":[{"href":"http:\/\/ensak.usms.ac.ma\/ensak\/wp-json\/wp\/v2\/pages\/1629"}],"collection":[{"href":"http:\/\/ensak.usms.ac.ma\/ensak\/wp-json\/wp\/v2\/pages"}],"about":[{"href":"http:\/\/ensak.usms.ac.ma\/ensak\/wp-json\/wp\/v2\/types\/page"}],"author":[{"embeddable":true,"href":"http:\/\/ensak.usms.ac.ma\/ensak\/wp-json\/wp\/v2\/users\/2"}],"replies":[{"embeddable":true,"href":"http:\/\/ensak.usms.ac.ma\/ensak\/wp-json\/wp\/v2\/comments?post=1629"}],"version-history":[{"count":1,"href":"http:\/\/ensak.usms.ac.ma\/ensak\/wp-json\/wp\/v2\/pages\/1629\/revisions"}],"predecessor-version":[{"id":1631,"href":"http:\/\/ensak.usms.ac.ma\/ensak\/wp-json\/wp\/v2\/pages\/1629\/revisions\/1631"}],"wp:attachment":[{"href":"http:\/\/ensak.usms.ac.ma\/ensak\/wp-json\/wp\/v2\/media?parent=1629"}],"curies":[{"name":"wp","href":"https:\/\/api.w.org\/{rel}","templated":true}]}}