{"id":1597,"date":"2020-09-05T16:00:01","date_gmt":"2020-09-05T16:00:01","guid":{"rendered":"http:\/\/ensak.usms.ac.ma\/ensak\/?page_id=1597"},"modified":"2026-04-01T09:56:53","modified_gmt":"2026-04-01T08:56:53","slug":"genie-des-procedes","status":"publish","type":"page","link":"http:\/\/ensak.usms.ac.ma\/ensak\/genie-des-procedes\/","title":{"rendered":"D\u00e9partement G\u00e9nie des Proc\u00e9d\u00e9s"},"content":{"rendered":"<div id=\"pl-1597\"  class=\"panel-layout\" ><div id=\"pg-1597-0\"  class=\"panel-grid panel-has-style\" ><div class=\"container panel-row-style panel-row-style-for-1597-0\" ><div id=\"pgc-1597-0-0\"  class=\"panel-grid-cell\" ><div id=\"panel-1597-0-0-0\" class=\"so-panel widget widget_text panel-first-child panel-last-child\" data-index=\"0\" ><div class=\"panel-widget-style panel-widget-style-for-1597-0-0-0\" >\t\t\t<div class=\"textwidget\"><style>\ntable {\n  border-collapse: collapse;\n  border-spacing: 0;\n  width: 100%;\n  border: 1px solid #ddd;\n}\n\nth, td {\n  text-align: left;\n  padding: 16px;\n}\n\ntr:nth-child(even) {\n  background-color: #f2f2f2;\n}\n<\/style>\n<table border=\"1\" width=\"750\" cellspacing=\"1\" cellpadding=\"1\" style=\"width:80%;\">\n<tbody>\n<tr>\n<td><strong>Chef de d\u00e9partement<\/strong><\/td>\n<td>TOUIL Salah<\/td>\n<\/tr>\n<tr>\n<td><strong>Adjoint du chef de d\u00e9partement\u00a0<\/strong><\/td>\n<td>KHAMAR Lhachmi<\/td>\n<\/tr>\n<\/tbody>\n<\/table>\n<h2 style=\"color: #fd4361;\">Fili\u00e8re rattach\u00e9e au d\u00e9partement<\/h2>\n<p>\n<h4 style=\"margin-left: 30px;\"><a href=\"\/ensak\/wp-content\/uploads\/2026\/04\/Depliant-GPEE-25-26.pdf\" style=\"margin-left: 30px;\">Fili\u00e8re ing\u00e9nieur en - G\u00e9nie des Proc\u00e9d\u00e9s, de l\u2019Energie et de l\u2019Environnement -<\/a><\/h4>\n<\/p>\n<h2 style=\"color: #fd4361;\">Membres<\/h2>\n<table border=\"1\" width=\"750\" cellspacing=\"1\" cellpadding=\"1\" style=\"width:80%;\">\n<tbody>\n<tr>\n<td style=\"color: #1163ad;\"><strong>Nom et Pr\u00e9nom<\/strong><\/td>\n<td style=\"color: #1163ad;\"><strong>Adresse E-mail<\/strong><\/td>\n<\/tr>\n<tr>\n<td>ABID Aziza<\/td>\n<td class=\"rtecenter\"><a href=\"mailto:a.abid@usms.ma\">a.abid@usms.ma<\/a><\/td>\n<\/tr>\n<tr>\n<td>BIH Lhassan<\/td>\n<td class=\"rtecenter\"><a href=\"mailto:h.bih@usms.ma\">h.bih@usms.ma<\/a><\/td>\n<\/tr>\n<tr>\n<td>CHOUKAIRI Khadija<\/td>\n<td class=\"rtecenter\"><a href=\"mailto:k.choukairy@usms.ma\">k.choukairy@usms.ma<\/a><\/td>\n<\/tr>\n<tr>\n<td>ELBAZI Wail<\/td>\n<td class=\"rtecenter\"><a href=\"mailto:w.elbazi@usms.ma\">w.elbazi@usms.ma<\/a><\/td>\n<\/tr>\n<tr>\n<td>El Maani Rabii<\/td>\n<td class=\"rtecenter\"><a href=\"mailto:r.elmaani@usms.ma\">r.elmaani@usms.ma<\/a><\/td>\n<\/tr>\n<tr>\n<td>KADIRI Moulay Saddik<\/td>\n<td class=\"rtecenter\"><a href=\"mailto:s.kadiri@usms.ma\">s.kadiri@usms.ma<\/a><\/td>\n<\/tr>\n<tr>\n<td>KHALLAKI Kaoutar<\/td>\n<td class=\"rtecenter\"><a href=\"mailto:k.khallaki@usms.ma\">k.khallaki@usms.ma<\/a><\/td>\n<\/tr>\n<tr>\n<td>KHAMAR Lhachmi<\/td>\n<td class=\"rtecenter\"><a href=\"mailto:e.khamar@usms.ma\">e.khamar@usms.ma<\/a><\/td>\n<\/tr>\n<tr>\n<td>TABIT Kamal<\/td>\n<td class=\"rtecenter\"><a href=\"mailto:tabit.kamal@usms.ma\">tabit.kamal@usms.ma<\/a><\/td>\n<\/tr>\n<tr>\n<td>TAHIRI Mohamed<\/td>\n<td class=\"rtecenter\"><a href=\"mailto:m.tahiri1@usms.ma\">m.tahiri@usms.ma<\/a><\/td>\n<\/tr>\n<tr>\n<td>TOUIL Salah<\/td>\n<td class=\"rtecenter\"><a href=\"mailto:s.touil@usms.ma\">s.touil@usms.ma<\/a><\/td>\n<\/tr>\n<tr>\n<td>ELABED Alae<\/td>\n<td class=\"rtecenter\"><a href=\"mailto:a.elabed@usms.ma\">a.elabed@usms.ma<\/a><\/td>\n<\/tr>\n<\/tbody>\n<\/table><\/div>\n\t\t<\/div><\/div><\/div><\/div><\/div><\/div>","protected":false},"excerpt":{"rendered":"<p>Chef de d\u00e9partement TOUIL Salah Adjoint du chef de d\u00e9partement\u00a0 KHAMAR Lhachmi Fili\u00e8re rattach\u00e9e au d\u00e9partement Fili\u00e8re ing\u00e9nieur en &#8211; G\u00e9nie des Proc\u00e9d\u00e9s, de l\u2019Energie et de l\u2019Environnement &#8211; Membres Nom et Pr\u00e9nom Adresse E-mail ABID Aziza a.abid@usms.ma BIH Lhassan h.bih@usms.ma CHOUKAIRI Khadija k.choukairy@usms.ma ELBAZI Wail w.elbazi@usms.ma El Maani Rabii r.elmaani@usms.ma KADIRI Moulay Saddik s.kadiri@usms.ma [&hellip;]<\/p>\n","protected":false},"author":2,"featured_media":0,"parent":0,"menu_order":0,"comment_status":"closed","ping_status":"closed","template":"page-templates\/tpl-pagebuilder.php","meta":{"ngg_post_thumbnail":0,"cybocfi_hide_featured_image":""},"acf":[],"_links":{"self":[{"href":"http:\/\/ensak.usms.ac.ma\/ensak\/wp-json\/wp\/v2\/pages\/1597"}],"collection":[{"href":"http:\/\/ensak.usms.ac.ma\/ensak\/wp-json\/wp\/v2\/pages"}],"about":[{"href":"http:\/\/ensak.usms.ac.ma\/ensak\/wp-json\/wp\/v2\/types\/page"}],"author":[{"embeddable":true,"href":"http:\/\/ensak.usms.ac.ma\/ensak\/wp-json\/wp\/v2\/users\/2"}],"replies":[{"embeddable":true,"href":"http:\/\/ensak.usms.ac.ma\/ensak\/wp-json\/wp\/v2\/comments?post=1597"}],"version-history":[{"count":23,"href":"http:\/\/ensak.usms.ac.ma\/ensak\/wp-json\/wp\/v2\/pages\/1597\/revisions"}],"predecessor-version":[{"id":9116,"href":"http:\/\/ensak.usms.ac.ma\/ensak\/wp-json\/wp\/v2\/pages\/1597\/revisions\/9116"}],"wp:attachment":[{"href":"http:\/\/ensak.usms.ac.ma\/ensak\/wp-json\/wp\/v2\/media?parent=1597"}],"curies":[{"name":"wp","href":"https:\/\/api.w.org\/{rel}","templated":true}]}}