{"id":1593,"date":"2020-09-05T15:56:49","date_gmt":"2020-09-05T15:56:49","guid":{"rendered":"http:\/\/ensak.usms.ac.ma\/ensak\/?page_id=1593"},"modified":"2026-04-01T09:56:12","modified_gmt":"2026-04-01T08:56:12","slug":"genie-reseaux-telecoms","status":"publish","type":"page","link":"http:\/\/ensak.usms.ac.ma\/ensak\/genie-reseaux-telecoms\/","title":{"rendered":"D\u00e9partement Cybers\u00e9curit\u00e9 R\u00e9seaux et T\u00e9l\u00e9communications"},"content":{"rendered":"<div id=\"pl-1593\"  class=\"panel-layout\" ><div id=\"pg-1593-0\"  class=\"panel-grid panel-has-style\" ><div class=\"container panel-row-style panel-row-style-for-1593-0\" ><div id=\"pgc-1593-0-0\"  class=\"panel-grid-cell\" ><div id=\"panel-1593-0-0-0\" class=\"so-panel widget widget_text panel-first-child panel-last-child\" data-index=\"0\" ><div class=\"panel-widget-style panel-widget-style-for-1593-0-0-0\" >\t\t\t<div class=\"textwidget\"><style>\ntable {\n  border-collapse: collapse;\n  border-spacing: 0;\n  width: 100%;\n  border: 1px solid #ddd;\n}\n\nth, td {\n  text-align: left;\n  padding: 16px;\n}\n\ntr:nth-child(even) {\n  background-color: #f2f2f2;\n}\n<\/style>\n<table border=\"1\" width=\"750\" cellspacing=\"1\" cellpadding=\"1\" style=\"width:80%;\">\n<tbody>\n<tr>\n<td><strong>Chef de d\u00e9partement<\/strong><\/td>\n<td>MOUNIR Soufyane<\/td>\n<\/tr>\n<tr>\n<td><strong>Adjoint du chef de d\u00e9partement\u00a0<\/strong><\/td>\n<td>MALEH Yassin<\/td>\n<\/tr>\n<\/tbody>\n<\/table>\n<h2 style=\"color: #fd4361;\">Fili\u00e8re rattach\u00e9e au d\u00e9partement<\/h2>\n<p>\n<h4 style=\"margin-left: 30px;\"><a href=\"\/ensak\/wp-content\/uploads\/2026\/04\/Depliant-IRIC-25-26.pdf\" style=\"margin-left: 30px;\">Fili\u00e8re ing\u00e9nieur en - Ing\u00e9nierie des R\u00e9seaux Intelligents et Cybers\u00e9curit\u00e9 -<\/a><\/h4>\n<\/p>\n<h2 style=\"color: #fd4361;\">Membres<\/h2>\n<table border=\"1\" width=\"750\" cellspacing=\"1\" cellpadding=\"1\" style=\"width:80%;\">\n<tbody>\n<tr>\n<td style=\"color: #1163ad;\"><strong>Nom et Pr\u00e9nom<\/strong><\/td>\n<td style=\"color: #1163ad;\"><strong>Adresse E-mail<\/strong><\/td>\n<\/tr>\n<tr>\n<td>EL GHOLAMI Khalid<\/td>\n<td class=\"rtecenter\"><a href=\"mailto:k.elgholami@usms.ma\">k.elgholami@usms.ma<\/a><\/td>\n<\/tr>\n<tr>\n<td>FATANI Imade Fahd Eddine<\/td>\n<td class=\"rtecenter\"><a href=\"mailto:i.fatani@usms.ma\">i.fatani@usms.ma<\/a><\/td>\n<\/tr>\n<tr>\n<td>IDRISSI HIND<\/td>\n<td class=\"rtecenter\"><a href=\"mailto:h.idrissi@usms.ma\">h.idrissi@usms.ma<\/a><\/td>\n<\/tr>\n<tr>\n<td>MALEH Yassin<\/td>\n<td class=\"rtecenter\"><a href=\"mailto:y.maleh@usms.ma\">y.maleh@usms.ma<\/a><\/td>\n<\/tr>\n<tr>\n<td>MOUNIR Soufyane<\/td>\n<td class=\"rtecenter\"><a href=\"mailto:s.mounir@usms.ma\">s.mounir@usms.ma<\/a><\/td>\n<\/tr>\n<tr>\n<td>BELKHALA Sofia<\/td>\n<td class=\"rtecenter\"><a href=\"mailto:s.belkhala@usms.ma\">s.belkhala@usms.ma<\/a><\/td>\n<\/tr>\n<tr>\n<td> EL BALMANI Chawki<\/td>\n<td class=\"rtecenter\"><a href=\"mailto:c.elbalmani@usms.ma\">c.elbalmany@usms.ma<\/a><\/td>\n<\/tr>\n<tr>\n<td>EL BANNAY Omar<\/td>\n<td class=\"rtecenter\"><a href=\"mailto:o.elbannay@usms.ma\">o.elbannay@usms.ma<\/a><\/td>\n<\/tr>\n<tr>\n<td>JEBRANE Jihane<\/td>\n<td class=\"rtecenter\"><a href=\"mailto:j.jebrane@usms.ma\">j.jebrane@usms.ma<\/a><\/td>\n<\/tr>\n<tr>\n<td>ERROUAS Younes<\/td>\n<td class=\"rtecenter\"><a href=\"mailto:y.errouas@usms.ma\">y.errouas@usms.ma<\/a><\/td>\n<\/tr>\n<\/tbody>\n<\/table>\n\n<br><br>\n<table border=\"1\" cellspacing=\"1\" cellpadding=\"1\" style=\"width:80%\">\n<tbody>\n<tr>\n<td><strong>Technicien du Labo<\/strong><\/td>\n<td>MAADANI Mohammed<\/td>\n<td>m.maadani@usms.ma<\/td>\n<\/tr>\n<\/tbody>\n<\/table><\/div>\n\t\t<\/div><\/div><\/div><\/div><\/div><\/div>","protected":false},"excerpt":{"rendered":"<p>Chef de d\u00e9partement MOUNIR Soufyane Adjoint du chef de d\u00e9partement\u00a0 MALEH Yassin Fili\u00e8re rattach\u00e9e au d\u00e9partement Fili\u00e8re ing\u00e9nieur en &#8211; Ing\u00e9nierie des R\u00e9seaux Intelligents et Cybers\u00e9curit\u00e9 &#8211; Membres Nom et Pr\u00e9nom Adresse E-mail EL GHOLAMI Khalid k.elgholami@usms.ma FATANI Imade Fahd Eddine i.fatani@usms.ma IDRISSI HIND h.idrissi@usms.ma MALEH Yassin y.maleh@usms.ma MOUNIR Soufyane s.mounir@usms.ma BELKHALA Sofia s.belkhala@usms.ma EL [&hellip;]<\/p>\n","protected":false},"author":2,"featured_media":0,"parent":0,"menu_order":0,"comment_status":"closed","ping_status":"closed","template":"page-templates\/tpl-pagebuilder.php","meta":{"ngg_post_thumbnail":0,"cybocfi_hide_featured_image":""},"acf":[],"_links":{"self":[{"href":"http:\/\/ensak.usms.ac.ma\/ensak\/wp-json\/wp\/v2\/pages\/1593"}],"collection":[{"href":"http:\/\/ensak.usms.ac.ma\/ensak\/wp-json\/wp\/v2\/pages"}],"about":[{"href":"http:\/\/ensak.usms.ac.ma\/ensak\/wp-json\/wp\/v2\/types\/page"}],"author":[{"embeddable":true,"href":"http:\/\/ensak.usms.ac.ma\/ensak\/wp-json\/wp\/v2\/users\/2"}],"replies":[{"embeddable":true,"href":"http:\/\/ensak.usms.ac.ma\/ensak\/wp-json\/wp\/v2\/comments?post=1593"}],"version-history":[{"count":23,"href":"http:\/\/ensak.usms.ac.ma\/ensak\/wp-json\/wp\/v2\/pages\/1593\/revisions"}],"predecessor-version":[{"id":9115,"href":"http:\/\/ensak.usms.ac.ma\/ensak\/wp-json\/wp\/v2\/pages\/1593\/revisions\/9115"}],"wp:attachment":[{"href":"http:\/\/ensak.usms.ac.ma\/ensak\/wp-json\/wp\/v2\/media?parent=1593"}],"curies":[{"name":"wp","href":"https:\/\/api.w.org\/{rel}","templated":true}]}}