{"id":1569,"date":"2020-09-05T15:30:38","date_gmt":"2020-09-05T15:30:38","guid":{"rendered":"http:\/\/ensak.usms.ac.ma\/ensak\/?page_id=1569"},"modified":"2026-04-01T09:54:24","modified_gmt":"2026-04-01T08:54:24","slug":"maths-informatique","status":"publish","type":"page","link":"http:\/\/ensak.usms.ac.ma\/ensak\/maths-informatique\/","title":{"rendered":"D\u00e9partement Math\u00e9matiques et Informatique"},"content":{"rendered":"<div id=\"pl-1569\"  class=\"panel-layout\" ><div id=\"pg-1569-0\"  class=\"panel-grid panel-has-style\" ><div class=\"container panel-row-style panel-row-style-for-1569-0\" ><div id=\"pgc-1569-0-0\"  class=\"panel-grid-cell\" ><div id=\"panel-1569-0-0-0\" class=\"so-panel widget widget_text panel-first-child panel-last-child\" data-index=\"0\" ><div class=\"panel-widget-style panel-widget-style-for-1569-0-0-0\" >\t\t\t<div class=\"textwidget\"><style>\ntable {\n  border-collapse: collapse;\n  border-spacing: 0;\n  width: 100%;\n  border: 1px solid #ddd;\n}\n\nth, td {\n  text-align: left;\n  padding: 16px;\n}\n\ntr:nth-child(even) {\n  background-color: #f2f2f2;\n}\n<\/style>\n<table border=\"1\" width=\"750\" cellspacing=\"1\" cellpadding=\"1\" style=\"width:80%;\">\n<tbody>\n<tr>\n<td><strong>Chef de d\u00e9partement<\/strong><\/td>\n<td>GHAZDALI Abdelghani<\/td>\n<\/tr>\n<tr>\n<td><strong>Adjoint du chef de d\u00e9partement\u00a0<\/strong><\/td>\n<td class=\"rtecenter\">-<\/td>\n<\/tr>\n<\/tbody>\n<\/table>\n\n<h2 style=\"color: #fd4361;\">Fili\u00e8res rattach\u00e9es au d\u00e9partement<\/h2>\n<p>\n<h4 style=\"margin-left: 30px;\"><a href=\"\/ensak\/wp-content\/uploads\/2026\/04\/Depliant-GI-25-26.pdf\" style=\"margin-left: 30px;\">Fili\u00e8re ing\u00e9nieur en - G\u00e9nie informatique -<\/a><\/h4>\n\n<h4 style=\"margin-left: 30px;\"><a href=\"\/ensak\/wp-content\/uploads\/2026\/04\/Depliant-IID-25-26.pdf\" style=\"margin-left: 30px;\">Fili\u00e8re ing\u00e9nieur en - Informatique et Ing\u00e9nierie des donn\u00e9es -<\/a><\/h4>\n\n<h4 style=\"margin-left: 30px;\"><a href=\"\/ensak\/wp-content\/uploads\/2026\/04\/Depliant-MGSI-25-26.pdf\" style=\"margin-left: 30px;\">Fili\u00e8re ing\u00e9nieur en - Management et Gouvernance des syst\u00e9mes d'information -<\/a><\/h4>\n\n\n<h4 style=\"margin-left: 30px;\"><a href=\"\/ensak\/wp-content\/uploads\/2026\/04\/Depliant-MIMSD-25-26.pdf\" style=\"margin-left: 30px;\">Master en - Informatiques et Math\u00e9matiques  pour la science des Donn\u00e9es -<\/a><\/h4>\n\n<\/p>\n<h2 style=\"color: #fd4361;\">Membres<\/h2>\n\n<table border=\"1\" width=\"750\" cellspacing=\"1\" cellpadding=\"1\" style=\"width:80%;\">\n<tbody>\n<tr>\n<td style=\"color: #1163ad;\"><strong>Nom et Pr\u00e9nom<\/strong><\/td>\n<td style=\"color: #1163ad;\"><strong>Adresse E-mail<\/strong><\/td>\n<\/tr>\n<tr>\n<td>ABOUELKHIR Imane<\/td>\n<td class=\"rtecenter\"><a href=\"mailto:i.abouelkhir@usms.ma\">i.abouelkhir@usms.ma<\/a><\/td>\n<\/tr>\n<tr>\n<td>AGHRICHE Ahmed<\/td>\n<td class=\"rtecenter\"><a href=\"mailto:a.aghriche@usms.ma\">a.aghriche@usms.ma<\/a><\/td>\n<\/tr>\n<tr>\n<td>AZOUANI Abderahim<\/td>\n<td class=\"rtecenter\"><a href=\"mailto:a.azouani@usms.ma\">a.azouani@usms.ma<\/a><\/td>\n<\/tr>\n<tr>\n<td>DARGHAM Abdelmajid<\/td>\n<td class=\"rtecenter\"><a href=\"mailto:a.dargham@usms.ma\">a.dargham@usms.ma<\/a><\/td>\n<\/tr>\n<tr>\n<td>EL HADFI YOUSSEF<\/td>\n<td class=\"rtecenter\"><a href=\"mailto:y.elhadfi@usms.ma\">y.elhadfi@usms.ma<\/a><\/td>\n<\/tr>\n<tr>\n<td>ENNAJI Fatima zohra<\/td>\n<td class=\"rtecenter\"><a href=\"mailto:f.ennaji@usms.ma\">f.ennaji@usms.ma<\/a><\/td>\n<\/tr>\n<tr>\n<td>GHAZDALI Abdelghani<\/td>\n<td class=\"rtecenter\"><a href=\"mailto:a.ghazdali@usms.ma\">a.ghazdali@usms.ma<\/a><\/td>\n<\/tr>\n<tr>\n<td>GHERABI Noreddine<\/td>\n<td class=\"rtecenter\"><a href=\"mailto:n.gherrabi@usms.ma\">n.gherrabi@usms.ma<\/a><\/td>\n<\/tr>\n<tr>\n<td>HAFIDI Imad<\/td>\n<td class=\"rtecenter\"><a href=\"mailto:i.hafidi@usms.ma\">i.hafidi@usms.ma<\/a><\/td>\n<\/tr>\n<td>IDRISSI FATMI Nadia<\/td>\n<td class=\"rtecenter\"><a href=\"mailto:n.idrissifatmi@usms.ma\">n.idrissifatmi@usms.ma<\/a><\/td>\n<\/tr>\n<tr>\n<td>IFZARNE Aziz<\/td>\n<td class=\"rtecenter\"><a href=\"mailto:a.ifzarne@usms.ma\">a.ifzarne@usms.ma<\/a><\/td>\n<\/tr>\n<tr>\n<td>KHALFI Hamza<\/td>\n<td class=\"rtecenter\"><a href=\"mailto:h.khalfi@usms.ma\">h.khalfi@usms.ma<\/a><\/td>\n<\/tr>\n<tr>\n<td>LAMGHARI Nidal<\/td>\n<td class=\"rtecenter\"><a href=\"mailto:n.lamghari@usms.ma\">n.lamghari@usms.ma<\/a><\/td>\n<\/tr>\n<tr>\n\n<tr>\n<td>NASRI Mohammed<\/td>\n<td class=\"rtecenter\"><a href=\"mailto:m.nasri@usms.ma\">m.nasri@usms.ma<\/a><\/td>\n<\/tr>\n\n<td>ROCHD Yassir<\/td>\n<td class=\"rtecenter\"><a href=\"mailto:y.rochd@usms.ma\">y.rochd@usms.ma<\/a><\/td>\n<\/tr>\n<tr>\n<td>SAADI Mostafa<\/td>\n<td class=\"rtecenter\"><a href=\"mailto:m.saadi@usms.ma\">m.saadi@usms.ma<\/a><\/td>\n<\/tr>\n<tr>\n<td>SOUSSI Nassima<\/td>\n<td class=\"rtecenter\"><a href=\"mailto:n.soussi@usms.ma\">n.soussi@usms.ma<\/a><\/td>\n<\/tr>\n<tr>\n<td>ABOUTABIT Noureddine<\/td>\n<td class=\"rtecenter\"><a href=\"mailto:n.aboutabit@usms.ma\">n.aboutabit@usms.ma<\/a><\/td>\n<\/tr>\n<tr>\n<td>LAGHRIB Amine<\/td>\n<td class=\"rtecenter\"><a href=\"mailto:a.laghrib@usms.ma\">a.laghrib@usms.ma<\/a><\/td>\n<\/tr>\n<tr>\n<td>OURDOU Amal<\/td>\n<td class=\"rtecenter\"><a href=\"mailto:a.ourdou@usms.ma\">a.ourdou@usms.ma<\/a><\/td>\n<\/tr>\n<tr>\n<td>KAROUM Bouchra<\/td>\n<td class=\"rtecenter\"><a href=\"mailto:b.karoum@usms.ma\">b.karoum@usms.ma<\/a><\/td>\n<\/tr>\n<tr>\n<td>HAKIM Moad<\/td>\n<td class=\"rtecenter\"><a href=\"mailto:m.hakim@usms.ma\">m.hakim@usms.ma<\/a><\/td>\n<\/tr>\n<tr>\n<td>LYAQUINI Soufiane<\/td>\n<td class=\"rtecenter\"><a href=\"mailto:s.lyaquini@usms.ma\">s.lyaquini@usms.ma<\/a><\/td>\n<\/tr>\n<tr>\n<td>EL MALKI Imane<\/td>\n<td class=\"rtecenter\"><a href=\"mailto:i.elmalki@usms.ma\">i.elmalki@usms.ma<\/a><\/td>\n<\/tr>\n<tr>\n<td>BAGHDADI Sara<\/td>\n<td class=\"rtecenter\"><a href=\"mailto:s.baghdadi@usms.ma\">s.baghdadi@usms.ma<\/a><\/td>\n<\/tr>\n<tr>\n<td>TISSIR Najat<\/td>\n<td class=\"rtecenter\"><a href=\"mailto:n.tissir@usms.ma\">n.tissir@usms.ma<\/a><\/td>\n<\/tr>\n<\/tbody>\n<\/table><\/div>\n\t\t<\/div><\/div><\/div><\/div><\/div><\/div>","protected":false},"excerpt":{"rendered":"<p>Chef de d\u00e9partement GHAZDALI Abdelghani Adjoint du chef de d\u00e9partement\u00a0 &#8211; Fili\u00e8res rattach\u00e9es au d\u00e9partement Fili\u00e8re ing\u00e9nieur en &#8211; G\u00e9nie informatique &#8211; Fili\u00e8re ing\u00e9nieur en &#8211; Informatique et Ing\u00e9nierie des donn\u00e9es &#8211; Fili\u00e8re ing\u00e9nieur en &#8211; Management et Gouvernance des syst\u00e9mes d&rsquo;information &#8211; Master en &#8211; Informatiques et Math\u00e9matiques pour la science des Donn\u00e9es &#8211; [&hellip;]<\/p>\n","protected":false},"author":2,"featured_media":0,"parent":0,"menu_order":0,"comment_status":"closed","ping_status":"closed","template":"page-templates\/tpl-pagebuilder.php","meta":{"ngg_post_thumbnail":0,"cybocfi_hide_featured_image":""},"acf":[],"_links":{"self":[{"href":"http:\/\/ensak.usms.ac.ma\/ensak\/wp-json\/wp\/v2\/pages\/1569"}],"collection":[{"href":"http:\/\/ensak.usms.ac.ma\/ensak\/wp-json\/wp\/v2\/pages"}],"about":[{"href":"http:\/\/ensak.usms.ac.ma\/ensak\/wp-json\/wp\/v2\/types\/page"}],"author":[{"embeddable":true,"href":"http:\/\/ensak.usms.ac.ma\/ensak\/wp-json\/wp\/v2\/users\/2"}],"replies":[{"embeddable":true,"href":"http:\/\/ensak.usms.ac.ma\/ensak\/wp-json\/wp\/v2\/comments?post=1569"}],"version-history":[{"count":62,"href":"http:\/\/ensak.usms.ac.ma\/ensak\/wp-json\/wp\/v2\/pages\/1569\/revisions"}],"predecessor-version":[{"id":9113,"href":"http:\/\/ensak.usms.ac.ma\/ensak\/wp-json\/wp\/v2\/pages\/1569\/revisions\/9113"}],"wp:attachment":[{"href":"http:\/\/ensak.usms.ac.ma\/ensak\/wp-json\/wp\/v2\/media?parent=1569"}],"curies":[{"name":"wp","href":"https:\/\/api.w.org\/{rel}","templated":true}]}}