{"id":1529,"date":"2020-09-05T14:25:08","date_gmt":"2020-09-05T14:25:08","guid":{"rendered":"http:\/\/ensak.usms.ac.ma\/ensak\/?page_id=1529"},"modified":"2025-02-03T14:00:28","modified_gmt":"2025-02-03T13:00:28","slug":"departements","status":"publish","type":"page","link":"http:\/\/ensak.usms.ac.ma\/ensak\/departements\/","title":{"rendered":"D\u00e9partements"},"content":{"rendered":"<div id=\"pl-1529\"  class=\"panel-layout\" ><div id=\"pg-1529-0\"  class=\"panel-grid panel-has-style\" ><div class=\"container panel-row-style panel-row-style-for-1529-0\" ><div id=\"pgc-1529-0-0\"  class=\"panel-grid-cell\" ><div id=\"panel-1529-0-0-0\" class=\"so-panel widget widget_text panel-first-child\" data-index=\"0\" ><div class=\"panel-widget-style panel-widget-style-for-1529-0-0-0\" >\t\t\t<div class=\"textwidget\"><p style=\"text-justify: inter-word;\">Les enseignements au sein de l\u2019\u00e9cole sont g\u00e9r\u00e9s par quatre d\u00e9partements. Chaque d\u00e9partement est dirig\u00e9 par un chef de d\u00e9partement, \u00e9lu par les membres du d\u00e9partement, pour un mandat de trois ann\u00e9es. L\u2019administration du d\u00e9partement est compos\u00e9e du chef de d\u00e9partement, de son adjoint et d\u2019un coll\u00e8ge.<\/p><\/div>\n\t\t<\/div><\/div><div id=\"panel-1529-0-0-1\" class=\"so-panel widget widget_text panel-last-child\" data-index=\"1\" ><div class=\"panel-widget-style panel-widget-style-for-1529-0-0-1\" >\t\t\t<div class=\"textwidget\"><style>\n.block {\n  display: block;\n  width: 80%;\n  border: none;\n  background-color: black;\n  color: white;\n  padding: 14px 28px;\n  font-size: 22px;\n  cursor: pointer;\n  text-align: center;\n  font-weight: bold;\n}\n\n.block:hover {\n  background-color: #31b0d5;\n  color: white;\n}\n<\/style>\n<div class=\"row\">\n  <div class=\"col-sm-6\">\n   <a href=\"\/ensak\/maths-informatique\/\"><img class=\"size-full wp-image-1541 alignleft\" src=\"\/ensak\/wp-content\/uploads\/2020\/09\/math-info-min.jpg\" alt=\"\" width=\"80%\" height=\"\" \/>\n<button class=\"block\">Math\u00e9matiques et Informatique<\/button><\/a>\n  <\/div>\n  <div class=\"col-sm-6\">\n      <a href=\"\/ensak\/genie-electrique\/\"><img class=\"alignnone wp-image-1986 size-full\" src=\"\/ensak\/wp-content\/uploads\/2020\/12\/electrique-min.jpg\" alt=\"\" width=\"80%\" height=\"\" \/>\n<button class=\"block\">G\u00e9nie Electrique<\/button><\/a>\n  <\/div>\n<\/div>\n<br>\n<div class=\"row\">\n  <div class=\"col-sm-6\">\n    <a href=\"\/ensak\/genie-reseaux-telecoms\/\"><img class=\"alignnone wp-image-1988 size-full\" src=\"\/ensak\/wp-content\/uploads\/2023\/04\/reseau-tele-min.png\" alt=\"\" width=\"80%\" height=\"\" \/>\n<button class=\"block\">Cybers\u00e9curit\u00e9 R\u00e9seaux et T\u00e9l\u00e9communications<\/button> <\/a>\n\n  <\/div>\n  <div class=\"col-sm-6\">\n    <a href=\"\/ensak\/genie-des-procedes\/\"><img class=\"alignnone wp-image-1990 size-full\" src=\"\/ensak\/wp-content\/uploads\/2021\/04\/proce.jpg\" alt=\"\" width=\"80%\" height=\"\" \/>\n<button class=\"block\">G\u00e9nie des Proc\u00e9d\u00e9s <\/button> <\/a>\n  <\/div>\n<\/div><\/div>\n\t\t<\/div><\/div><\/div><\/div><\/div><\/div>","protected":false},"excerpt":{"rendered":"<p>Les enseignements au sein de l\u2019\u00e9cole sont g\u00e9r\u00e9s par quatre d\u00e9partements. Chaque d\u00e9partement est dirig\u00e9 par un chef de d\u00e9partement, \u00e9lu par les membres du d\u00e9partement, pour un mandat de trois ann\u00e9es. L\u2019administration du d\u00e9partement est compos\u00e9e du chef de d\u00e9partement, de son adjoint et d\u2019un coll\u00e8ge. Math\u00e9matiques et Informatique G\u00e9nie Electrique Cybers\u00e9curit\u00e9 R\u00e9seaux et [&hellip;]<\/p>\n","protected":false},"author":2,"featured_media":0,"parent":0,"menu_order":0,"comment_status":"closed","ping_status":"closed","template":"page-templates\/tpl-pagebuilder.php","meta":{"ngg_post_thumbnail":0,"cybocfi_hide_featured_image":""},"acf":[],"_links":{"self":[{"href":"http:\/\/ensak.usms.ac.ma\/ensak\/wp-json\/wp\/v2\/pages\/1529"}],"collection":[{"href":"http:\/\/ensak.usms.ac.ma\/ensak\/wp-json\/wp\/v2\/pages"}],"about":[{"href":"http:\/\/ensak.usms.ac.ma\/ensak\/wp-json\/wp\/v2\/types\/page"}],"author":[{"embeddable":true,"href":"http:\/\/ensak.usms.ac.ma\/ensak\/wp-json\/wp\/v2\/users\/2"}],"replies":[{"embeddable":true,"href":"http:\/\/ensak.usms.ac.ma\/ensak\/wp-json\/wp\/v2\/comments?post=1529"}],"version-history":[{"count":77,"href":"http:\/\/ensak.usms.ac.ma\/ensak\/wp-json\/wp\/v2\/pages\/1529\/revisions"}],"predecessor-version":[{"id":7530,"href":"http:\/\/ensak.usms.ac.ma\/ensak\/wp-json\/wp\/v2\/pages\/1529\/revisions\/7530"}],"wp:attachment":[{"href":"http:\/\/ensak.usms.ac.ma\/ensak\/wp-json\/wp\/v2\/media?parent=1529"}],"curies":[{"name":"wp","href":"https:\/\/api.w.org\/{rel}","templated":true}]}}