{"id":1311,"date":"2020-07-22T19:21:49","date_gmt":"2020-07-22T19:21:49","guid":{"rendered":"http:\/\/ensak.usms.ac.ma\/ensak\/?page_id=1311"},"modified":"2025-06-16T10:44:09","modified_gmt":"2025-06-16T09:44:09","slug":"laboratoires","status":"publish","type":"page","link":"http:\/\/ensak.usms.ac.ma\/ensak\/laboratoires\/","title":{"rendered":"Laboratoires"},"content":{"rendered":"<div id=\"pl-1311\"  class=\"panel-layout\" ><div id=\"pg-1311-0\"  class=\"panel-grid panel-has-style\" ><div class=\"container panel-row-style panel-row-style-for-1311-0\" ><div id=\"pgc-1311-0-0\"  class=\"panel-grid-cell\" ><div id=\"panel-1311-0-0-0\" class=\"so-panel widget widget_text panel-first-child panel-last-child\" data-index=\"0\" ><div class=\"panel-widget-style panel-widget-style-for-1311-0-0-0\" >\t\t\t<div class=\"textwidget\"><style>\n* {\n  box-sizing: border-box;\nborder-radius: 5px; \n}\n\n.row > .column {\n  padding: 0 8px;\n}\n\n.row:after {\n  content: \"\";\n  display: table;\n  clear: both;\n}\n\n.column {\n  float: left;\n  width: 25%;\n}\n\n\/* The Modal (background) *\/\n.modal {\n  display: none;\n  position: fixed;\n  z-index: 1;\n  padding-top: 10px;\n  left: 0;\n  top: 0;\n  width: 100%;\n  height: 100%;\n  overflow: auto;\n  background-color: black;\n}\n\n\/* Modal Content *\/\n.modal-content {\n  position: relative;\n  background-color: #fefefe;\n  margin: auto;\n  padding: 0;\n  width: 40%;\n  max-width: 1200px;\n}\n\n\/* The Close Button *\/\n.close {\n  color: white;\n  position: absolute;\n  top: 10px;\n  right: 25px;\n  font-size: 35px;\n  font-weight: bold;\n}\n\n.close:hover,\n.close:focus {\n  color: #999;\n  text-decoration: none;\n  cursor: pointer;\n}\n\n.mySlides {\n  display: none;\n}\n\n.cursor {\n  cursor: pointer;\n}\n\n\/* Next & previous buttons *\/\n.prev,\n.next {\n  cursor: pointer;\n  position: absolute;\n  top: 50%;\n  width: auto;\n  padding: 16px;\n  margin-top: -50px;\n  color: white;\n  font-weight: bold;\n  font-size: 20px;\n  transition: 0.6s ease;\n  border-radius: 0 3px 3px 0;\n  user-select: none;\n  -webkit-user-select: none;\n}\n\n\/* Position the \"next button\" to the right *\/\n.next {\n  right: 0;\n  border-radius: 3px 0 0 3px;\n}\n\n\/* On hover, add a black background color with a little bit see-through *\/\n.prev:hover,\n.next:hover {\n  background-color: rgba(0, 0, 0, 0.8);\n}\n\n\/* Number text (1\/3 etc) *\/\n.numbertext {\n  color: #f2f2f2;\n  font-size: 12px;\n  padding: 8px 12px;\n  position: absolute;\n  top: 0;\n}\n\nimg {\n  margin-bottom: -4px;\n}\n\n.caption-container {\n  text-align: center;\n  background-color: black;\n  padding: 2px 16px;\n  color: white;\n}\n\n.demo {\n  opacity: 0.6;\n}\n\n.active,\n.demo:hover {\n  opacity: 1;\n}\n\nimg.hover-shadow {\n  transition: 0.3s;\n}\n\n.hover-shadow:hover {\n  box-shadow: 0 4px 8px 0 rgba(0, 0, 0, 0.2), 0 6px 20px 0 rgba(0, 0, 0, 0.19);\n}\n<\/style>\n<body>\n<div class=\"row\">\n  <div class=\"column\">\n    <img src=\"\/ensak\/wp-content\/uploads\/2021\/03\/image9.jpg\" style=\"width:100%\" onclick=\"openModal();currentSlide(1)\" class=\"hover-shadow cursor\">\n  <\/div>\n  <div class=\"column\">\n    <img src=\"\/ensak\/wp-content\/uploads\/2021\/03\/image10.jpg\" style=\"width:100%\" onclick=\"openModal();currentSlide(2)\" class=\"hover-shadow cursor\">\n  <\/div>\n  <div class=\"column\">\n    <img src=\"\/ensak\/wp-content\/uploads\/2021\/03\/image12.jpg\" style=\"width:100%\" onclick=\"openModal();currentSlide(3)\" class=\"hover-shadow cursor\">\n  <\/div>\n  <div class=\"column\">\n    <img src=\"\/ensak\/wp-content\/uploads\/2021\/03\/image13.jpg\" style=\"width:100%\" onclick=\"openModal();currentSlide(4)\" class=\"hover-shadow cursor\">\n  <\/div>\n<\/div>\n\n<div id=\"myModal\" class=\"modal\">\n  <span class=\"close cursor\" onclick=\"closeModal()\">&times;<\/span>\n  <div class=\"modal-content\">\n\n    <div class=\"mySlides\">\n      <div class=\"numbertext\">1 \/ 4<\/div>\n      <img src=\"\/ensak\/wp-content\/uploads\/2021\/03\/image9.jpg\" style=\"width:100%\">\n    <\/div>\n\n    <div class=\"mySlides\">\n      <div class=\"numbertext\">2 \/ 4<\/div>\n      <img src=\"\/ensak\/wp-content\/uploads\/2021\/03\/image10.jpg\" style=\"width:100%\">\n    <\/div>\n\n    <div class=\"mySlides\">\n      <div class=\"numbertext\">3 \/ 4<\/div>\n      <img src=\"\/ensak\/wp-content\/uploads\/2021\/03\/image12.jpg\" style=\"width:100%\">\n    <\/div>\n    \n    <div class=\"mySlides\">\n      <div class=\"numbertext\">4 \/ 4<\/div>\n      <img src=\"\/ensak\/wp-content\/uploads\/2021\/03\/image13.jpg\" style=\"width:100%\">\n    <\/div>\n    \n    <a class=\"prev\" onclick=\"plusSlides(-1)\">&#10094;<\/a>\n    <a class=\"next\" onclick=\"plusSlides(1)\">&#10095;<\/a>\n\n    <div class=\"caption-container\">\n    <p id=\"caption\" style=\"text-align: center; background-color: black; padding: 2px 16px; color: white; display: block;\"><\/p>\n    <\/div>\n\n\n    <div class=\"column\">\n      <img class=\"demo cursor\" src=\"\/ensak\/wp-content\/uploads\/2021\/03\/image9.jpg\" style=\"width:100%\" onclick=\"currentSlide(1)\" alt=\"Appareil ICP\">\n    <\/div>\n    <div class=\"column\">\n      <img class=\"demo cursor\" src=\"\/ensak\/wp-content\/uploads\/2021\/03\/image10.jpg\" style=\"width:100%\" onclick=\"currentSlide(2)\" alt=\"Banc de diffraction X, D-8 Avance\">\n    <\/div>\n    <div class=\"column\">\n      <img class=\"demo cursor\" src=\"\/ensak\/wp-content\/uploads\/2021\/03\/image12.jpg\" style=\"width:100%\" onclick=\"currentSlide(3)\" alt=\"Microscope Electronique \u00e0 Balayage ITL-100\">\n    <\/div>\n    <div class=\"column\">\n      <img class=\"demo cursor\" src=\"\/ensak\/wp-content\/uploads\/2021\/03\/image13.jpg\" style=\"width:100%\" onclick=\"currentSlide(4)\" alt=\"Mini-Pulv\u00e9risateur\">\n    <\/div>\n  <\/div>\n<\/div>\n\n<script>\nfunction openModal() {\n  document.getElementById(\"myModal\").style.display = \"block\";\n}\n\nfunction closeModal() {\n  document.getElementById(\"myModal\").style.display = \"none\";\n}\n\nvar slideIndex = 1;\nshowSlides(slideIndex);\n\nfunction plusSlides(n) {\n  showSlides(slideIndex += n);\n}\n\nfunction currentSlide(n) {\n  showSlides(slideIndex = n);\n}\n\nfunction showSlides(n) {\n  var i;\n  var slides = document.getElementsByClassName(\"mySlides\");\n  var dots = document.getElementsByClassName(\"demo\");\n  var captionText = document.getElementById(\"caption\");\n  if (n > slides.length) {slideIndex = 1}\n  if (n < 1) {slideIndex = slides.length}\n  for (i = 0; i < slides.length; i++) {\n      slides[i].style.display = \"none\";\n  }\n  for (i = 0; i < dots.length; i++) {\n      dots[i].className = dots[i].className.replace(\" active\", \"\");\n  }\n  slides[slideIndex-1].style.display = \"block\";\n  dots[slideIndex-1].className += \" active\";\n  captionText.innerHTML = dots[slideIndex-1].alt;\n}\n<\/script>\n\n\n<br>\nLa recherche scientifique au sein de l\u2019ENSA-Khouribga est organis\u00e9e dans deux laboratoires pluridisciplinaires :\n<h5 style=\"margin-left: 30px;\">Laboratoire des Sciences et Techniques pour l\u2019Ing\u00e9nieur (LASTI)<\/h5>\n<a href=\"\/ensak\/wp-content\/uploads\/2025\/05\/LaSTI.pdf\" style=\"margin-left: 60px;\"><i class=\"fa fa-file-pdf-o\" aria-hidden=\"true\"><\/i> T\u00e9l\u00e9charger l\u2019affiche du laboratoire<\/a><br>\n<span style=\"margin-left: 60px;\">Site web : <\/span><a href=\"http:\/\/ensak.usms.ac.ma\/lasti\/\" target=\"_blank\" style=\"color: blue\" rel=\"noopener\">ensak.usms.ac.ma\/lasti\/<\/a>\n<h5 style=\"margin-left: 30px;\">Laboratoire d'Ing\u00e9nierie des Proc\u00e9d\u00e9s, Informatique et Math\u00e9matiques (LIPIM)<\/h5>\n<a href=\"\/ensak\/wp-content\/uploads\/2025\/02\/Fiche_technique_LIPIM.pdf\" style=\"margin-left: 60px;\"><i class=\"fa fa-file-pdf-o\" aria-hidden=\"true\"><\/i> T\u00e9l\u00e9charger l\u2019affiche du laboratoire<\/a><br>\n<span style=\"margin-left: 60px;\">Site web : <\/span><a href=\"http:\/\/ensak.usms.ac.ma\/lipim\/\" target=\"_blank\" style=\"color: blue\" rel=\"noopener\">ensak.usms.ac.ma\/lipim<\/a>\n<p><br>Nos chercheurs utilisent aussi les moyens mat\u00e9riel disponibles aux :<\/p>\n<h5 style=\"margin-left: 30px;\">Centre commun d\u2019analyse et de caract\u00e9risation de l\u2019universit\u00e9<\/h5>\n<a href=\"http:\/\/www.usms.ac.ma\/\" style=\"margin-left: 60px;\"> www.usms.ac.ma<\/a>\n<h5 style=\"margin-left: 30px;\">Unit\u00e9s d\u2019Appui Techniques \u00e0 la Recherche Scientifique du CNRST<\/h5>\n<a href=\"https:\/\/www.cnrst.ma\/index.php\/fr\/13-cnrst\/116-unites-d-appui-techniques-a-la-recherche-scientifique-uatrs\" style=\"margin-left: 60px;\"> Consulter le site<\/a>\n<h5 style=\"margin-left: 30px;\">R\u00e9seau Marwan<\/h5>\n<a href=\"http:\/\/www.marwan.ma\" style=\"margin-left: 60px;\">www.marwan.ma<\/a>\n<h5 style=\"margin-left: 30px;\">Fondation MASCIR (Prestation de service)<\/h5>\n<a href=\"https:\/\/www.mascir.com\" style=\"margin-left: 60px;\">www.mascir.com<\/a>\n<p><\/p>\n<div class=\"panel-group\" id=\"custom-collapse-0\">\n<div class=\"panel panel-default\">\r\n\t\t\t\t<div class=\"panel-heading\">\r\n\t\t\t\t\t<h4 class=\"panel-title\">\r\n\t\t\t\t\t\t<a class=\"collapsed\" data-toggle=\"collapse\" data-parent=\"#custom-collapse-0\" href=\"#custom-collapse-0-0\">LASTI<\/a>\r\n\t\t\t\t\t<\/h4>\r\n\t\t\t\t<\/div>\r\n\t\t\t\t<div id=\"custom-collapse-0-0\" class=\"panel-collapse collapse\">\r\n\t\t\t\t\t<div class=\"panel-body\">\n\n<h2>Laboratoire des Sciences et Techniques pour l'Ing\u00e9nieur<\/h2>\n<table style=\"height: 137px;width:80%;\" border=\"1\" width=\"434\" cellspacing=\"1\" cellpadding=\"1\">\n<tbody>\n<tr>\n<td><strong>Directeur<\/strong><\/td>\n<td>N.GHERABI<\/td>\n<\/tr>\n<tr>\n<td><strong>Directeur Adjoint<\/strong><\/td>\n<td>M.BENDAOUD<\/td>\n<\/tr>\n<tr>\n<td><strong>Adresse E-mail<\/strong><\/td>\n<td><a href=\"mailto:n.gherabi@usms.ma\">n.gherabi@usms.ma<\/a><\/td>\n<\/tr>\n<\/tbody>\n<\/table>\n<h3>Equipes de recherche<\/h3>\n<table border=\"1\" width=\"750\" cellspacing=\"1\" cellpadding=\"1\" style=\"width:80%;\">\n<tbody>\n<tr>\n<td style=\"width:50%;\"><strong>Intitul\u00e9<\/strong><\/td>\n<td><strong>Responsable<\/strong><\/td>\n<\/tr>\n<tr>\n<td>Mod\u00e9lisation\u00a0des\u00a0Syst\u00e8mes\u00a0Distribu\u00e9s<\/td>\n<td>K. RHOFIR<\/td>\n<\/tr>\n<tr>\n<td>Transmission et\u00a0Communication de l\u2019Information<\/td>\n<td>K.\u00a0EL GHOLAMI<\/td>\n<\/tr>\n<tr>\n<td>M\u00e9thodes et\u00a0Syst\u00e8mes\u00a0Industrielles<\/td>\n<td>N. EL BARBRI<\/td>\n<\/tr>\n<tr>\n<td>Syst\u00e8mes\u00a0\u00c9lectriques et\u00a0Intelligence\u00a0Artificielle<\/td>\n<td>A. LOKRITI<\/td>\n<\/tr>\n<tr>\n<td>Web\u00a0S\u00e9mantique et\u00a0Gestion de\u00a0Connaissances<\/td>\n<td>N. GHERABI<\/td>\n<\/tr>\n<\/tbody>\n<\/table>\n<p class=\"rtejustify\"><a href=\"\/ensak\/wp-content\/uploads\/2025\/05\/LaSTI.pdf\"><i class=\"fa fa-file-pdf-o\" aria-hidden=\"true\"><\/i>\u00a0T\u00e9l\u00e9charger la fiche descriptive<\/a><\/p>\n\n<\/div>\r\n\t\t\t\t<\/div>\r\n\t\t\t<\/div>\n<div class=\"panel panel-default\">\r\n\t\t\t\t<div class=\"panel-heading\">\r\n\t\t\t\t\t<h4 class=\"panel-title\">\r\n\t\t\t\t\t\t<a class=\"collapsed\" data-toggle=\"collapse\" data-parent=\"#custom-collapse-0\" href=\"#custom-collapse-0-1\">LIPIM<\/a>\r\n\t\t\t\t\t<\/h4>\r\n\t\t\t\t<\/div>\r\n\t\t\t\t<div id=\"custom-collapse-0-1\" class=\"panel-collapse collapse\">\r\n\t\t\t\t\t<div class=\"panel-body\">\n\n<h2>Laboratoire d'Ing\u00e9nierie des Proc\u00e9d\u00e9s, Informatique et Math\u00e9matiques<\/h2>\n<table border=\"1\" width=\"751\" cellspacing=\"1\" cellpadding=\"1\" style=\"width:80%;\">\n<tbody>\n<tr>\n<td style=\"width:50%;\"><strong>Directeur <\/strong><\/td>\n<td>N.ABOUTABIT<\/td>\n<\/tr>\n<tr>\n<td><strong>Directeur Adjoint<\/strong><\/td>\n<td>L.KHAMAR<\/td>\n<\/tr>\n<tr>\n<td><strong>Adresse E-mail<\/strong><\/td>\n<td><span lang=\"FR\" xml:lang=\"FR\"><a href=\"mailto:n.aboutabit@usms.ma\" target=\"_blank\" rel=\"noopener noreferrer\">n.aboutabit@usms.ma<\/a><\/span><\/td>\n<\/tr>\n<tr>\n<td><strong>Site web<\/strong><\/td>\n<td><a href=\"http:\/\/ensak.usms.ac.ma\/lipim\/\" target=\"_blank\" style=\"color: blue\" rel=\"noopener\">ensak.usms.ac.ma\/lipim<\/a><\/td>\n<\/tr>\n<\/tbody>\n<\/table>\n<h3>Equipes de recherche<\/h3>\n<table border=\"1\" width=\"750\" cellspacing=\"1\" cellpadding=\"1\" style=\"width:80%;\">\n<tbody>\n<tr>\n<td style=\"width:50%;\"><strong>Intitul\u00e9<\/strong><\/td>\n<td><strong>Responsable<\/strong><\/td>\n<\/tr>\n<tr>\n<td>Math\u00e9matiques et\u00a0Sciences des\u00a0Donn\u00e9es<\/td>\n<td>I. HAFIDI<\/td>\n<\/tr>\n<tr>\n<td>Efficacit\u00e9\u00a0Energ\u00e9tique,\u00a0Mat\u00e9riaux et\u00a0Proc\u00e9d\u00e9s<\/td>\n<td>K. CHOUKAIRY<\/td>\n<\/tr>\n<\/tbody>\n<\/table>\n<p class=\"rtejustify\"><a href=\"http:\/\/ensak.usms.ac.ma\/ensak\/wp-content\/uploads\/2025\/02\/Fiche_technique_LIPIM.pdf\"><i class=\"fa fa-file-pdf-o\" aria-hidden=\"true\"><\/i>\u00a0T\u00e9l\u00e9charger la fiche descriptive<\/a><\/p>\n\n<\/div>\r\n\t\t\t\t<\/div>\r\n\t\t\t<\/div>\n<\/div><\/div>\n\t\t<\/div><\/div><\/div><\/div><\/div><\/div>","protected":false},"excerpt":{"rendered":"<p>&times; 1 \/ 4 2 \/ 4 3 \/ 4 4 \/ 4 &#10094; &#10095; La recherche scientifique au sein de l\u2019ENSA-Khouribga est organis\u00e9e dans deux laboratoires pluridisciplinaires : Laboratoire des Sciences et Techniques pour l\u2019Ing\u00e9nieur (LASTI) T\u00e9l\u00e9charger l\u2019affiche du laboratoire Site web : ensak.usms.ac.ma\/lasti\/ Laboratoire d&rsquo;Ing\u00e9nierie des Proc\u00e9d\u00e9s, Informatique et Math\u00e9matiques (LIPIM) T\u00e9l\u00e9charger l\u2019affiche [&hellip;]<\/p>\n","protected":false},"author":2,"featured_media":0,"parent":0,"menu_order":0,"comment_status":"closed","ping_status":"closed","template":"page-templates\/tpl-pagebuilder.php","meta":{"ngg_post_thumbnail":0,"cybocfi_hide_featured_image":""},"acf":[],"_links":{"self":[{"href":"http:\/\/ensak.usms.ac.ma\/ensak\/wp-json\/wp\/v2\/pages\/1311"}],"collection":[{"href":"http:\/\/ensak.usms.ac.ma\/ensak\/wp-json\/wp\/v2\/pages"}],"about":[{"href":"http:\/\/ensak.usms.ac.ma\/ensak\/wp-json\/wp\/v2\/types\/page"}],"author":[{"embeddable":true,"href":"http:\/\/ensak.usms.ac.ma\/ensak\/wp-json\/wp\/v2\/users\/2"}],"replies":[{"embeddable":true,"href":"http:\/\/ensak.usms.ac.ma\/ensak\/wp-json\/wp\/v2\/comments?post=1311"}],"version-history":[{"count":130,"href":"http:\/\/ensak.usms.ac.ma\/ensak\/wp-json\/wp\/v2\/pages\/1311\/revisions"}],"predecessor-version":[{"id":8102,"href":"http:\/\/ensak.usms.ac.ma\/ensak\/wp-json\/wp\/v2\/pages\/1311\/revisions\/8102"}],"wp:attachment":[{"href":"http:\/\/ensak.usms.ac.ma\/ensak\/wp-json\/wp\/v2\/media?parent=1311"}],"curies":[{"name":"wp","href":"https:\/\/api.w.org\/{rel}","templated":true}]}}