{"id":1249,"date":"2020-07-15T10:33:10","date_gmt":"2020-07-15T10:33:10","guid":{"rendered":"http:\/\/ensak.usms.ac.ma\/ensak\/?page_id=1249"},"modified":"2025-09-25T09:18:48","modified_gmt":"2025-09-25T08:18:48","slug":"mot-du-directeur","status":"publish","type":"page","link":"http:\/\/ensak.usms.ac.ma\/ensak\/mot-du-directeur\/","title":{"rendered":"Mot du Directeur"},"content":{"rendered":"<div id=\"pl-1249\"  class=\"panel-layout\" ><div id=\"pg-1249-0\"  class=\"panel-grid panel-has-style\" ><div class=\"container panel-row-style panel-row-style-for-1249-0\" ><div id=\"pgc-1249-0-0\"  class=\"panel-grid-cell\" ><div id=\"panel-1249-0-0-0\" class=\"so-panel widget widget_text panel-first-child panel-last-child\" data-index=\"0\" ><div class=\"panel-widget-style panel-widget-style-for-1249-0-0-0\" >\t\t\t<div class=\"textwidget\"><style>\n@media only screen and (max-width: 420px) {\n  .resha img{\n    width: 600px;\n    margin-bottom: 20px;\n  }\n}\n<\/style>\n<div class=\"resha\"><img src=\"http:\/\/ensak.usms.ac.ma\/ensak\/wp-content\/uploads\/2025\/09\/Ma-photo1-e1758192071426.jpg\" align=\"left\" style=\"margin-right:30px\" \/><\/div><p>Bienvenue \u00e0 l\u2019\u00c9cole Nationale des Sciences Appliqu\u00e9es de Khouribga o\u00f9 l\u2019excellence acad\u00e9mique rencontre l\u2019innovation, et o\u00f9 chaque ambition trouve le terrain propice pour s\u2019\u00e9panouir.<br\/>Notre \u00e9cole s\u2019inscrit r\u00e9solument dans une dynamique de transformation et de rayonnement. Plus qu\u2019un simple \u00e9tablissement d\u2019enseignement sup\u00e9rieur, nous sommes un \u00e9cosyst\u00e8me d\u2019apprentissage, de recherche et d\u2019innovation, au service des grandes transitions qui fa\u00e7onnent le monde : transition num\u00e9rique, \u00e9nerg\u00e9tique, industrielle et soci\u00e9tale.\n<br \/>Conscients des d\u00e9fis actuels, nous portons une vision claire : former une nouvelle g\u00e9n\u00e9ration d\u2019ing\u00e9nieurs, capables d\u2019innover, de cr\u00e9er, d\u2019entreprendre et de relever avec agilit\u00e9 les enjeux d\u2019un monde en perp\u00e9tuelle \u00e9volution.<br\/>\n\nCette ambition s\u2019articule autour de quatre piliers strat\u00e9giques :<br \/>\n<i class=\"fa fa-arrow-right\" aria-hidden=\"true\"><\/i> \u2022 Une formation de pointe, agile et connect\u00e9e au monde r\u00e9el:\n\n\nNous concevons des parcours p\u00e9dagogiques riches, \u00e9volutifs et ouverts sur les besoins des entreprises et de la soci\u00e9t\u00e9. L\u2019approche par comp\u00e9tences, les projets concrets, les stages, et l\u2019ouverture internationale sont au c\u0153ur de nos cursus.\n\n<br \/>\n<i class=\"fa fa-arrow-right\" aria-hidden=\"true\"><\/i> \u2022 Une recherche appliqu\u00e9e, ancr\u00e9e dans les d\u00e9fis du 21e si\u00e8cle\n\n\nNotre politique de recherche valorise l\u2019impact concret et la contribution scientifique. Nos \u00e9quipes travaillent main dans la main avec les secteurs industriels et institutionnels, pour d\u00e9velopper des solutions innovantes \u00e0 fort potentiel technologique et soci\u00e9tal.<br \/>\n<i class=\"fa fa-arrow-right\" aria-hidden=\"true\"><\/i> \u2022 Une culture de l\u2019innovation et de l\u2019entrepreneuriat\nL\u2019ing\u00e9nieur de demain est aussi un innovateur. C\u2019est pourquoi nous encourageons nos \u00e9tudiants \u00e0 entreprendre, \u00e0 exp\u00e9rimenter, \u00e0 oser. Nos structures d'accompagnement, nos partenariats avec les incubateurs, et notre r\u00e9seau d\u2019acteurs \u00e9conomiques permettent aux id\u00e9es de se transformer en projets \u00e0 impact r\u00e9el.\n\n <br\/>\n<i class=\"fa fa-arrow-right\" aria-hidden=\"true\"><\/i> \u2022 Un environnement humain stimulant et f\u00e9d\u00e9rateur\nNotre \u00e9cole est avant tout une communaut\u00e9. Nous veillons \u00e0 cr\u00e9er un cadre de vie et de travail propice \u00e0 l\u2019\u00e9panouissement de chacun. Le bien-\u00eatre, la collaboration et la reconnaissance des talents sont au c\u0153ur de notre gouvernance.<br\/>\n\u00c9tudiants, futurs ing\u00e9nieurs, partenaires et visiteurs,\n<br \/>Ce site web vous ouvre les portes d\u2019un \u00e9tablissement en mouvement, \u00e0 l\u2019\u00e9coute du monde et r\u00e9solument tourn\u00e9 vers l\u2019avenir. Vous y d\u00e9couvrirez nos formations, nos laboratoires, nos projets, nos r\u00e9ussites\u2026 et surtout, une \u00e9nergie collective port\u00e9e par l\u2019ambition et l\u2019excellence.\n<br \/>Rejoindre notre \u00e9cole, c\u2019est faire le choix d\u2019une formation d\u2019ing\u00e9nieur d\u2019avenir, ancr\u00e9e dans la r\u00e9alit\u00e9, ouverte sur l\u2019international, et orient\u00e9e vers l\u2019impact. <br \/>\nEnsemble, b\u00e2tissons un \u00e9tablissement d'excellence, au service de la soci\u00e9t\u00e9 et de la nation.\n<\/p>\n<p style=\"text-align:right; color: #262c38; font-weight: bold; font-size: 16px; font-family: Montserrat, sans-serif;\">Pr. KADIRI Moulay Saddik<\/p><\/div>\n\t\t<\/div><\/div><\/div><\/div><\/div><\/div>","protected":false},"excerpt":{"rendered":"<p>Bienvenue \u00e0 l\u2019\u00c9cole Nationale des Sciences Appliqu\u00e9es de Khouribga o\u00f9 l\u2019excellence acad\u00e9mique rencontre l\u2019innovation, et o\u00f9 chaque ambition trouve le terrain propice pour s\u2019\u00e9panouir.Notre \u00e9cole s\u2019inscrit r\u00e9solument dans une dynamique de transformation et de rayonnement. Plus qu\u2019un simple \u00e9tablissement d\u2019enseignement sup\u00e9rieur, nous sommes un \u00e9cosyst\u00e8me d\u2019apprentissage, de recherche et d\u2019innovation, au service des grandes transitions [&hellip;]<\/p>\n","protected":false},"author":2,"featured_media":0,"parent":0,"menu_order":0,"comment_status":"closed","ping_status":"closed","template":"page-templates\/tpl-pagebuilder.php","meta":{"ngg_post_thumbnail":0,"cybocfi_hide_featured_image":""},"acf":[],"_links":{"self":[{"href":"http:\/\/ensak.usms.ac.ma\/ensak\/wp-json\/wp\/v2\/pages\/1249"}],"collection":[{"href":"http:\/\/ensak.usms.ac.ma\/ensak\/wp-json\/wp\/v2\/pages"}],"about":[{"href":"http:\/\/ensak.usms.ac.ma\/ensak\/wp-json\/wp\/v2\/types\/page"}],"author":[{"embeddable":true,"href":"http:\/\/ensak.usms.ac.ma\/ensak\/wp-json\/wp\/v2\/users\/2"}],"replies":[{"embeddable":true,"href":"http:\/\/ensak.usms.ac.ma\/ensak\/wp-json\/wp\/v2\/comments?post=1249"}],"version-history":[{"count":59,"href":"http:\/\/ensak.usms.ac.ma\/ensak\/wp-json\/wp\/v2\/pages\/1249\/revisions"}],"predecessor-version":[{"id":8412,"href":"http:\/\/ensak.usms.ac.ma\/ensak\/wp-json\/wp\/v2\/pages\/1249\/revisions\/8412"}],"wp:attachment":[{"href":"http:\/\/ensak.usms.ac.ma\/ensak\/wp-json\/wp\/v2\/media?parent=1249"}],"curies":[{"name":"wp","href":"https:\/\/api.w.org\/{rel}","templated":true}]}}