{"id":1083,"date":"2020-06-30T13:52:27","date_gmt":"2020-06-30T13:52:27","guid":{"rendered":"http:\/\/ensak.usms.ac.ma\/ensak\/?page_id=1083"},"modified":"2021-06-09T20:20:36","modified_gmt":"2021-06-09T19:20:36","slug":"presentation","status":"publish","type":"page","link":"http:\/\/ensak.usms.ac.ma\/ensak\/presentation\/","title":{"rendered":"Pr\u00e9sentation"},"content":{"rendered":"<div id=\"pl-1083\"  class=\"panel-layout\" ><div id=\"pg-1083-0\"  class=\"panel-grid panel-has-style\" ><div class=\"container panel-row-style panel-row-style-for-1083-0\" ><div id=\"pgc-1083-0-0\"  class=\"panel-grid-cell\" ><div id=\"panel-1083-0-0-0\" class=\"so-panel widget widget_text panel-first-child panel-last-child\" data-index=\"0\" ><div class=\"panel-widget-style panel-widget-style-for-1083-0-0-0\" >\t\t\t<div class=\"textwidget\"><p><img src=\"\/ensak\/wp-content\/uploads\/2021\/04\/10698538_1477370405855299_9124917138327797109_n.jpg\" width=\"600px\" align=\"right\" style=\"margin-left:30px;margin-top:8px;\" \/><\/p>\n<p><b>L\u2019Ecole Nationale des Sciences Appliqu\u00e9es (ENSA)<\/b> dispense en formation initiale un enseignement sup\u00e9rieur destin\u00e9 \u00e0 former, principalement, des ing\u00e9nieurs d\u2019\u00e9tat hautement qualifi\u00e9s d\u2019un point de vue scientifique et technique et ce dans diff\u00e9rentes sp\u00e9cialit\u00e9s. Elle fait partie du r\u00e9seau <b>ENSA-Maroc<\/b> regroupant treize \u00e9coles r\u00e9parties sur tout le territoire marocain. <\/p>\n<p>La formation s\u2019\u00e9tale sur cinq ann\u00e9es : <b>trois ann\u00e9es<\/b> (six semestres) pour <b>la formation d\u2019ing\u00e9nieur d\u2019\u00e9tat<\/b> d\u00e9bouchant sur le dipl\u00f4me d\u2019ing\u00e9nieur d\u2019\u00e9tat pr\u00e9c\u00e9d\u00e9es par <b>deux ann\u00e9es pr\u00e9paratoires int\u00e9gr\u00e9es<\/b> \u00e9tal\u00e9es sur deux ann\u00e9es, soit quatre semestres.<br \/>\nEn plus des formations ing\u00e9nieurs, l\u2019\u00e9cole pr\u00e9pare et d\u00e9livre des dipl\u00f4mes dans le cadre du syst\u00e8me Licence-Master-Doctorat (LMD).<\/p>\n<p>Parall\u00e8lement \u00e0 la formation initiale, l\u2019\u00e9cole organise des <b>cycles en formation continue<\/b>.<\/p>\n<h3>Les grandes dates<\/h3>\n<p>\n<i class=\"fa fa-arrow-right\" aria-hidden=\"true\"><\/i> Le 03 juillet <b>2007<\/b>, l\u2019Ecole Nationale des Sciences Appliqu\u00e9es a \u00e9t\u00e9 cr\u00e9\u00e9e (D\u00e9cret n\u00b0 2.06.624). Elle faisait partie de l\u2019Universit\u00e9 Hassan 1er de Settat et \u00e9tait abrit\u00e9e dans les locaux de l\u2019Ecole du Maghreb Arabe.<br \/>\n<i class=\"fa fa-arrow-right\" aria-hidden=\"true\"><\/i> En f\u00e9vrier <b>2011<\/b>, l\u2019Ecole Nationale des Sciences Appliqu\u00e9es int\u00e8gre ses locaux d\u00e9finitifs sur le site Dakhla.<br \/>\n<i class=\"fa fa-arrow-right\" aria-hidden=\"true\"><\/i> Le 22 mars <b>2012<\/b>, inauguration de l\u2019Ecole Nationale des Sciences Appliqu\u00e9es par Sa Majest\u00e9 le Roi Mohamed VI que Dieu le glorifie.<br \/>\n<i class=\"fa fa-arrow-right\" aria-hidden=\"true\"><\/i> Le 19 avril <b>2018<\/b>, l\u2019Ecole Nationale des Sciences Appliqu\u00e9es a int\u00e9gr\u00e9 l\u2019Universit\u00e9 <b>Sultan Moulay Slimane de B\u00e9ni-Mellal<\/b>, suite \u00e0 la politique du gouvernement qui cherche \u00e0 adapter la carte universitaire au d\u00e9coupage r\u00e9gional (D\u00e9cret n\u00b0 2.18.236).<\/p>\n<\/div>\n\t\t<\/div><\/div><\/div><\/div><\/div><\/div>","protected":false},"excerpt":{"rendered":"<p>L\u2019Ecole Nationale des Sciences Appliqu\u00e9es (ENSA) dispense en formation initiale un enseignement sup\u00e9rieur destin\u00e9 \u00e0 former, principalement, des ing\u00e9nieurs d\u2019\u00e9tat hautement qualifi\u00e9s d\u2019un point de vue scientifique et technique et ce dans diff\u00e9rentes sp\u00e9cialit\u00e9s. Elle fait partie du r\u00e9seau ENSA-Maroc regroupant treize \u00e9coles r\u00e9parties sur tout le territoire marocain. La formation s\u2019\u00e9tale sur cinq ann\u00e9es [&hellip;]<\/p>\n","protected":false},"author":2,"featured_media":0,"parent":0,"menu_order":0,"comment_status":"closed","ping_status":"closed","template":"page-templates\/tpl-pagebuilder.php","meta":{"ngg_post_thumbnail":0,"cybocfi_hide_featured_image":""},"acf":[],"_links":{"self":[{"href":"http:\/\/ensak.usms.ac.ma\/ensak\/wp-json\/wp\/v2\/pages\/1083"}],"collection":[{"href":"http:\/\/ensak.usms.ac.ma\/ensak\/wp-json\/wp\/v2\/pages"}],"about":[{"href":"http:\/\/ensak.usms.ac.ma\/ensak\/wp-json\/wp\/v2\/types\/page"}],"author":[{"embeddable":true,"href":"http:\/\/ensak.usms.ac.ma\/ensak\/wp-json\/wp\/v2\/users\/2"}],"replies":[{"embeddable":true,"href":"http:\/\/ensak.usms.ac.ma\/ensak\/wp-json\/wp\/v2\/comments?post=1083"}],"version-history":[{"count":297,"href":"http:\/\/ensak.usms.ac.ma\/ensak\/wp-json\/wp\/v2\/pages\/1083\/revisions"}],"predecessor-version":[{"id":3653,"href":"http:\/\/ensak.usms.ac.ma\/ensak\/wp-json\/wp\/v2\/pages\/1083\/revisions\/3653"}],"wp:attachment":[{"href":"http:\/\/ensak.usms.ac.ma\/ensak\/wp-json\/wp\/v2\/media?parent=1083"}],"curies":[{"name":"wp","href":"https:\/\/api.w.org\/{rel}","templated":true}]}}